{"id":358117,"date":"2024-10-07T21:05:30","date_gmt":"2024-10-08T01:05:30","guid":{"rendered":"https:\/\/caiready.com\/life-sciences\/sei-pronto\/"},"modified":"2024-12-23T13:27:52","modified_gmt":"2024-12-23T18:27:52","slug":"sei-pronto","status":"publish","type":"page","link":"https:\/\/caiready.com\/life-sciences\/it\/sei-pronto\/","title":{"rendered":"Sei pronto?"},"content":{"rendered":"\n<div class=\"wp-block-redtree-masthead alignfull rt-mt-default rt-mb-default rt-ml-default rt-mr-default rt-pt-default rt-pb-default rt-pl-default rt-pr-default\"><div class=\"wp-block-redtree-masthead--inner alignwide\"><div class=\"wp-block-redtree-masthead--inner--content-container\"><div class=\"wp-block-redtree-masthead--image\"><svg class=\"media-mask\" xmlns=\"http:\/\/www.w3.org\/2000\/svg\" width=\"1088\" height=\"795\" fill=\"none\" viewbox=\"0 7 1088 794\"><defs><mask id=\"hexMask\"><path fill=\"#fff\" d=\"M364 7h40.5l334.556 191.25v432.5L404.5 801h-112L-1 623V197L322.5 7H364z\"><\/path><\/mask><\/defs><image width=\"748\" height=\"802\" href=\"https:\/\/caiready.com\/life-sciences\/wp-content\/uploads\/sites\/2\/2024\/10\/professional-technologist-expert-in-white-uniform-pharmaceutical-or-production-plant.webp\" mask=\"url(#hexMask)\" preserveaspectratio=\"xMidYMid slice\"\/><g filter=\"url(#filter0_d_834_2034)\"><path fill=\"url(#paint0_linear_834_2034)\" d=\"M738.895 199L1080 7H405l333.895 192z\" class=\"geo-2\"><\/path><\/g><g filter=\"url(#filter1_d_834_2034)\"><path fill=\"#031634\" d=\"M0 202V7h334L0 202z\" class=\"geo-1\"><\/path><\/g><g filter=\"url(#filter2_d_834_2034)\"><path fill=\"url(#paint1_linear_834_2034)\" d=\"M0 619l336 182H0V619z\" class=\"geo-3\"><\/path><\/g><defs><filter id=\"filter0_d_834_2034\" width=\"691\" height=\"208\" x=\"397\" y=\"0\" color-interpolation-filters=\"sRGB\" filterunits=\"userSpaceOnUse\"><feflood flood-opacity=\"0\" result=\"BackgroundImageFix\"\/><fecolormatrix in=\"SourceAlpha\" result=\"hardAlpha\" values=\"0 0 0 0 0 0 0 0 0 0 0 0 0 0 0 0 0 0 127 0\"\/><feoffset dy=\"1\"\/><fegaussianblur stddeviation=\"4\"\/><fecomposite in2=\"hardAlpha\" operator=\"out\"\/><fecolormatrix values=\"0 0 0 0 0.0784314 0 0 0 0 0.0784314 0 0 0 0 0.0784314 0 0 0 0.08 0\"\/><feblend in2=\"BackgroundImageFix\" result=\"effect1_dropShadow_834_2034\"\/><feblend in=\"SourceGraphic\" in2=\"effect1_dropShadow_834_2034\" result=\"shape\"\/><\/filter><filter id=\"filter1_d_834_2034\" width=\"350\" height=\"211\" x=\"-8\" y=\"0\" color-interpolation-filters=\"sRGB\" filterunits=\"userSpaceOnUse\"><feflood flood-opacity=\"0\" result=\"BackgroundImageFix\"\/><fecolormatrix in=\"SourceAlpha\" result=\"hardAlpha\" values=\"0 0 0 0 0 0 0 0 0 0 0 0 0 0 0 0 0 0 127 0\"\/><feoffset dy=\"1\"\/><fegaussianblur stddeviation=\"4\"\/><fecomposite in2=\"hardAlpha\" operator=\"out\"\/><fecolormatrix values=\"0 0 0 0 0.0784314 0 0 0 0 0.0784314 0 0 0 0 0.0784314 0 0 0 0.08 0\"\/><feblend in2=\"BackgroundImageFix\" result=\"effect1_dropShadow_834_2034\"\/><feblend in=\"SourceGraphic\" in2=\"effect1_dropShadow_834_2034\" result=\"shape\"\/><\/filter><filter id=\"filter2_d_834_2034\" width=\"352\" height=\"198\" x=\"-8\" y=\"612\" color-interpolation-filters=\"sRGB\" filterunits=\"userSpaceOnUse\"><feflood flood-opacity=\"0\" result=\"BackgroundImageFix\"\/><fecolormatrix in=\"SourceAlpha\" result=\"hardAlpha\" values=\"0 0 0 0 0 0 0 0 0 0 0 0 0 0 0 0 0 0 127 0\"\/><feoffset dy=\"1\"\/><fegaussianblur stddeviation=\"4\"\/><fecomposite in2=\"hardAlpha\" operator=\"out\"\/><fecolormatrix values=\"0 0 0 0 0.0784314 0 0 0 0 0.0784314 0 0 0 0 0.0784314 0 0 0 0.08 0\"\/><feblend in2=\"BackgroundImageFix\" result=\"effect1_dropShadow_834_2034\"\/><feblend in=\"SourceGraphic\" in2=\"effect1_dropShadow_834_2034\" result=\"shape\"\/><\/filter><lineargradient id=\"paint0_linear_834_2034\" x1=\"1080\" x2=\"991.336\" y1=\"7\" y2=\"341.878\" gradientunits=\"userSpaceOnUse\"><stop stop-color=\"#92E070\"\/><stop offset=\"1\" stop-color=\"#02AE5C\"\/><\/lineargradient><lineargradient id=\"paint1_linear_834_2034\" x1=\"274.181\" x2=\"-30.726\" y1=\"751.047\" y2=\"954.67\" gradientunits=\"userSpaceOnUse\"><stop stop-color=\"#92E070\"\/><stop offset=\"1\" stop-color=\"#02AE5C\"\/><\/lineargradient><lineargradient id=\"mc_gradient\" x1=\"1080\" x2=\"991.336\" y1=\"7\" y2=\"341.878\" gradientunits=\"userSpaceOnUse\"><stop stop-color=\"#5F8FFD\"\/><stop offset=\"1\" stop-color=\"#6C34F7\"\/><\/lineargradient><lineargradient id=\"core_gradient\" x1=\"1080\" x2=\"991.336\" y1=\"7\" y2=\"341.878\" gradientunits=\"userSpaceOnUse\"><stop stop-color=\"#188FD2\"\/><stop offset=\"1\" stop-color=\"#50E4E1\"\/><\/lineargradient><\/defs><\/svg><\/div><div class=\"wp-block-redtree-masthead--content\">\n<h1 class=\"wp-block-heading has-gradient-1-color has-text-color has-link-color wp-elements-57c58c92c18094d1355d8cc16e28c987\">Sei pronto?<\/h1>\n\n\n\n<p>Ottimizza la tua prontezza operativa con la nostra esperienza.<\/p>\n\n\n\n<div class=\"wp-block-buttons is-layout-flex wp-block-buttons-is-layout-flex\">\n<div class=\"wp-block-button is-style-outline is-button-arrow rt-button-shape-default is-style-outline--1\"><a class=\"wp-block-button__link has-secondary-background-color has-background wp-element-button\" href=\"\/life-sciences\/operational-readiness-assessment\/\">Partecipa alla valutazione<\/a><\/div>\n<\/div>\n<\/div><\/div><\/div><\/div>\n\n\n\n<div class=\"wp-block-redtree-background alignfull rt-mt-default rt-mb-default rt-ml-default rt-mr-default rt-pt-default rt-pb-default rt-pl-default rt-pr-default\"><div class=\"wp-block-redtree-background--overlay\" style=\"background-color:#f6f6f6\"><\/div><div class=\"wp-block-redtree-background--image\"><\/div><div class=\"wp-block-redtree-background--content\">\n<div class=\"wp-block-redtree-media-content alignwide rt-mt-default rt-mb-default rt-ml-default rt-mr-default rt-pt-default rt-pb-default rt-pl-default rt-pr-default\"><div class=\"wp-block-redtree-media-content--inner media-position--right\" data-type=\"single-media\"><div class=\"wp-block-redtree-media-content--media\"><svg class=\"single-image-mask-lg\" xmlns=\"http:\/\/www.w3.org\/2000\/svg\" width=\"700\" height=\"450\" fill=\"none\" viewbox=\"0 24 700 450\"><defs><mask id=\"img-mask\" width=\"728\" height=\"552\" x=\"0\" y=\"0\" maskunits=\"userSpaceOnUse\"><path fill=\"#fff\" d=\"M479 526.045l225-129.913V23H0v503.045h479z\" class=\"image-mask\"><\/path><\/mask><filter id=\"filter0_d_834_2131\" width=\"752\" height=\"551.045\" x=\"-24\" y=\"0\" color-interpolation-filters=\"sRGB\" filterunits=\"userSpaceOnUse\"><feflood flood-opacity=\"0\" result=\"BackgroundImageFix\"\/><fecolormatrix in=\"SourceAlpha\" result=\"hardAlpha\" values=\"0 0 0 0 0 0 0 0 0 0 0 0 0 0 0 0 0 0 127 0\"\/><feoffset dy=\"1\"\/><fegaussianblur stddeviation=\"12\"\/><fecomposite in2=\"hardAlpha\" operator=\"out\"\/><fecolormatrix values=\"0 0 0 0 0.0784314 0 0 0 0 0.0784314 0 0 0 0 0.0784314 0 0 0 0.08 0\"\/><feblend in2=\"BackgroundImageFix\" result=\"effect1_dropShadow_834_2131\"\/><feblend in=\"SourceGraphic\" in2=\"effect1_dropShadow_834_2131\" result=\"shape\"\/><\/filter><\/defs><g filter=\"url(#filter0_d_834_2131)\"><image width=\"700\" height=\"475\" href=\"https:\/\/caiready.com\/life-sciences\/wp-content\/uploads\/sites\/2\/2024\/09\/life-sciences-man-in-hard-hat.webp\" mask=\"url(#img-mask)\" preserveaspectratio=\"xMidYMid slice\"\/><\/g><\/svg><\/div><div class=\"wp-block-redtree-media-content--content\">\n<h2 class=\"wp-block-heading\">Benvenuti alla revisione della prontezza operativa della CAI<\/h2>\n\n\n\n<p>Supera le notti insonni e le scadenze infinite. La nostra valutazione automatica ottimizza le prestazioni, minimizza i rischi e massimizza la velocit\u00e0 di immissione sul mercato valutando le tue attivit\u00e0 di Assicurazione Qualit\u00e0, Affari Regolatori, Controllo Qualit\u00e0, Operazioni, Sviluppo, Automazione\/IT e Supply Chain. Abbiamo solo una domanda: <em>Sei pronto?&nbsp;<\/em>  <\/p>\n\n\n\n<div class=\"wp-block-buttons is-layout-flex wp-block-buttons-is-layout-flex\">\n<div class=\"wp-block-button is-style-outline is-button-arrow rt-button-shape-default is-style-outline--2\"><a class=\"wp-block-button__link has-secondary-background-color has-background wp-element-button\" href=\"\/life-sciences\/operational-readiness-assessment\/\">Ottieni il tuo punteggio<\/a><\/div>\n<\/div>\n\n\n\n<p><br><\/p>\n<\/div><\/div><\/div>\n<\/div><\/div>\n\n\n\n<div class=\"wp-block-redtree-background alignfull rt-mt-default rt-mb-default rt-ml-default rt-mr-default rt-pt-default rt-pb-default rt-pl-default rt-pr-default\"><div class=\"wp-block-redtree-background--overlay\" style=\"background-color:\"><\/div><div class=\"wp-block-redtree-background--image\"><img decoding=\"async\" src=\"https:\/\/caiready.com\/life-sciences\/wp-content\/uploads\/sites\/2\/2024\/09\/network.webp\" alt=\"\" style=\"opacity:1;left:0%;top:0%\"><\/div><div class=\"wp-block-redtree-background--content\">\n<div data-xl-slides=\"1\" data-lg-slides=\"1\" data-md-slides=\"1\" data-sm-slides=\"1\" data-xs-slides=\"1\" data-show-dots=\"false\" data-show-arrows=\"true\" class=\"wp-block-redtree-slider alignwide rt-mt-default rt-mb-default rt-ml-default rt-mr-default rt-pt-md rt-pb-sm rt-pl-default rt-pr-default\"><div class=\"wp-block-redtree-slider--inner embla\"><div class=\"wp-block-redtree-slider--inner--controls embla__controls\"><div class=\"wp-block-redtree-slider--inner--controls--title\"><h2>Testimonianze di valutazione<\/h2><\/div><div class=\"wp-block-redtree-slider--inner--controls--buttons embla__controls--buttons embla__buttons\"><button class=\"wp-block-redtree-slider--inner--controls--buttons--button embla__button embla__button--prev\" type=\"button\"><svg xmlns=\"http:\/\/www.w3.org\/2000\/svg\" width=\"11\" height=\"18\" fill=\"none\" viewbox=\"0 0 11 18\"><path fill=\"#5B4C91\" d=\"M.278 8.677l7.7-7.7a.95.95 0 011.345 0l.899.898c.37.37.37.971.001 1.343L4.121 9.349l6.102 6.131c.37.372.37.973-.002 1.343l-.898.898a.951.951 0 01-1.344 0l-7.7-7.7a.95.95 0 010-1.344z\" class=\"chevron-icon\"><\/path><\/svg><\/button><button class=\"wp-block-redtree-slider--inner--controls--buttons--button embla__button embla__button--next\" type=\"button\"><svg xmlns=\"http:\/\/www.w3.org\/2000\/svg\" width=\"11\" height=\"18\" fill=\"none\" viewbox=\"0 0 11 18\"><path fill=\"#5B4C91\" d=\"M.278 8.677l7.7-7.7a.95.95 0 011.345 0l.899.898c.37.37.37.971.001 1.343L4.121 9.349l6.102 6.131c.37.372.37.973-.002 1.343l-.898.898a.951.951 0 01-1.344 0l-7.7-7.7a.95.95 0 010-1.344z\" class=\"chevron-icon\"><\/path><\/svg><\/button><\/div><\/div><div class=\"wp-block-redtree-slider--inner--viewport embla__viewport\"><div class=\"wp-block-redtree-slider--inner--viewport--container embla__container\">\n<div class=\"wp-block-redtree-slide embla__slide rt-mt-default rt-mb-default rt-ml-default rt-mr-default rt-pt-default rt-pb-default rt-pl-default rt-pr-default\">\n<div class=\"wp-block-redtree-standard-card is-style-style-1 rt-mt-default rt-mb-default rt-ml-default rt-mr-default rt-pt-default rt-pb-default rt-pl-default rt-pr-default\"><div class=\"rt-standard-card\" data-card-mask=\"true\"><div class=\"rt-standard-card--background\" style=\"background-color:;opacity:1\"><\/div><div class=\"rt-standard-card--content-container\">\n<p class=\"has-text-align-center h3 has-gradient-1-color has-text-color has-link-color wp-elements-f28c6755e557f05cc299172abe2c2ae1\" style=\"text-transform:none\">&#8220;I nostri team sono sempre stati di alto livello, ma oggi abbiamo imparato a consegnare progetti pronti per il mercato&#8221;.<\/p>\n\n\n\n<p class=\"has-text-align-center\">Responsabile commerciale, Nuovi prodotti farmaceutici<\/p>\n<\/div><\/div><\/div>\n<\/div>\n\n\n\n<div class=\"wp-block-redtree-slide embla__slide rt-mt-default rt-mb-default rt-ml-default rt-mr-default rt-pt-default rt-pb-default rt-pl-default rt-pr-default\">\n<div class=\"wp-block-redtree-standard-card is-style-style-1 rt-mt-default rt-mb-default rt-ml-default rt-mr-default rt-pt-default rt-pb-default rt-pl-default rt-pr-default\"><div class=\"rt-standard-card\" data-card-mask=\"true\"><div class=\"rt-standard-card--background\" style=\"background-color:;opacity:1\"><\/div><div class=\"rt-standard-card--content-container\">\n<p class=\"has-text-align-center h3 has-gradient-1-color has-text-color has-link-color wp-elements-385deee178fca2f62803bce0854c587e\" style=\"text-transform:none\">&#8220;Oggi siamo pi\u00f9 saggi e sappiamo che la Prontezza Operativa pu\u00f2 aiutarci a soddisfare la domanda del mercato, a ridurre i costi delle merci e a rendere le nostre strutture un posto migliore per i nostri operatori&#8221;.<\/p>\n\n\n\n<p class=\"has-text-align-center\">Direttore di produzione<\/p>\n<\/div><\/div><\/div>\n<\/div>\n\n\n\n<div class=\"wp-block-redtree-slide embla__slide rt-mt-default rt-mb-default rt-ml-default rt-mr-default rt-pt-default rt-pb-default rt-pl-default rt-pr-default\">\n<div class=\"wp-block-redtree-standard-card is-style-style-1 rt-mt-default rt-mb-default rt-ml-default rt-mr-default rt-pt-default rt-pb-default rt-pl-default rt-pr-default\"><div class=\"rt-standard-card\" data-card-mask=\"true\"><div class=\"rt-standard-card--background\" style=\"background-color:;opacity:1\"><\/div><div class=\"rt-standard-card--content-container\">\n<p class=\"has-text-align-center h3 has-gradient-1-color has-text-color has-link-color wp-elements-6fa424e19975ccb3dd6cff172b1fbc6f\" style=\"text-transform:none\">&#8220;CAI ha svolto un lavoro eccezionale, soprattutto per quanto riguarda la gestione dell&#8217;ambito aggiuntivo all&#8217;interno del contratto originale.&nbsp; CAI ha anche fatto un ottimo lavoro nel gestire i picchi e le cadute del carico di lavoro per mantenere tutto in linea con i tempi previsti&#8221;.<\/p>\n<\/div><\/div><\/div>\n<\/div>\n<\/div><\/div><\/div><\/div>\n<\/div><\/div>\n\n\n\n<div class=\"wp-block-redtree-media-content alignwide undefined rt-mt-default rt-mb-default rt-ml-default rt-mr-default rt-pt-md rt-pb-default rt-pl-default rt-pr-default\"><div class=\"wp-block-redtree-media-content--inner media-position--right\" data-type=\"double-media\"><div class=\"wp-block-redtree-media-content--media\"><svg xmlns=\"http:\/\/www.w3.org\/2000\/svg\" width=\"888\" height=\"858\" fill=\"none\" viewbox=\"0 0 888 850\"><defs><mask id=\"img-mask-1\" width=\"888\" height=\"858\" x=\"0\" y=\"0\" maskunits=\"userSpaceOnUse\"><path fill=\"#fff\" d=\"M148.523 255l149.5 87-.614 170-148.886 86L0 512.25v-171.5L148.523 255z\" class=\"image-mask-1\"><\/path><\/mask><mask id=\"img-mask-2\" width=\"888\" height=\"858\" x=\"0\" y=\"0\" maskunits=\"userSpaceOnUse\"><path fill=\"#fff\" d=\"M592.523 175l295.748 170.75v341.5L592.523 858 296.776 687.25l.633-175.25.614-170 294.5-167z\" class=\"image-mask-2\"><\/path><\/mask><\/defs><image width=\"300\" height=\"350\" y=\"250\" href=\"https:\/\/caiready.com\/life-sciences\/wp-content\/uploads\/sites\/2\/2024\/09\/1000-f-869550177-ophbhxorpxcgrypqsjewl3p6ko4tqdnj.webp\" mask=\"url(#img-mask-1)\" preserveaspectratio=\"xMidYMid slice\"\/><image width=\"585\" height=\"685\" x=\"296\" y=\"174\" href=\"https:\/\/caiready.com\/life-sciences\/wp-content\/uploads\/sites\/2\/2024\/09\/woman-in-labcoat.webp\" mask=\"url(#img-mask-2)\" preserveaspectratio=\"xMidYMid slice\"\/><path class=\"geo-1\" fill=\"#92E070\" d=\"M148.023 255.5L.273 340.804V170.197l147.75 85.303zM148.523 598l148.886-86-.633 175.25L148.523 598z\"><\/path><path class=\"geo-4\" fill=\"#04204E\" d=\"M296.776 856V687.25L26 856h270.776z\"><\/path><path class=\"geo-2\" fill=\"#02AE5C\" d=\"M296.776 856V687.25L591.523 858l-294.747-2z\"><\/path><path class=\"geo-3\" fill=\"url(#paint0_linear_1129_551)\" d=\"M298.023 0l-298 171 298 171 294.5-167-294.5-175z\"><\/path><lineargradient id=\"paint0_linear_1129_551\" x1=\"888.271\" x2=\"92.084\" y1=\"858\" y2=\"-27.541\" gradientunits=\"userSpaceOnUse\"><stop stop-color=\"#92E070\"\/><stop offset=\"1\" stop-color=\"#02AE5C\"\/><\/lineargradient><\/svg><\/div><div class=\"wp-block-redtree-media-content--content\">\n<h2 class=\"wp-block-heading has-text-color has-link-color wp-elements-c47f7001a6110157566550f8b0916240\" style=\"color:#1d7a43\">Prontezza operativa in tre fasi<\/h2>\n\n\n\n<p>Sblocca la preparazione accelerata e l&#8217;eccellenza operativa in tre semplici passi:<\/p>\n\n\n\n<p class=\"has-primary-color has-text-color has-link-color wp-elements-bf0973b11f72f5d04fba4b2039daa12f\" style=\"font-style:normal;font-weight:600\">1. Prendi la valutazione<\/p>\n\n\n\n<p>Prenditi cinque minuti per rispondere alle domande sui tuoi attuali piani aziendali, sulla tua prontezza operativa, sulla tua tecnologia e sulle tue capacit\u00e0.<\/p>\n\n\n\n<p class=\"has-primary-color has-text-color has-link-color wp-elements-ab843746517a69e1198d322e23dfb660\" style=\"font-style:normal;font-weight:600\">2. Ottieni il tuo punteggio<\/p>\n\n\n\n<p>Accedi al tuo punteggio di valutazione operativa derivato dalle tue risposte e illustrato in un diagramma a ragno dettagliato.<\/p>\n\n\n\n<p class=\"has-primary-color has-text-color has-link-color wp-elements-52dcb3a10180fe0f134c046c81cfb956\" style=\"font-style:normal;font-weight:600\">3. Leggi il tuo rapporto<\/p>\n\n\n\n<p>Esamina il tuo report personalizzato, ricco di raccomandazioni testate sul campo che ti aiuteranno a raggiungere la vera Prontezza Operativa.<br><\/p>\n\n\n\n<div class=\"wp-block-buttons is-layout-flex wp-block-buttons-is-layout-flex\">\n<div class=\"wp-block-button is-style-outline is-button-arrow rt-button-shape-default is-style-outline--3\"><a class=\"wp-block-button__link has-secondary-background-color has-background wp-element-button\" href=\"\/life-sciences\/operational-readiness-assessment\/\">Sono pronto<\/a><\/div>\n<\/div>\n<\/div><\/div><\/div>\n","protected":false},"excerpt":{"rendered":"","protected":false},"author":1,"featured_media":0,"parent":0,"menu_order":0,"comment_status":"closed","ping_status":"closed","template":"","meta":{"_acf_changed":false,"footnotes":""},"class_list":["post-358117","page","type-page","status-publish","hentry"],"acf":[],"featured_image_src":null,"featured_image_src_square":null,"_links":{"self":[{"href":"https:\/\/caiready.com\/life-sciences\/it\/wp-json\/wp\/v2\/pages\/358117","targetHints":{"allow":["GET"]}}],"collection":[{"href":"https:\/\/caiready.com\/life-sciences\/it\/wp-json\/wp\/v2\/pages"}],"about":[{"href":"https:\/\/caiready.com\/life-sciences\/it\/wp-json\/wp\/v2\/types\/page"}],"author":[{"embeddable":true,"href":"https:\/\/caiready.com\/life-sciences\/it\/wp-json\/wp\/v2\/users\/1"}],"replies":[{"embeddable":true,"href":"https:\/\/caiready.com\/life-sciences\/it\/wp-json\/wp\/v2\/comments?post=358117"}],"version-history":[{"count":0,"href":"https:\/\/caiready.com\/life-sciences\/it\/wp-json\/wp\/v2\/pages\/358117\/revisions"}],"wp:attachment":[{"href":"https:\/\/caiready.com\/life-sciences\/it\/wp-json\/wp\/v2\/media?parent=358117"}],"curies":[{"name":"wp","href":"https:\/\/api.w.org\/{rel}","templated":true}]}}