{"id":358120,"date":"2024-10-07T21:05:30","date_gmt":"2024-10-08T01:05:30","guid":{"rendered":"https:\/\/caiready.com\/life-sciences\/software-digital-twin\/"},"modified":"2024-12-23T13:28:05","modified_gmt":"2024-12-23T18:28:05","slug":"software-digital-twin","status":"publish","type":"page","link":"https:\/\/caiready.com\/life-sciences\/es\/software-digital-twin\/","title":{"rendered":"Software Digital Twin"},"content":{"rendered":"\n<div class=\"wp-block-redtree-masthead alignfull rt-mt-default rt-mb-default rt-ml-default rt-mr-default rt-pt-default rt-pb-default rt-pl-default rt-pr-default\"><div class=\"wp-block-redtree-masthead--inner alignwide\"><div class=\"wp-block-redtree-masthead--inner--content-container\"><div class=\"wp-block-redtree-masthead--image\"><svg class=\"media-mask\" xmlns=\"http:\/\/www.w3.org\/2000\/svg\" width=\"1088\" height=\"795\" fill=\"none\" viewbox=\"0 7 1088 794\"><defs><mask id=\"hexMask\"><path fill=\"#fff\" d=\"M364 7h40.5l334.556 191.25v432.5L404.5 801h-112L-1 623V197L322.5 7H364z\"><\/path><\/mask><\/defs><image width=\"748\" height=\"802\" href=\"https:\/\/caiready.com\/life-sciences\/wp-content\/uploads\/sites\/2\/2024\/09\/woman-working-in-tech-min-fotor-20240905121732-1024x1024.webp\" mask=\"url(#hexMask)\" preserveaspectratio=\"xMidYMid slice\"\/><g filter=\"url(#filter0_d_834_2034)\"><path fill=\"url(#paint0_linear_834_2034)\" d=\"M738.895 199L1080 7H405l333.895 192z\" class=\"geo-2\"><\/path><\/g><g filter=\"url(#filter1_d_834_2034)\"><path fill=\"#031634\" d=\"M0 202V7h334L0 202z\" class=\"geo-1\"><\/path><\/g><g filter=\"url(#filter2_d_834_2034)\"><path fill=\"url(#paint1_linear_834_2034)\" d=\"M0 619l336 182H0V619z\" class=\"geo-3\"><\/path><\/g><defs><filter id=\"filter0_d_834_2034\" width=\"691\" height=\"208\" x=\"397\" y=\"0\" color-interpolation-filters=\"sRGB\" filterunits=\"userSpaceOnUse\"><feflood flood-opacity=\"0\" result=\"BackgroundImageFix\"\/><fecolormatrix in=\"SourceAlpha\" result=\"hardAlpha\" values=\"0 0 0 0 0 0 0 0 0 0 0 0 0 0 0 0 0 0 127 0\"\/><feoffset dy=\"1\"\/><fegaussianblur stddeviation=\"4\"\/><fecomposite in2=\"hardAlpha\" operator=\"out\"\/><fecolormatrix values=\"0 0 0 0 0.0784314 0 0 0 0 0.0784314 0 0 0 0 0.0784314 0 0 0 0.08 0\"\/><feblend in2=\"BackgroundImageFix\" result=\"effect1_dropShadow_834_2034\"\/><feblend in=\"SourceGraphic\" in2=\"effect1_dropShadow_834_2034\" result=\"shape\"\/><\/filter><filter id=\"filter1_d_834_2034\" width=\"350\" height=\"211\" x=\"-8\" y=\"0\" color-interpolation-filters=\"sRGB\" filterunits=\"userSpaceOnUse\"><feflood flood-opacity=\"0\" result=\"BackgroundImageFix\"\/><fecolormatrix in=\"SourceAlpha\" result=\"hardAlpha\" values=\"0 0 0 0 0 0 0 0 0 0 0 0 0 0 0 0 0 0 127 0\"\/><feoffset dy=\"1\"\/><fegaussianblur stddeviation=\"4\"\/><fecomposite in2=\"hardAlpha\" operator=\"out\"\/><fecolormatrix values=\"0 0 0 0 0.0784314 0 0 0 0 0.0784314 0 0 0 0 0.0784314 0 0 0 0.08 0\"\/><feblend in2=\"BackgroundImageFix\" result=\"effect1_dropShadow_834_2034\"\/><feblend in=\"SourceGraphic\" in2=\"effect1_dropShadow_834_2034\" result=\"shape\"\/><\/filter><filter id=\"filter2_d_834_2034\" width=\"352\" height=\"198\" x=\"-8\" y=\"612\" color-interpolation-filters=\"sRGB\" filterunits=\"userSpaceOnUse\"><feflood flood-opacity=\"0\" result=\"BackgroundImageFix\"\/><fecolormatrix in=\"SourceAlpha\" result=\"hardAlpha\" values=\"0 0 0 0 0 0 0 0 0 0 0 0 0 0 0 0 0 0 127 0\"\/><feoffset dy=\"1\"\/><fegaussianblur stddeviation=\"4\"\/><fecomposite in2=\"hardAlpha\" operator=\"out\"\/><fecolormatrix values=\"0 0 0 0 0.0784314 0 0 0 0 0.0784314 0 0 0 0 0.0784314 0 0 0 0.08 0\"\/><feblend in2=\"BackgroundImageFix\" result=\"effect1_dropShadow_834_2034\"\/><feblend in=\"SourceGraphic\" in2=\"effect1_dropShadow_834_2034\" result=\"shape\"\/><\/filter><lineargradient id=\"paint0_linear_834_2034\" x1=\"1080\" x2=\"991.336\" y1=\"7\" y2=\"341.878\" gradientunits=\"userSpaceOnUse\"><stop stop-color=\"#92E070\"\/><stop offset=\"1\" stop-color=\"#02AE5C\"\/><\/lineargradient><lineargradient id=\"paint1_linear_834_2034\" x1=\"274.181\" x2=\"-30.726\" y1=\"751.047\" y2=\"954.67\" gradientunits=\"userSpaceOnUse\"><stop stop-color=\"#92E070\"\/><stop offset=\"1\" stop-color=\"#02AE5C\"\/><\/lineargradient><lineargradient id=\"mc_gradient\" x1=\"1080\" x2=\"991.336\" y1=\"7\" y2=\"341.878\" gradientunits=\"userSpaceOnUse\"><stop stop-color=\"#5F8FFD\"\/><stop offset=\"1\" stop-color=\"#6C34F7\"\/><\/lineargradient><lineargradient id=\"core_gradient\" x1=\"1080\" x2=\"991.336\" y1=\"7\" y2=\"341.878\" gradientunits=\"userSpaceOnUse\"><stop stop-color=\"#188FD2\"\/><stop offset=\"1\" stop-color=\"#50E4E1\"\/><\/lineargradient><\/defs><\/svg><\/div><div class=\"wp-block-redtree-masthead--content\">\n<h1 class=\"wp-block-heading has-gradient-1-color has-text-color has-link-color wp-elements-020ef814b994e8df9c682d18cf8b9ac6\">La tecnolog\u00eda de tu gemelo digital<\/h1>\n\n\n\n<h3 class=\"wp-block-heading has-core-dark-1-color has-text-color has-link-color wp-elements-81af29a8dc72c8312f35b59479b8fe20\" style=\"font-style:normal;font-weight:500\">Revoluciona tus operaciones y la toma de decisiones<\/h3>\n<\/div><\/div><\/div><\/div>\n\n\n\n<div class=\"wp-block-redtree-background alignfull rt-mt-default rt-mb-default rt-ml-default rt-mr-default rt-pt-default rt-pb-default rt-pl-default rt-pr-default\"><div class=\"wp-block-redtree-background--overlay\" style=\"background-color:#f6f6f6\"><\/div><div class=\"wp-block-redtree-background--image\"><\/div><div class=\"wp-block-redtree-background--content\">\n<div style=\"height:100px\" aria-hidden=\"true\" class=\"wp-block-spacer\"><\/div>\n\n\n\n<div class=\"wp-block-group alignwide is-layout-constrained wp-block-group-is-layout-constrained\">\n<h2 class=\"wp-block-heading\">Accede al poder del gemelo digital<\/h2>\n\n\n\n<p>Las instalaciones de Ciencias de la Vida son redes complejas, pero nuestro software de gemelos digitales crea simplicidad desarrollando modelos 3D de tus espacios f\u00edsicos y generando flujos de datos en tiempo real desde cada ubicaci\u00f3n.<\/p>\n<\/div>\n\n\n\n<div data-xl-slides=\"2\" data-lg-slides=\"2\" data-md-slides=\"2\" data-sm-slides=\"2\" data-xs-slides=\"1\" data-show-dots=\"false\" data-show-arrows=\"true\" class=\"wp-block-redtree-slider alignwide rt-mt-default rt-mb-default rt-ml-default rt-mr-default rt-pt-none rt-pb-sm rt-pl-default rt-pr-default\"><div class=\"wp-block-redtree-slider--inner embla\"><div class=\"wp-block-redtree-slider--inner--controls embla__controls\"><div class=\"wp-block-redtree-slider--inner--controls--buttons embla__controls--buttons embla__buttons\"><button class=\"wp-block-redtree-slider--inner--controls--buttons--button embla__button embla__button--prev\" type=\"button\"><svg xmlns=\"http:\/\/www.w3.org\/2000\/svg\" width=\"11\" height=\"18\" fill=\"none\" viewbox=\"0 0 11 18\"><path fill=\"#5B4C91\" d=\"M.278 8.677l7.7-7.7a.95.95 0 011.345 0l.899.898c.37.37.37.971.001 1.343L4.121 9.349l6.102 6.131c.37.372.37.973-.002 1.343l-.898.898a.951.951 0 01-1.344 0l-7.7-7.7a.95.95 0 010-1.344z\" class=\"chevron-icon\"><\/path><\/svg><\/button><button class=\"wp-block-redtree-slider--inner--controls--buttons--button embla__button embla__button--next\" type=\"button\"><svg xmlns=\"http:\/\/www.w3.org\/2000\/svg\" width=\"11\" height=\"18\" fill=\"none\" viewbox=\"0 0 11 18\"><path fill=\"#5B4C91\" d=\"M.278 8.677l7.7-7.7a.95.95 0 011.345 0l.899.898c.37.37.37.971.001 1.343L4.121 9.349l6.102 6.131c.37.372.37.973-.002 1.343l-.898.898a.951.951 0 01-1.344 0l-7.7-7.7a.95.95 0 010-1.344z\" class=\"chevron-icon\"><\/path><\/svg><\/button><\/div><\/div><div class=\"wp-block-redtree-slider--inner--viewport embla__viewport\"><div class=\"wp-block-redtree-slider--inner--viewport--container embla__container\">\n<div class=\"wp-block-redtree-slide embla__slide rt-mt-default rt-mb-default rt-ml-default rt-mr-default rt-pt-default rt-pb-default rt-pl-default rt-pr-default\">\n<div class=\"wp-block-redtree-standard-card is-style-style-1 rt-mt-default rt-mb-default rt-ml-default rt-mr-default rt-pt-default rt-pb-default rt-pl-default rt-pr-default\"><div class=\"rt-standard-card\"><div class=\"rt-standard-card--background\" style=\"background-color:;opacity:1\"><\/div><div class=\"rt-standard-card--content-container\">\n<h3 class=\"wp-block-heading\">Colaboraci\u00f3n racionalizada<\/h3>\n\n\n\n<p class=\"has-small-font-size\">Colabora con equipos y contratistas a trav\u00e9s del mismo gemelo digital, dando lugar a comunicaciones claras.<\/p>\n<\/div><\/div><\/div>\n<\/div>\n\n\n\n<div class=\"wp-block-redtree-slide embla__slide rt-mt-default rt-mb-default rt-ml-default rt-mr-default rt-pt-default rt-pb-default rt-pl-default rt-pr-default\">\n<div class=\"wp-block-redtree-standard-card is-style-style-1 rt-mt-default rt-mb-default rt-ml-default rt-mr-default rt-pt-default rt-pb-default rt-pl-default rt-pr-default\"><div class=\"rt-standard-card\"><div class=\"rt-standard-card--background\" style=\"background-color:;opacity:1\"><\/div><div class=\"rt-standard-card--content-container\">\n<h3 class=\"wp-block-heading\">Ahorro de costes y tiempo<\/h3>\n\n\n\n<p class=\"has-small-font-size\">Identifica preventivamente los problemas para reducir dr\u00e1sticamente el tiempo de inactividad, las reparaciones de emergencia y la asignaci\u00f3n ineficiente de recursos.<\/p>\n<\/div><\/div><\/div>\n<\/div>\n\n\n\n<div class=\"wp-block-redtree-slide embla__slide rt-mt-default rt-mb-default rt-ml-default rt-mr-default rt-pt-default rt-pb-default rt-pl-default rt-pr-default\">\n<div class=\"wp-block-redtree-standard-card is-style-style-1 rt-mt-default rt-mb-default rt-ml-default rt-mr-default rt-pt-default rt-pb-default rt-pl-default rt-pr-default\"><div class=\"rt-standard-card\"><div class=\"rt-standard-card--background\" style=\"background-color:;opacity:1\"><\/div><div class=\"rt-standard-card--content-container\">\n<h3 class=\"wp-block-heading\">Visualizaciones inmersivas<\/h3>\n\n\n\n<p class=\"has-small-font-size\">Explora a distancia cada detalle de tus instalaciones, identificando posibles problemas y mejoras.<\/p>\n<\/div><\/div><\/div>\n<\/div>\n\n\n\n<div class=\"wp-block-redtree-slide embla__slide rt-mt-default rt-mb-default rt-ml-default rt-mr-default rt-pt-default rt-pb-default rt-pl-default rt-pr-default\">\n<div class=\"wp-block-redtree-standard-card is-style-style-1 rt-mt-default rt-mb-default rt-ml-default rt-mr-default rt-pt-default rt-pb-default rt-pl-default rt-pr-default\"><div class=\"rt-standard-card\"><div class=\"rt-standard-card--background\" style=\"background-color:;opacity:1\"><\/div><div class=\"rt-standard-card--content-container\">\n<h3 class=\"wp-block-heading\">Captura precisa de datos<\/h3>\n\n\n\n<p class=\"has-small-font-size\">Utiliza el escaneado avanzado para obtener medidas exactas, eliminando los m\u00e9todos manuales y los planos anticuados.<\/p>\n<\/div><\/div><\/div>\n<\/div>\n\n\n\n<div class=\"wp-block-redtree-slide embla__slide rt-mt-default rt-mb-default rt-ml-default rt-mr-default rt-pt-default rt-pb-default rt-pl-default rt-pr-default\">\n<div class=\"wp-block-redtree-standard-card is-style-style-1 rt-mt-default rt-mb-default rt-ml-default rt-mr-default rt-pt-default rt-pb-default rt-pl-default rt-pr-default\"><div class=\"rt-standard-card\"><div class=\"rt-standard-card--background\" style=\"background-color:;opacity:1\"><\/div><div class=\"rt-standard-card--content-container\">\n<h3 class=\"wp-block-heading\">Gesti\u00f3n integral de activos<\/h3>\n\n\n\n<p class=\"has-small-font-size\">Supervisa los equipos y la infraestructura, agilizando el mantenimiento y reduciendo el tiempo de inactividad.<\/p>\n<\/div><\/div><\/div>\n<\/div>\n\n\n\n<div class=\"wp-block-redtree-slide embla__slide rt-mt-default rt-mb-default rt-ml-default rt-mr-default rt-pt-default rt-pb-default rt-pl-default rt-pr-default\">\n<div class=\"wp-block-redtree-standard-card is-style-style-1 rt-mt-default rt-mb-default rt-ml-default rt-mr-default rt-pt-default rt-pb-default rt-pl-default rt-pr-default\"><div class=\"rt-standard-card\"><div class=\"rt-standard-card--background\" style=\"background-color:;opacity:1\"><\/div><div class=\"rt-standard-card--content-container\">\n<h3 class=\"wp-block-heading\">Evaluaci\u00f3n de riesgos y planificaci\u00f3n de emergencias<\/h3>\n\n\n\n<p class=\"has-small-font-size\">Simula escenarios de evaluaci\u00f3n de riesgos y planificaci\u00f3n de emergencias para mejorar los protocolos de seguridad.<\/p>\n<\/div><\/div><\/div>\n<\/div>\n<\/div><\/div><\/div><\/div>\n<\/div><\/div>\n\n\n\n<div class=\"wp-block-redtree-grid-layout alignwide rt-mt-default rt-mb-default rt-ml-default rt-mr-default rt-pt-lg rt-pb-lg rt-pl-default rt-pr-default\"><div class=\"rt-12-column-grid\">\n<div data-xl-column-start=\"0\" data-xl-column-end=\"4\" data-lg-column-start=\"0\" data-lg-column-end=\"4\" data-md-column-start=\"0\" data-md-column-end=\"12\" data-sm-column-start=\"0\" data-sm-column-end=\"12\" data-xs-column-start=\"0\" data-xs-column-end=\"12\" data-xl-row-start=\"0\" data-xl-row-end=\"0\" data-lg-row-start=\"0\" data-lg-row-end=\"0\" data-md-row-start=\"0\" data-md-row-end=\"0\" data-sm-row-start=\"0\" data-sm-row-end=\"0\" data-xs-row-start=\"0\" data-xs-row-end=\"0\" data-vertical-align=\"top\" class=\"wp-block-redtree-grid-layout-column rt-mt-default rt-mb-default rt-ml-default rt-mr-default rt-pt-default rt-pb-default rt-pl-default rt-pr-xsm\"><div class=\"wp-block-redtree-grid-layout-column--inner\">\n<h2 class=\"wp-block-heading has-text-color has-link-color wp-elements-c5f04d85be51a805b2d64e0424569c88\" id=\"partnerships\" style=\"color:#1d7a43\">Impulsado por las Asociaciones<\/h2>\n\n\n\n<p>Nuestras capacidades de gemelo digital est\u00e1n impulsadas por s\u00f3lidas asociaciones con l\u00edderes del sector.<\/p>\n\n\n\n<div class=\"wp-block-buttons is-layout-flex wp-block-buttons-is-layout-flex\">\n<div class=\"wp-block-button is-style-outline is-button-arrow rt-button-shape-default is-style-outline--1\"><a class=\"wp-block-button__link has-secondary-background-color has-background wp-element-button\" href=\"\/contact\/\">Eleva tu toma de decisiones<\/a><\/div>\n<\/div>\n<\/div><\/div>\n\n\n\n<div data-xl-column-start=\"0\" data-xl-column-end=\"4\" data-lg-column-start=\"0\" data-lg-column-end=\"4\" data-md-column-start=\"0\" data-md-column-end=\"6\" data-sm-column-start=\"0\" data-sm-column-end=\"6\" data-xs-column-start=\"0\" data-xs-column-end=\"12\" data-xl-row-start=\"0\" data-xl-row-end=\"0\" data-lg-row-start=\"0\" data-lg-row-end=\"0\" data-md-row-start=\"0\" data-md-row-end=\"0\" data-sm-row-start=\"0\" data-sm-row-end=\"0\" data-xs-row-start=\"0\" data-xs-row-end=\"0\" data-vertical-align=\"top\" class=\"wp-block-redtree-grid-layout-column rt-mt-default rt-mb-default rt-ml-default rt-mr-default rt-pt-default rt-pb-default rt-pl-default rt-pr-default\"><div class=\"wp-block-redtree-grid-layout-column--inner\">\n<div class=\"wp-block-redtree-standard-card is-style-default rt-mt-default rt-mb-default rt-ml-default rt-mr-default rt-pt-default rt-pb-default rt-pl-default rt-pr-default\"><div class=\"rt-standard-card\"><div class=\"rt-standard-card--background\" style=\"background-color:;opacity:1\"><\/div><div class=\"rt-standard-card--image-container\" data-with-mask=\"true\"><img decoding=\"async\" src=\"https:\/\/caiready.com\/life-sciences\/wp-content\/uploads\/sites\/2\/2024\/09\/machine-filling-green-tubes.webp\" alt=\"\" style=\"opacity:1\"><\/div><div class=\"rt-standard-card--content-container\">\n<h3 class=\"wp-block-heading\">NavVis y Prevu3D<\/h3>\n\n\n\n<p>Nuestra potente combinaci\u00f3n de tecnolog\u00eda de gemelos digitales NavVis y Prevu3D da como resultado algoritmos de \u00faltima generaci\u00f3n que cotejan datos de sensores IoT para crear r\u00e9plicas digitales fieles a la realidad de tus instalaciones y procesos.<\/p>\n<\/div><\/div><\/div>\n<\/div><\/div>\n\n\n\n<div data-xl-column-start=\"0\" data-xl-column-end=\"4\" data-lg-column-start=\"0\" data-lg-column-end=\"4\" data-md-column-start=\"0\" data-md-column-end=\"6\" data-sm-column-start=\"0\" data-sm-column-end=\"6\" data-xs-column-start=\"0\" data-xs-column-end=\"12\" data-xl-row-start=\"0\" data-xl-row-end=\"0\" data-lg-row-start=\"0\" data-lg-row-end=\"0\" data-md-row-start=\"0\" data-md-row-end=\"0\" data-sm-row-start=\"0\" data-sm-row-end=\"0\" data-xs-row-start=\"0\" data-xs-row-end=\"0\" data-vertical-align=\"top\" class=\"wp-block-redtree-grid-layout-column rt-mt-default rt-mb-default rt-ml-default rt-mr-default rt-pt-default rt-pb-default rt-pl-default rt-pr-default\"><div class=\"wp-block-redtree-grid-layout-column--inner\">\n<div class=\"wp-block-redtree-standard-card is-style-default rt-mt-default rt-mb-default rt-ml-default rt-mr-default rt-pt-default rt-pb-default rt-pl-default rt-pr-default\"><div class=\"rt-standard-card\"><div class=\"rt-standard-card--background\" style=\"background-color:;opacity:1\"><\/div><div class=\"rt-standard-card--image-container\" data-with-mask=\"true\"><img decoding=\"async\" src=\"https:\/\/caiready.com\/life-sciences\/wp-content\/uploads\/sites\/2\/2024\/09\/woman-in-labcoat.webp\" alt=\"\" style=\"opacity:1\"><\/div><div class=\"rt-standard-card--content-container\">\n<h3 class=\"wp-block-heading\">Taqtile<\/h3>\n\n\n\n<p>Las Instrucciones de Trabajo Digitales de Taqtile proporcionan a los trabajadores que se desplazan acceso instant\u00e1neo a conocimientos e instrucciones escritas mediante el poder de la realidad aumentada, lo que se traduce en una mayor eficacia operativa y comportamientos correctos a la primera.&nbsp;<\/p>\n<\/div><\/div><\/div>\n<\/div><\/div>\n\n\n\n<div data-xl-column-start=\"5\" data-xl-column-end=\"8\" data-lg-column-start=\"0\" data-lg-column-end=\"4\" data-md-column-start=\"0\" data-md-column-end=\"6\" data-sm-column-start=\"0\" data-sm-column-end=\"6\" data-xs-column-start=\"0\" data-xs-column-end=\"12\" data-xl-row-start=\"0\" data-xl-row-end=\"0\" data-lg-row-start=\"0\" data-lg-row-end=\"0\" data-md-row-start=\"0\" data-md-row-end=\"0\" data-sm-row-start=\"0\" data-sm-row-end=\"0\" data-xs-row-start=\"0\" data-xs-row-end=\"0\" data-vertical-align=\"top\" class=\"wp-block-redtree-grid-layout-column rt-mt-default rt-mb-default rt-ml-default rt-mr-default rt-pt-default rt-pb-default rt-pl-default rt-pr-default\"><div class=\"wp-block-redtree-grid-layout-column--inner\">\n<div class=\"wp-block-redtree-standard-card is-style-default rt-mt-default rt-mb-default rt-ml-default rt-mr-default rt-pt-default rt-pb-default rt-pl-default rt-pr-default\"><div class=\"rt-standard-card\"><div class=\"rt-standard-card--background\" style=\"background-color:;opacity:1\"><\/div><div class=\"rt-standard-card--content-container\">\n<h3 class=\"wp-block-heading\">Aterrizaje AI\u2122<\/h3>\n\n\n\n<p>Nuestra colaboraci\u00f3n con Landing AI\u2122 nos permite aprovechar la inteligencia artificial para empresas con conjuntos de datos limitados, acelerando las ideas de desarrollo desde la prueba de concepto hasta la producci\u00f3n a gran escala.<\/p>\n<\/div><\/div><\/div>\n<\/div><\/div>\n<\/div><\/div>\n\n\n\n<div class=\"wp-block-redtree-background alignfull rt-mt-default rt-mb-default rt-ml-default rt-mr-default rt-pt-default rt-pb-default rt-pl-default rt-pr-default\"><div class=\"wp-block-redtree-background--overlay\" style=\"background-color:#02AE5C\"><\/div><div class=\"wp-block-redtree-background--image\"><\/div><div class=\"wp-block-redtree-background--content\">\n<div class=\"wp-block-redtree-media-content alignwide rt-mt-default rt-mb-default rt-ml-default rt-mr-default rt-pt-default rt-pb-default rt-pl-default rt-pr-default\"><div class=\"wp-block-redtree-media-content--inner media-position--left\" data-type=\"single-media\"><div class=\"wp-block-redtree-media-content--media\"><svg class=\"single-image-mask-lg\" xmlns=\"http:\/\/www.w3.org\/2000\/svg\" width=\"700\" height=\"450\" fill=\"none\" viewbox=\"0 24 700 450\"><defs><mask id=\"img-mask\" width=\"728\" height=\"552\" x=\"0\" y=\"0\" maskunits=\"userSpaceOnUse\"><path fill=\"#fff\" d=\"M479 526.045l225-129.913V23H0v503.045h479z\" class=\"image-mask\"><\/path><\/mask><filter id=\"filter0_d_834_2131\" width=\"752\" height=\"551.045\" x=\"-24\" y=\"0\" color-interpolation-filters=\"sRGB\" filterunits=\"userSpaceOnUse\"><feflood flood-opacity=\"0\" result=\"BackgroundImageFix\"\/><fecolormatrix in=\"SourceAlpha\" result=\"hardAlpha\" values=\"0 0 0 0 0 0 0 0 0 0 0 0 0 0 0 0 0 0 127 0\"\/><feoffset dy=\"1\"\/><fegaussianblur stddeviation=\"12\"\/><fecomposite in2=\"hardAlpha\" operator=\"out\"\/><fecolormatrix values=\"0 0 0 0 0.0784314 0 0 0 0 0.0784314 0 0 0 0 0.0784314 0 0 0 0.08 0\"\/><feblend in2=\"BackgroundImageFix\" result=\"effect1_dropShadow_834_2131\"\/><feblend in=\"SourceGraphic\" in2=\"effect1_dropShadow_834_2131\" result=\"shape\"\/><\/filter><\/defs><g filter=\"url(#filter0_d_834_2131)\"><image width=\"700\" height=\"475\" href=\"https:\/\/caiready.com\/life-sciences\/wp-content\/uploads\/sites\/2\/2024\/09\/tube-with-leaf.webp\" mask=\"url(#img-mask)\" preserveaspectratio=\"xMidYMid slice\"\/><\/g><\/svg><\/div><div class=\"wp-block-redtree-media-content--content\">\n<h2 class=\"wp-block-heading has-rt-white-color has-text-color has-link-color wp-elements-07c798b9069260dc2458176fc505f1e3\">\u00bfEst\u00e1s preparado?<\/h2>\n\n\n\n<p class=\"has-rt-white-color has-text-color has-link-color wp-elements-db7cc3fa1d4803e4c91140bb88813232\">Tienes la misi\u00f3n de suministrar a los pacientes productos que cambian sus vidas, a tiempo y dentro del presupuesto. \u00bfEst\u00e1n tus procesos preparados para el \u00e9xito? <\/p>\n\n\n\n<div class=\"wp-block-buttons is-layout-flex wp-block-buttons-is-layout-flex\">\n<div class=\"wp-block-button is-style-outline is-button-arrow rt-button-shape-default is-style-outline--2\"><a class=\"wp-block-button__link has-rt-white-background-color has-background wp-element-button\">Comprueba tu preparaci\u00f3n  <\/a><\/div>\n<\/div>\n<\/div><\/div><\/div>\n<\/div><\/div>\n","protected":false},"excerpt":{"rendered":"","protected":false},"author":1,"featured_media":0,"parent":0,"menu_order":0,"comment_status":"closed","ping_status":"closed","template":"","meta":{"_acf_changed":false,"footnotes":""},"class_list":["post-358120","page","type-page","status-publish","hentry"],"acf":[],"featured_image_src":null,"featured_image_src_square":null,"_links":{"self":[{"href":"https:\/\/caiready.com\/life-sciences\/es\/wp-json\/wp\/v2\/pages\/358120","targetHints":{"allow":["GET"]}}],"collection":[{"href":"https:\/\/caiready.com\/life-sciences\/es\/wp-json\/wp\/v2\/pages"}],"about":[{"href":"https:\/\/caiready.com\/life-sciences\/es\/wp-json\/wp\/v2\/types\/page"}],"author":[{"embeddable":true,"href":"https:\/\/caiready.com\/life-sciences\/es\/wp-json\/wp\/v2\/users\/1"}],"replies":[{"embeddable":true,"href":"https:\/\/caiready.com\/life-sciences\/es\/wp-json\/wp\/v2\/comments?post=358120"}],"version-history":[{"count":0,"href":"https:\/\/caiready.com\/life-sciences\/es\/wp-json\/wp\/v2\/pages\/358120\/revisions"}],"wp:attachment":[{"href":"https:\/\/caiready.com\/life-sciences\/es\/wp-json\/wp\/v2\/media?parent=358120"}],"curies":[{"name":"wp","href":"https:\/\/api.w.org\/{rel}","templated":true}]}}