{"id":359561,"date":"2024-09-16T14:31:51","date_gmt":"2024-09-16T18:31:51","guid":{"rendered":"https:\/\/caiready.com\/condizioni-duso\/"},"modified":"2024-09-16T14:31:51","modified_gmt":"2024-09-16T18:31:51","slug":"condizioni-duso","status":"publish","type":"page","link":"https:\/\/caiready.com\/it\/condizioni-duso\/","title":{"rendered":"Condizioni d&#8217;uso"},"content":{"rendered":"\n<h1 class=\"wp-block-heading\">Condizioni d&#8217;uso<\/h1>\n\n\n\n<p><strong>1.<\/strong>&nbsp;Il presente avviso legale si applica all&#8217;intero contenuto del Sito web con il nome di dominio&nbsp; cagents<a href=\"http:\/\/www.cagents.com\/\" rel=\"nofollow noopener\" target=\"_blank\">.com<\/a>.&nbsp; Tutti i diritti non espressamente concessi in questi termini sono riservati al Gruppo CAI.<\/p>\n\n\n\n<p><strong>2. PROTEZIONE DEI DATI E COPYRIGHT<br><\/strong>2.1&nbsp;Se non diversamente specificato, il copyright e gli altri diritti di propriet\u00e0 intellettuale di tutto il materiale presente sul Sito Web (incluse, senza limitazioni, fotografie e immagini grafiche) sono di propriet\u00e0 del Gruppo CAI o dei suoi licenziatari.\nAi fini del presente avviso legale, \u00e8 vietato qualsiasi uso di estratti del Sito Web diverso da quello previsto dalla clausola 3.1 per qualsiasi scopo.\nIn caso di violazione di uno qualsiasi dei termini del presente avviso legale, l&#8217;autorizzazione all&#8217;uso del Sito web termina automaticamente e l&#8217;utente deve distruggere immediatamente qualsiasi estratto scaricato o stampato dal Sito web.  <br>2.2&nbsp;Fatta salva la clausola 3.1, nessuna parte del Sito pu\u00f2 essere riprodotta o memorizzata in altri siti web o inclusa in sistemi o servizi di recupero elettronico pubblici o privati senza la preventiva autorizzazione scritta del Gruppo CAI.<br>2.3&nbsp;Possiamo raccogliere informazioni sul tuo computer, compresi, se disponibili, il tuo sistema operativo&nbsp;e il tipo di browser per l&#8217;amministrazione del sistema e per riportare informazioni aggregate a fini di analisi statistica per aiutarci a migliorare i nostri servizi.&nbsp;  Si tratta di dati statistici relativi alle azioni e ai modelli di navigazione dei nostri utenti e non identificano alcuna persona.&nbsp;&nbsp;&nbsp;Possiamo ottenere informazioni sull&#8217;utilizzo generale di Internet da parte dell&#8217;utente utilizzando un file cookie che viene memorizzato sul browser o sul disco rigido del computer.&nbsp;  Se utilizzi il nostro sito, accetti il nostro utilizzo dei cookie.<br>2.4 In alcune occasioni, ti verr\u00e0 chiesto di fornire informazioni personali su di te (ad esempio, nome, indirizzo e-mail, organizzazione, ecc.) al fine di ricevere servizi tramite il nostro sito web, come ad esempio informazioni sulle opportunit\u00e0 di carriera e richieste di informazioni sull&#8217;attivit\u00e0 del Gruppo CAI.&nbsp;  Inserendo i tuoi dati nel campo richiesto, permetti a CAI Group di fornirti i servizi richiesti.\nTutte le informazioni che ci fornisci non saranno fornite a nessuno al di fuori del Gruppo CAI senza aver prima ottenuto il tuo consenso, a meno che non siamo obbligati o autorizzati dalla legge a divulgarle. &nbsp;  Tali informazioni saranno conservate nei nostri sistemi per tutto il tempo necessario allo scopo.&nbsp;  Garantiremo che tutte le informazioni personali siano conservate in modo sicuro in conformit\u00e0 alla legislazione sulla protezione dei dati.&nbsp;  Per richiedere l&#8217;accesso ai tuoi dati personali o per qualsiasi domanda relativa alla politica di protezione dei dati e della privacy del Gruppo CAI, ti invitiamo a contattare l&#8217;European Business manager, Brian McGowan, Swords Dublin, Irlanda.&nbsp;  Si prega di notare che potremmo addebitare una tassa amministrativa di \u20ac6 per le richieste di informazioni.<\/p>\n\n\n\n<p><strong>3. LICENZA<br><\/strong>3.1&nbsp;L&#8217;utente \u00e8 autorizzato a stampare e scaricare estratti del Sito web alle seguenti condizioni:<br>(a)&nbsp;i documenti o la relativa grafica del Sito web non vengano modificati in alcun modo;<br>(b)&nbsp;la grafica del Sito web non venga utilizzata separatamente dal testo corrispondente;<br>(c)&nbsp;l&#8217;uso di tali estratti avvenga esclusivamente per uso informativo e non commerciale o personale e non venga copiato o pubblicato su alcun computer di rete o trasmesso con alcun mezzo di comunicazione; e<br>(d)&nbsp;gli avvisi di copyright e di marchio del Gruppo CAI e il presente avviso di autorizzazione compaiano in tutte le copie.<\/p>\n\n\n\n<p><strong>4. ACCESSO AL SERVIZIO<br><\/strong>4.1&nbsp;L&#8217;accesso al Sito Web pu\u00f2 essere sospeso temporaneamente e senza preavviso in caso di guasti al sistema, manutenzione o riparazione o per motivi che esulano dal controllo del Gruppo CAI.<\/p>\n\n\n\n<p><strong>5. LINK A E DA ALTRI SITI WEB<br><\/strong>5.1&nbsp;I link a siti web di terzi presenti sul Sito web sono forniti esclusivamente per comodit\u00e0 dell&#8217;utente.\nUtilizzando tali link, l&#8217;utente abbandona il Sito web.\nIl Gruppo CAI non ha esaminato tutti i siti web di terzi e non controlla e non \u00e8 responsabile di tali siti web, del loro contenuto o della loro disponibilit\u00e0.\nPertanto, il Gruppo CAI non approva n\u00e9 rilascia alcuna dichiarazione in merito a tali siti o al materiale in essi contenuto, n\u00e9 ai risultati che si possono ottenere dal loro utilizzo.\nSe decidi di accedere a uno dei siti web di terzi collegati al Sito, lo fai a tuo rischio e pericolo.    <br>5.2&nbsp;Se desideri collegarti al Sito web, puoi farlo solo a condizione che il collegamento sia alla home page del Sito web, senza replicarla, e nel rispetto delle seguenti condizioni:<br>(a)&nbsp;tu&nbsp;  non rimuovere, distorcere o alterare in altro modo le dimensioni o l&#8217;aspetto del logo del Gruppo CAI;<br>(b)&nbsp;non crei una cornice o qualsiasi altro browser o ambiente di confine intorno al Sito web;<br>(c)&nbsp;non implicano in alcun modo che il Gruppo CAI stia approvando prodotti o servizi diversi dai propri;<br>(d)&nbsp;non dichiari in modo errato il tuo rapporto con il Gruppo CAI n\u00e9 presenti altre informazioni false sul Gruppo CAI;<br>(e)&nbsp;l&#8217;utente non utilizzi in altro modo alcun marchio CAI Group visualizzato sul Sito web senza l&#8217;espressa autorizzazione scritta di CAI Group;<br>(f)&nbsp;l&#8217;utente non si colleghi da un sito web che non sia di sua propriet\u00e0; e<br>(g)&nbsp;il sito web dell&#8217;utente non contenga contenuti di cattivo gusto, offensivi o controversi, che violino i diritti di propriet\u00e0 intellettuale o altri diritti di qualsiasi altra persona o che non siano comunque conformi a tutte le leggi e i regolamenti applicabili.<br>(h)&nbsp;non utilizzare in modo improprio il nostro Sito Web introducendo consapevolmente virus, trojan, worm, bombe logiche o altri materiali.<br>5.3&nbsp;Il Gruppo CAI si riserva espressamente il diritto di revocare il diritto concesso nella clausola 5.2 in caso di violazione dei presenti termini e di intraprendere qualsiasi azione ritenuta appropriata.<br>5.4&nbsp;Il Gruppo CAI, i suoi funzionari, direttori e dipendenti escludono ogni responsabilit\u00e0 per qualsiasi perdita o danno che possa derivare all&#8217;utente o a terzi (inclusi, senza limitazioni, perdite o danni diretti, indiretti, punitivi o consequenziali derivanti da o connessi in qualsiasi modo all&#8217;interruzione dell&#8217;attivit\u00e0 (sia per illecito civile, negligenza, contratto o altro) in relazione al Sito web, inclusi, ma non limitati a, perdite o danni dovuti a virus che possano infettare il tuo equipaggiamento informatico, il software o i dati.&nbsp;  Se l&#8217;utilizzo del materiale presente sul Sito Web da parte dell&#8217;utente comporta la necessit\u00e0 di manutenzione, riparazione o correzione di apparecchiature, software o dati, l&#8217;utente si assume tutti i costi relativi.<\/p>\n\n\n\n<p><strong>6. DISCLAIMER<br><\/strong>6.1&nbsp;Sebbene il Gruppo CAI si impegni a garantire la correttezza delle informazioni contenute nel Sito Web, il Gruppo CAI non garantisce l&#8217;accuratezza e la completezza del materiale contenuto nel Sito Web.\nIl Gruppo CAI pu\u00f2 apportare modifiche al materiale del Sito Web in qualsiasi momento e senza preavviso.\nIl materiale presente sul Sito web potrebbe essere obsoleto e il Gruppo CAI non si impegna ad aggiornarlo.\nIl materiale del Sito web \u00e8 fornito &#8220;cos\u00ec com&#8217;\u00e8&#8221;, senza alcuna condizione, garanzia o altri termini di alcun tipo.   <\/p>\n\n\n\n<p><strong>7.<br> I<\/strong>tribunali irlandesi avranno la giurisdizione esclusiva su qualsiasi reclamo derivante da, o correlato a, una visita al nostro Sito web, sebbene ci riserviamo il diritto di intentare un&#8217;azione legale contro l&#8217;utente per violazione delle presenti condizioni nel suo paese di residenza o in qualsiasi altro paese pertinente.&nbsp; Le presenti condizioni d&#8217;uso e qualsiasi controversia o reclamo derivante da o in relazione ad esse o al loro oggetto saranno disciplinati e interpretati dalle leggi dell&#8217;Irlanda.<\/p>\n\n\n\n<p>In caso di dubbi sul materiale presente sul nostro Sito web, ti invitiamo a contattare&nbsp;<a href=\"mailto:CAIConnected@CAgents.com\" target=\"_blank\" rel=\"noreferrer noopener\">CAIConnected@CAgents.com.<\/a><\/p>\n\n\n\n<p>Grazie per aver visitato il nostro sito web.<\/p>\n","protected":false},"excerpt":{"rendered":"<p>Condizioni d&#8217;uso 1.&nbsp;Il presente avviso legale si applica all&#8217;intero contenuto del Sito web con il nome di dominio&nbsp; cagents.com.&nbsp; Tutti i diritti non espressamente concessi in questi termini sono riservati al Gruppo CAI. 2. PROTEZIONE DEI DATI E COPYRIGHT2.1&nbsp;Se non diversamente specificato, il copyright e gli altri diritti di propriet\u00e0 intellettuale di tutto il materiale [&hellip;]<\/p>\n","protected":false},"author":1,"featured_media":0,"parent":0,"menu_order":0,"comment_status":"closed","ping_status":"closed","template":"page-alignwide.php","meta":{"_acf_changed":false,"footnotes":""},"class_list":["post-359561","page","type-page","status-publish","hentry"],"acf":[],"featured_image_src":null,"featured_image_src_square":null,"_links":{"self":[{"href":"https:\/\/caiready.com\/it\/wp-json\/wp\/v2\/pages\/359561","targetHints":{"allow":["GET"]}}],"collection":[{"href":"https:\/\/caiready.com\/it\/wp-json\/wp\/v2\/pages"}],"about":[{"href":"https:\/\/caiready.com\/it\/wp-json\/wp\/v2\/types\/page"}],"author":[{"embeddable":true,"href":"https:\/\/caiready.com\/it\/wp-json\/wp\/v2\/users\/1"}],"replies":[{"embeddable":true,"href":"https:\/\/caiready.com\/it\/wp-json\/wp\/v2\/comments?post=359561"}],"version-history":[{"count":0,"href":"https:\/\/caiready.com\/it\/wp-json\/wp\/v2\/pages\/359561\/revisions"}],"wp:attachment":[{"href":"https:\/\/caiready.com\/it\/wp-json\/wp\/v2\/media?parent=359561"}],"curies":[{"name":"wp","href":"https:\/\/api.w.org\/{rel}","templated":true}]}}