{"id":359516,"date":"2024-09-23T06:05:21","date_gmt":"2024-09-23T10:05:21","guid":{"rendered":"https:\/\/caiready.com\/informazioni-su\/"},"modified":"2024-12-23T13:23:04","modified_gmt":"2024-12-23T18:23:04","slug":"informazioni-su","status":"publish","type":"page","link":"https:\/\/caiready.com\/it\/informazioni-su\/","title":{"rendered":"Informazioni su"},"content":{"rendered":"\n<div class=\"wp-block-redtree-masthead alignfull rt-mt-default rt-mb-default rt-ml-default rt-mr-default rt-pt-default rt-pb-default rt-pl-default rt-pr-default\"><div class=\"wp-block-redtree-masthead--inner alignwide\"><div class=\"wp-block-redtree-masthead--inner--content-container\"><div class=\"wp-block-redtree-masthead--image\"><svg class=\"media-mask\" xmlns=\"http:\/\/www.w3.org\/2000\/svg\" width=\"1088\" height=\"795\" fill=\"none\" viewbox=\"0 7 1088 794\"><defs><mask id=\"hexMask\"><path fill=\"#fff\" d=\"M364 7h40.5l334.556 191.25v432.5L404.5 801h-112L-1 623V197L322.5 7H364z\"><\/path><\/mask><\/defs><image width=\"748\" height=\"802\" href=\"https:\/\/caiready.com\/wp-content\/uploads\/2024\/10\/it-specialist-standing-in-front-of-servers-futuristic-lighting.webp\" mask=\"url(#hexMask)\" preserveaspectratio=\"xMidYMid slice\"\/><g filter=\"url(#filter0_d_834_2034)\"><path fill=\"url(#paint0_linear_834_2034)\" d=\"M738.895 199L1080 7H405l333.895 192z\" class=\"geo-2\"><\/path><\/g><g filter=\"url(#filter1_d_834_2034)\"><path fill=\"#031634\" d=\"M0 202V7h334L0 202z\" class=\"geo-1\"><\/path><\/g><g filter=\"url(#filter2_d_834_2034)\"><path fill=\"url(#paint1_linear_834_2034)\" d=\"M0 619l336 182H0V619z\" class=\"geo-3\"><\/path><\/g><defs><filter id=\"filter0_d_834_2034\" width=\"691\" height=\"208\" x=\"397\" y=\"0\" color-interpolation-filters=\"sRGB\" filterunits=\"userSpaceOnUse\"><feflood flood-opacity=\"0\" result=\"BackgroundImageFix\"\/><fecolormatrix in=\"SourceAlpha\" result=\"hardAlpha\" values=\"0 0 0 0 0 0 0 0 0 0 0 0 0 0 0 0 0 0 127 0\"\/><feoffset dy=\"1\"\/><fegaussianblur stddeviation=\"4\"\/><fecomposite in2=\"hardAlpha\" operator=\"out\"\/><fecolormatrix values=\"0 0 0 0 0.0784314 0 0 0 0 0.0784314 0 0 0 0 0.0784314 0 0 0 0.08 0\"\/><feblend in2=\"BackgroundImageFix\" result=\"effect1_dropShadow_834_2034\"\/><feblend in=\"SourceGraphic\" in2=\"effect1_dropShadow_834_2034\" result=\"shape\"\/><\/filter><filter id=\"filter1_d_834_2034\" width=\"350\" height=\"211\" x=\"-8\" y=\"0\" color-interpolation-filters=\"sRGB\" filterunits=\"userSpaceOnUse\"><feflood flood-opacity=\"0\" result=\"BackgroundImageFix\"\/><fecolormatrix in=\"SourceAlpha\" result=\"hardAlpha\" values=\"0 0 0 0 0 0 0 0 0 0 0 0 0 0 0 0 0 0 127 0\"\/><feoffset dy=\"1\"\/><fegaussianblur stddeviation=\"4\"\/><fecomposite in2=\"hardAlpha\" operator=\"out\"\/><fecolormatrix values=\"0 0 0 0 0.0784314 0 0 0 0 0.0784314 0 0 0 0 0.0784314 0 0 0 0.08 0\"\/><feblend in2=\"BackgroundImageFix\" result=\"effect1_dropShadow_834_2034\"\/><feblend in=\"SourceGraphic\" in2=\"effect1_dropShadow_834_2034\" result=\"shape\"\/><\/filter><filter id=\"filter2_d_834_2034\" width=\"352\" height=\"198\" x=\"-8\" y=\"612\" color-interpolation-filters=\"sRGB\" filterunits=\"userSpaceOnUse\"><feflood flood-opacity=\"0\" result=\"BackgroundImageFix\"\/><fecolormatrix in=\"SourceAlpha\" result=\"hardAlpha\" values=\"0 0 0 0 0 0 0 0 0 0 0 0 0 0 0 0 0 0 127 0\"\/><feoffset dy=\"1\"\/><fegaussianblur stddeviation=\"4\"\/><fecomposite in2=\"hardAlpha\" operator=\"out\"\/><fecolormatrix values=\"0 0 0 0 0.0784314 0 0 0 0 0.0784314 0 0 0 0 0.0784314 0 0 0 0.08 0\"\/><feblend in2=\"BackgroundImageFix\" result=\"effect1_dropShadow_834_2034\"\/><feblend in=\"SourceGraphic\" in2=\"effect1_dropShadow_834_2034\" result=\"shape\"\/><\/filter><lineargradient id=\"paint0_linear_834_2034\" x1=\"1080\" x2=\"991.336\" y1=\"7\" y2=\"341.878\" gradientunits=\"userSpaceOnUse\"><stop stop-color=\"#92E070\"\/><stop offset=\"1\" stop-color=\"#02AE5C\"\/><\/lineargradient><lineargradient id=\"paint1_linear_834_2034\" x1=\"274.181\" x2=\"-30.726\" y1=\"751.047\" y2=\"954.67\" gradientunits=\"userSpaceOnUse\"><stop stop-color=\"#92E070\"\/><stop offset=\"1\" stop-color=\"#02AE5C\"\/><\/lineargradient><lineargradient id=\"mc_gradient\" x1=\"1080\" x2=\"991.336\" y1=\"7\" y2=\"341.878\" gradientunits=\"userSpaceOnUse\"><stop stop-color=\"#5F8FFD\"\/><stop offset=\"1\" stop-color=\"#6C34F7\"\/><\/lineargradient><lineargradient id=\"core_gradient\" x1=\"1080\" x2=\"991.336\" y1=\"7\" y2=\"341.878\" gradientunits=\"userSpaceOnUse\"><stop stop-color=\"#188FD2\"\/><stop offset=\"1\" stop-color=\"#50E4E1\"\/><\/lineargradient><\/defs><\/svg><\/div><div class=\"wp-block-redtree-masthead--content\">\n<h1 class=\"wp-block-heading\">Incontra i tuoi esperti di preparazione<\/h1>\n\n\n\n<p>Ti presentiamo CAI. Siamo esperti di consegna pluripremiati, specializzati nel guidare i leader del settore verso una preparazione accelerata e l&#8217;eccellenza operativa. <\/p>\n<\/div><\/div><\/div><\/div>\n\n\n\n<div class=\"wp-block-redtree-background alignfull rt-mt-default rt-mb-default rt-ml-default rt-mr-default rt-pt-lg rt-pb-lg rt-pl-default rt-pr-default\"><div class=\"wp-block-redtree-background--overlay\" style=\"background-color:\"><\/div><div class=\"wp-block-redtree-background--image\"><img decoding=\"async\" src=\"https:\/\/caiready.com\/wp-content\/uploads\/2024\/09\/network.webp\" alt=\"\" style=\"opacity:1;left:0%;top:0%\"><\/div><div class=\"wp-block-redtree-background--content\">\n<h2 class=\"wp-block-heading alignwide has-core-color has-text-color has-link-color wp-elements-79118c2f1fcf323dcc9f9e2860e7d150\">Eccellenza nell&#8217;esecuzione<\/h2>\n\n\n\n<div class=\"wp-block-redtree-grid-layout alignwide rt-mt-sm rt-mb-default rt-ml-default rt-mr-default rt-pt-default rt-pb-default rt-pl-default rt-pr-default\"><div class=\"rt-12-column-grid\">\n<div data-xl-column-start=\"0\" data-xl-column-end=\"6\" data-lg-column-start=\"0\" data-lg-column-end=\"6\" data-md-column-start=\"0\" data-md-column-end=\"6\" data-sm-column-start=\"0\" data-sm-column-end=\"12\" data-xs-column-start=\"0\" data-xs-column-end=\"12\" data-xl-row-start=\"0\" data-xl-row-end=\"0\" data-lg-row-start=\"0\" data-lg-row-end=\"0\" data-md-row-start=\"0\" data-md-row-end=\"0\" data-sm-row-start=\"0\" data-sm-row-end=\"0\" data-xs-row-start=\"0\" data-xs-row-end=\"0\" data-vertical-align=\"top\" class=\"wp-block-redtree-grid-layout-column rt-mt-default rt-mb-default rt-ml-default rt-mr-default rt-pt-default rt-pb-default rt-pl-default rt-pr-default\"><div class=\"wp-block-redtree-grid-layout-column--inner\">\n<div class=\"wp-block-redtree-standard-card is-style-style-1 rt-mt-default rt-mb-default rt-ml-default rt-mr-default rt-pt-default rt-pb-default rt-pl-default rt-pr-default\"><div class=\"rt-standard-card\"><a class=\"rt-standard-card--card-link\" href=\"\/team\/\" target=\"_self\" rel=\"noopener noreferrer\"><\/a><div class=\"rt-standard-card--background\" style=\"background-color:;opacity:1\"><\/div><div class=\"rt-standard-card--content-container\">\n<h3 class=\"wp-block-heading has-gradient-1-color has-text-color has-link-color wp-elements-693d7a4fc2e327eecfb156ee79bdf7a7\">Le nostre persone<\/h3>\n\n\n\n<p>Siamo orgogliosi di riunire talenti leader del settore e di elevarli attraverso una formazione di alto livello. Il risultato: competenze d&#8217;\u00e9lite, servizi eccezionali e prestazioni riconosciute a livello mondiale. <\/p>\n<\/div><div class=\"rt-standard-card--btn-container\"><div class=\"rt-standard-card--btn-container--btn\" href=\"#\"><svg xmlns=\"http:\/\/www.w3.org\/2000\/svg\" width=\"136\" height=\"81\" fill=\"none\" viewbox=\"0 0 136 81\"><path fill=\"#02AE5C\" d=\"M0 81h136V0L0 81z\"><\/path><\/svg><\/div><\/div><\/div><\/div>\n<\/div><\/div>\n\n\n\n<div data-xl-column-start=\"0\" data-xl-column-end=\"6\" data-lg-column-start=\"0\" data-lg-column-end=\"6\" data-md-column-start=\"0\" data-md-column-end=\"6\" data-sm-column-start=\"0\" data-sm-column-end=\"12\" data-xs-column-start=\"0\" data-xs-column-end=\"12\" data-xl-row-start=\"0\" data-xl-row-end=\"0\" data-lg-row-start=\"0\" data-lg-row-end=\"0\" data-md-row-start=\"0\" data-md-row-end=\"0\" data-sm-row-start=\"0\" data-sm-row-end=\"0\" data-xs-row-start=\"0\" data-xs-row-end=\"0\" data-vertical-align=\"top\" class=\"wp-block-redtree-grid-layout-column rt-mt-default rt-mb-default rt-ml-default rt-mr-default rt-pt-default rt-pb-default rt-pl-default rt-pr-default\"><div class=\"wp-block-redtree-grid-layout-column--inner\">\n<div class=\"wp-block-redtree-standard-card is-style-style-1 rt-mt-default rt-mb-default rt-ml-default rt-mr-default rt-pt-default rt-pb-default rt-pl-default rt-pr-default\"><div class=\"rt-standard-card\"><a class=\"rt-standard-card--card-link\" href=\"\/associations\/\" target=\"_self\" rel=\"noopener noreferrer\"><\/a><div class=\"rt-standard-card--background\" style=\"background-color:;opacity:1\"><\/div><div class=\"rt-standard-card--content-container\">\n<h3 class=\"wp-block-heading has-gradient-1-color has-text-color has-link-color wp-elements-237a214b950567e54f55f1074629b35b\">Le nostre associazioni<\/h3>\n\n\n\n<p>I membri del team CAI sono attivi in quasi 30 societ\u00e0 professionali e hanno contribuito a stabilire rigorose linee guida del settore attraverso organizzazioni come ASHRAE, ASTM, BCA e ISPE.&nbsp;<\/p>\n<\/div><div class=\"rt-standard-card--btn-container\"><div class=\"rt-standard-card--btn-container--btn\" href=\"#\"><svg xmlns=\"http:\/\/www.w3.org\/2000\/svg\" width=\"136\" height=\"81\" fill=\"none\" viewbox=\"0 0 136 81\"><path fill=\"#02AE5C\" d=\"M0 81h136V0L0 81z\"><\/path><\/svg><\/div><\/div><\/div><\/div>\n<\/div><\/div>\n\n\n\n<div data-xl-column-start=\"0\" data-xl-column-end=\"12\" data-lg-column-start=\"0\" data-lg-column-end=\"12\" data-md-column-start=\"0\" data-md-column-end=\"12\" data-sm-column-start=\"0\" data-sm-column-end=\"12\" data-xs-column-start=\"0\" data-xs-column-end=\"12\" data-xl-row-start=\"0\" data-xl-row-end=\"0\" data-lg-row-start=\"0\" data-lg-row-end=\"0\" data-md-row-start=\"0\" data-md-row-end=\"0\" data-sm-row-start=\"0\" data-sm-row-end=\"0\" data-xs-row-start=\"0\" data-xs-row-end=\"0\" data-vertical-align=\"top\" class=\"wp-block-redtree-grid-layout-column rt-mt-default rt-mb-default rt-ml-default rt-mr-default rt-pt-default rt-pb-default rt-pl-default rt-pr-default\"><div class=\"wp-block-redtree-grid-layout-column--inner\">\n<div class=\"wp-block-redtree-standard-card alignfull is-style-style-1 rt-mt-default rt-mb-default rt-ml-default rt-mr-default rt-pt-default rt-pb-default rt-pl-default rt-pr-default\"><div class=\"rt-standard-card\"><div class=\"rt-standard-card--background\" style=\"background-color:;opacity:1\"><\/div><div class=\"rt-standard-card--image-container\" data-with-mask=\"true\"><img decoding=\"async\" src=\"https:\/\/caiready.com\/wp-content\/uploads\/2024\/10\/drug-manufacturing-process-conveyer.webp\" alt=\"\" style=\"opacity:1\"><\/div><div class=\"rt-standard-card--content-container\">\n<h3 class=\"wp-block-heading has-gradient-1-color has-text-color has-link-color wp-elements-d0af46cf4022276930065fbb90acef04\">La nostra esperienza<\/h3>\n\n\n\n<p>Eccelliamo in ambienti tecnicamente impegnativi e altamente regolamentati, guidando i principali leader del settore Life Sciences e Mission Critical con decenni di esperienza ineguagliabile.<\/p>\n\n\n\n<div class=\"wp-block-buttons is-layout-flex wp-block-buttons-is-layout-flex\">\n<div class=\"wp-block-button is-style-outline is-button-arrow rt-button-shape-default is-style-outline--1\"><a class=\"wp-block-button__link wp-element-button\" href=\"\/life-sciences\/\">Scienze della vita<\/a><\/div>\n\n\n\n<div class=\"wp-block-button is-style-outline is-button-arrow rt-button-shape-default is-style-outline--2\"><a class=\"wp-block-button__link wp-element-button\" href=\"\/mission-critical\/\">Missione critica<\/a><\/div>\n<\/div>\n<\/div><\/div><\/div>\n<\/div><\/div>\n<\/div><\/div>\n<\/div><\/div>\n\n\n\n<div class=\"wp-block-redtree-background alignfull is-style-overlay-1 rt-mt-default rt-mb-default rt-ml-default rt-mr-default rt-pt-lg rt-pb-lg rt-pl-default rt-pr-default\"><div class=\"wp-block-redtree-background--overlay\" style=\"background-color:\"><\/div><div class=\"wp-block-redtree-background--image\"><\/div><div class=\"wp-block-redtree-background--content\">\n<div class=\"wp-block-redtree-grid-layout alignwide rt-mt-default rt-mb-default rt-ml-default rt-mr-default rt-pt-default rt-pb-default rt-pl-default rt-pr-default\"><div class=\"rt-12-column-grid\">\n<div data-xl-column-start=\"0\" data-xl-column-end=\"6\" data-lg-column-start=\"0\" data-lg-column-end=\"6\" data-md-column-start=\"0\" data-md-column-end=\"6\" data-sm-column-start=\"0\" data-sm-column-end=\"12\" data-xs-column-start=\"0\" data-xs-column-end=\"12\" data-xl-row-start=\"0\" data-xl-row-end=\"0\" data-lg-row-start=\"0\" data-lg-row-end=\"0\" data-md-row-start=\"0\" data-md-row-end=\"0\" data-sm-row-start=\"0\" data-sm-row-end=\"0\" data-xs-row-start=\"0\" data-xs-row-end=\"0\" data-vertical-align=\"top\" class=\"wp-block-redtree-grid-layout-column rt-mt-default rt-mb-default rt-ml-default rt-mr-default rt-pt-default rt-pb-default rt-pl-default rt-pr-default\"><div class=\"wp-block-redtree-grid-layout-column--inner\">\n<h2 class=\"wp-block-heading has-gradient-1-color has-text-color has-link-color wp-elements-3cf4f8a98b56af8bba9ec47f02561b09\">La nostra azienda, i tuoi partner<\/h2>\n<\/div><\/div>\n\n\n\n<div data-xl-column-start=\"0\" data-xl-column-end=\"6\" data-lg-column-start=\"0\" data-lg-column-end=\"6\" data-md-column-start=\"0\" data-md-column-end=\"6\" data-sm-column-start=\"0\" data-sm-column-end=\"12\" data-xs-column-start=\"0\" data-xs-column-end=\"12\" data-xl-row-start=\"0\" data-xl-row-end=\"0\" data-lg-row-start=\"0\" data-lg-row-end=\"0\" data-md-row-start=\"0\" data-md-row-end=\"0\" data-sm-row-start=\"0\" data-sm-row-end=\"0\" data-xs-row-start=\"0\" data-xs-row-end=\"0\" data-vertical-align=\"top\" class=\"wp-block-redtree-grid-layout-column rt-mt-default rt-mb-default rt-ml-default rt-mr-default rt-pt-default rt-pb-default rt-pl-default rt-pr-default\"><div class=\"wp-block-redtree-grid-layout-column--inner\">\n<h3 class=\"wp-block-heading has-core-color has-text-color has-link-color wp-elements-6444ea1a781f780bd27a78464b7b8aa9\">Una storia di eccellenza<\/h3>\n\n\n\n<p>Siamo una societ\u00e0 di servizi professionali al servizio dei settori Life Sciences e Mission Critical, fondata sull&#8217;esperienza. Dal 1996, siamo sempre stati in prima linea con i prodotti che cambiano la vita delle aziende e dei produttori di pi\u00f9 alto profilo in numerosi settori regolamentati. <\/p>\n\n\n\n<p><br>Grazie alla nostra crescita costante, che ha coinvolto centinaia di clienti in migliaia di progetti, siamo rimasti al 100% di propriet\u00e0 dei dipendenti per concentrarci esclusivamente sui risultati superiori dei clienti, non sui prezzi delle azioni.<\/p>\n\n\n\n<h3 class=\"wp-block-heading has-core-color has-text-color has-link-color wp-elements-642de13fc4f7f8c0d02757d4b80f906f\">DEI a CAI<\/h3>\n\n\n\n<p>Abbiamo una semplice convinzione: I team eterogenei sono team ad alte prestazioni.\nAlla CAI promettiamo di operare in modo giusto ed equo per tutti.\nCi impegniamo a rispettare i nostri Principi Fondamentali:  <\/p>\n\n\n\n<p>Agiamo con integrit\u00e0.<br>Ci serviamo a vicenda.<br>Serviamo la societ\u00e0.<br>Lavoriamo per il nostro futuro.<\/p>\n\n\n\n<h3 class=\"wp-block-heading has-core-color has-text-color has-link-color wp-elements-f872a08e81b6567b363923b3b412f728\">Una cultura del successo<\/h3>\n\n\n\n<p>Esistiamo per una sola ragione: Accelerare il tuo percorso verso il successo. Per questo ci concentriamo sull&#8217;assunzione di persone ad alte prestazioni e conoscenze che eccellono nel servizio clienti, negli standard di qualit\u00e0 e nella risoluzione dei problemi. La nostra cultura si basa su competenze d&#8217;\u00e9lite, prontezza strategica e capacit\u00e0 di affrontare i problemi prima che si presentino.  <\/p>\n<\/div><\/div>\n<\/div><\/div>\n<\/div><\/div>\n\n\n\n<div class=\"wp-block-redtree-background alignfull rt-mt-default rt-mb-default rt-ml-default rt-mr-default rt-pt-lg rt-pb-lg rt-pl-default rt-pr-default\"><div class=\"wp-block-redtree-background--overlay\" style=\"background-color:\"><\/div><div class=\"wp-block-redtree-background--image\"><img decoding=\"async\" src=\"https:\/\/caiready.com\/wp-content\/uploads\/2024\/09\/dna-bg.webp\" alt=\"\" style=\"opacity:1;left:0%;top:0%\"><\/div><div class=\"wp-block-redtree-background--content\">\n<h2 class=\"wp-block-heading alignwide has-core-color has-text-color has-link-color wp-elements-53c2d21c4c40df9e7a4f6315f97c6154\">Guidarti verso il futuro<\/h2>\n\n\n\n<div class=\"wp-block-redtree-grid-layout alignwide rt-mt-sm rt-mb-default rt-ml-default rt-mr-default rt-pt-default rt-pb-default rt-pl-default rt-pr-default\"><div class=\"rt-12-column-grid\">\n<div data-xl-column-start=\"0\" data-xl-column-end=\"12\" data-lg-column-start=\"0\" data-lg-column-end=\"12\" data-md-column-start=\"0\" data-md-column-end=\"12\" data-sm-column-start=\"0\" data-sm-column-end=\"12\" data-xs-column-start=\"0\" data-xs-column-end=\"12\" data-xl-row-start=\"0\" data-xl-row-end=\"0\" data-lg-row-start=\"0\" data-lg-row-end=\"0\" data-md-row-start=\"0\" data-md-row-end=\"0\" data-sm-row-start=\"0\" data-sm-row-end=\"0\" data-xs-row-start=\"0\" data-xs-row-end=\"0\" data-vertical-align=\"top\" class=\"wp-block-redtree-grid-layout-column rt-mt-default rt-mb-default rt-ml-default rt-mr-default rt-pt-default rt-pb-default rt-pl-default rt-pr-default\"><div class=\"wp-block-redtree-grid-layout-column--inner\">\n<div class=\"wp-block-redtree-standard-card alignfull is-style-style-1 rt-mt-default rt-mb-default rt-ml-default rt-mr-default rt-pt-default rt-pb-default rt-pl-default rt-pr-default\"><div class=\"rt-standard-card\"><div class=\"rt-standard-card--background\" style=\"background-color:;opacity:1\"><\/div><div class=\"rt-standard-card--image-container\" data-with-mask=\"true\"><img decoding=\"async\" src=\"https:\/\/caiready.com\/wp-content\/uploads\/2024\/10\/high-tech-factory-engineers-talk-and-use-computer.webp\" alt=\"\" style=\"opacity:1\"><\/div><div class=\"rt-standard-card--content-container\">\n<h3 class=\"wp-block-heading has-gradient-1-color has-text-color has-link-color wp-elements-752abe295a4f6b0c1206aa4fa239d5b1\">Trasformazione digitale<\/h3>\n\n\n\n<p>Guidiamo il successo sfruttando tecnologie all&#8217;avanguardia. Le nostre partnership strategiche ci permettono di essere all&#8217;avanguardia nell&#8217;innovazione, consentendo ai nostri clienti di raggiungere la prontezza e l&#8217;eccellenza operativa. <\/p>\n\n\n\n<div class=\"wp-block-buttons is-layout-flex wp-block-buttons-is-layout-flex\">\n<div class=\"wp-block-button is-style-outline is-button-arrow rt-button-shape-default is-style-outline--3\"><a class=\"wp-block-button__link wp-element-button\" href=\"\/life-sciences\/innovation\/\">Le nostre innovazioni<\/a><\/div>\n\n\n\n<div class=\"wp-block-button is-style-outline is-button-arrow rt-button-shape-default is-style-outline--4\"><a class=\"wp-block-button__link wp-element-button\" href=\"\/partnerships\/\">Le nostre partnership<\/a><\/div>\n<\/div>\n<\/div><\/div><\/div>\n<\/div><\/div>\n\n\n\n<div data-xl-column-start=\"0\" data-xl-column-end=\"6\" data-lg-column-start=\"0\" data-lg-column-end=\"6\" data-md-column-start=\"0\" data-md-column-end=\"6\" data-sm-column-start=\"0\" data-sm-column-end=\"12\" data-xs-column-start=\"0\" data-xs-column-end=\"12\" data-xl-row-start=\"0\" data-xl-row-end=\"0\" data-lg-row-start=\"0\" data-lg-row-end=\"0\" data-md-row-start=\"0\" data-md-row-end=\"0\" data-sm-row-start=\"0\" data-sm-row-end=\"0\" data-xs-row-start=\"0\" data-xs-row-end=\"0\" data-vertical-align=\"top\" class=\"wp-block-redtree-grid-layout-column rt-mt-default rt-mb-default rt-ml-default rt-mr-default rt-pt-default rt-pb-default rt-pl-default rt-pr-default\"><div class=\"wp-block-redtree-grid-layout-column--inner\">\n<div class=\"wp-block-redtree-standard-card is-style-style-1 rt-mt-default rt-mb-default rt-ml-default rt-mr-default rt-pt-default rt-pb-default rt-pl-default rt-pr-default\"><div class=\"rt-standard-card\" data-card-mask=\"true\"><div class=\"rt-standard-card--background\" style=\"background-color:;opacity:1\"><\/div><div class=\"rt-standard-card--content-container\">\n<h3 class=\"wp-block-heading has-gradient-1-color has-text-color has-link-color wp-elements-3b32e3156f881be3023c894671bdc078\">Impatto globale<\/h3>\n\n\n\n<p>Con sedi dislocate in pi\u00f9 di una dozzina di uffici internazionali, la nostra esperienza \u00e8 riconosciuta a livello globale. Quando i leader del settore hanno bisogno di un&#8217;accelerazione della preparazione e dell&#8217;eccellenza operativa, si rivolgono a CAI. <\/p>\n<\/div><\/div><\/div>\n<\/div><\/div>\n\n\n\n<div data-xl-column-start=\"0\" data-xl-column-end=\"6\" data-lg-column-start=\"0\" data-lg-column-end=\"6\" data-md-column-start=\"0\" data-md-column-end=\"6\" data-sm-column-start=\"0\" data-sm-column-end=\"12\" data-xs-column-start=\"0\" data-xs-column-end=\"12\" data-xl-row-start=\"0\" data-xl-row-end=\"0\" data-lg-row-start=\"0\" data-lg-row-end=\"0\" data-md-row-start=\"0\" data-md-row-end=\"0\" data-sm-row-start=\"0\" data-sm-row-end=\"0\" data-xs-row-start=\"0\" data-xs-row-end=\"0\" data-vertical-align=\"top\" class=\"wp-block-redtree-grid-layout-column rt-mt-default rt-mb-default rt-ml-default rt-mr-default rt-pt-default rt-pb-default rt-pl-default rt-pr-default\"><div class=\"wp-block-redtree-grid-layout-column--inner\">\n<div class=\"wp-block-redtree-standard-card is-style-style-1 rt-mt-default rt-mb-default rt-ml-default rt-mr-default rt-pt-default rt-pb-default rt-pl-default rt-pr-default\"><div class=\"rt-standard-card\" data-card-mask=\"true\"><div class=\"rt-standard-card--background\" style=\"background-color:;opacity:1\"><\/div><div class=\"rt-standard-card--content-container\">\n<h3 class=\"wp-block-heading has-gradient-1-color has-text-color has-link-color wp-elements-0a213a67f65d9f7d5e0f87dc3cd70bee\">Sostenibilit\u00e0<\/h3>\n\n\n\n<p>La sostenibilit\u00e0 \u00e8 parte integrante di tutti gli uffici, delle operazioni e degli sforzi dei clienti di CAI. Combinando le migliori pratiche di LEED, California Title 24, Green Buildings, Net Zero Energy Building e soluzioni energetiche alternative, aumentiamo l&#8217;efficienza mantenendo la conformit\u00e0. <\/p>\n<\/div><\/div><\/div>\n<\/div><\/div>\n<\/div><\/div>\n<\/div><\/div>\n\n\n\n<div class=\"wp-block-redtree-background alignfull rt-mt-default rt-mb-default rt-ml-default rt-mr-default rt-pt-default rt-pb-default rt-pl-default rt-pr-default\"><div class=\"wp-block-redtree-background--overlay\" style=\"background-color:#063176\"><\/div><div class=\"wp-block-redtree-background--image\"><\/div><div class=\"wp-block-redtree-background--content\">\n<div class=\"wp-block-redtree-media-content alignwide rt-mt-default rt-mb-default rt-ml-default rt-mr-default rt-pt-default rt-pb-default rt-pl-default rt-pr-default\"><div class=\"wp-block-redtree-media-content--inner media-position--left\" data-type=\"single-media\"><div class=\"wp-block-redtree-media-content--media\"><svg class=\"single-image-mask-lg\" xmlns=\"http:\/\/www.w3.org\/2000\/svg\" width=\"700\" height=\"450\" fill=\"none\" viewbox=\"0 24 700 450\"><defs><mask id=\"img-mask\" width=\"728\" height=\"552\" x=\"0\" y=\"0\" maskunits=\"userSpaceOnUse\"><path fill=\"#fff\" d=\"M479 526.045l225-129.913V23H0v503.045h479z\" class=\"image-mask\"><\/path><\/mask><filter id=\"filter0_d_834_2131\" width=\"752\" height=\"551.045\" x=\"-24\" y=\"0\" color-interpolation-filters=\"sRGB\" filterunits=\"userSpaceOnUse\"><feflood flood-opacity=\"0\" result=\"BackgroundImageFix\"\/><fecolormatrix in=\"SourceAlpha\" result=\"hardAlpha\" values=\"0 0 0 0 0 0 0 0 0 0 0 0 0 0 0 0 0 0 127 0\"\/><feoffset dy=\"1\"\/><fegaussianblur stddeviation=\"12\"\/><fecomposite in2=\"hardAlpha\" operator=\"out\"\/><fecolormatrix values=\"0 0 0 0 0.0784314 0 0 0 0 0.0784314 0 0 0 0 0.0784314 0 0 0 0.08 0\"\/><feblend in2=\"BackgroundImageFix\" result=\"effect1_dropShadow_834_2131\"\/><feblend in=\"SourceGraphic\" in2=\"effect1_dropShadow_834_2131\" result=\"shape\"\/><\/filter><\/defs><g filter=\"url(#filter0_d_834_2131)\"><image width=\"700\" height=\"475\" href=\"https:\/\/caiready.com\/wp-content\/uploads\/2024\/10\/woman-scientist-glasses.webp\" mask=\"url(#img-mask)\" preserveaspectratio=\"xMidYMid slice\"\/><\/g><\/svg><\/div><div class=\"wp-block-redtree-media-content--content\">\n<h2 class=\"wp-block-heading has-rt-white-color has-text-color has-link-color wp-elements-dcac33c2027fb14dfaaa4216eaf8fa50\">Unisciti al nostro team<\/h2>\n\n\n\n<p class=\"has-rt-white-color has-text-color has-link-color wp-elements-a92b01595898d352a95bd3283927a5f6\">Sei pronto a diventare un leader nell&#8217;innovazione globale? Collabora con i migliori e pi\u00f9 brillanti del settore. <\/p>\n\n\n\n<div class=\"wp-block-buttons is-layout-flex wp-block-buttons-is-layout-flex\">\n<div class=\"wp-block-button is-style-outline is-button-arrow rt-button-shape-default is-style-outline--5\"><a class=\"wp-block-button__link has-rt-white-background-color has-background wp-element-button\" href=\"\/careers\/\">Unisciti a noi<\/a><\/div>\n<\/div>\n<\/div><\/div><\/div>\n<\/div><\/div>\n","protected":false},"excerpt":{"rendered":"","protected":false},"author":1,"featured_media":0,"parent":0,"menu_order":0,"comment_status":"closed","ping_status":"closed","template":"","meta":{"_acf_changed":false,"footnotes":""},"class_list":["post-359516","page","type-page","status-publish","hentry"],"acf":[],"featured_image_src":null,"featured_image_src_square":null,"_links":{"self":[{"href":"https:\/\/caiready.com\/it\/wp-json\/wp\/v2\/pages\/359516","targetHints":{"allow":["GET"]}}],"collection":[{"href":"https:\/\/caiready.com\/it\/wp-json\/wp\/v2\/pages"}],"about":[{"href":"https:\/\/caiready.com\/it\/wp-json\/wp\/v2\/types\/page"}],"author":[{"embeddable":true,"href":"https:\/\/caiready.com\/it\/wp-json\/wp\/v2\/users\/1"}],"replies":[{"embeddable":true,"href":"https:\/\/caiready.com\/it\/wp-json\/wp\/v2\/comments?post=359516"}],"version-history":[{"count":0,"href":"https:\/\/caiready.com\/it\/wp-json\/wp\/v2\/pages\/359516\/revisions"}],"wp:attachment":[{"href":"https:\/\/caiready.com\/it\/wp-json\/wp\/v2\/media?parent=359516"}],"curies":[{"name":"wp","href":"https:\/\/api.w.org\/{rel}","templated":true}]}}