{"id":359560,"date":"2024-09-16T14:31:51","date_gmt":"2024-09-16T18:31:51","guid":{"rendered":"https:\/\/caiready.com\/condiciones-de-uso\/"},"modified":"2024-09-16T14:31:51","modified_gmt":"2024-09-16T18:31:51","slug":"condiciones-de-uso","status":"publish","type":"page","link":"https:\/\/caiready.com\/es\/condiciones-de-uso\/","title":{"rendered":"Condiciones de uso"},"content":{"rendered":"\n<h1 class=\"wp-block-heading\">Condiciones de uso<\/h1>\n\n\n\n<p><strong>1.<\/strong>&nbsp;Este aviso legal se aplica a todo el contenido del Sitio Web bajo el nombre de dominio&nbsp; cagents<a href=\"http:\/\/www.cagents.com\/\" rel=\"nofollow noopener\" target=\"_blank\">.com<\/a>.&nbsp; El Grupo CAI se reserva todos los derechos no concedidos expresamente en estas condiciones.<\/p>\n\n\n\n<p><strong>2. PROTECCI\u00d3N DE DATOS Y DERECHOS DE AUTOR<br><\/strong>2.1&nbsp;A menos que se indique lo contrario, los derechos de autor y otros derechos de propiedad intelectual de todo el material del Sitio Web (incluyendo, sin limitaci\u00f3n, fotograf\u00edas e im\u00e1genes gr\u00e1ficas) son propiedad de CAI Group o de sus licenciantes.\nA los efectos del presente aviso legal, queda prohibido cualquier uso de extractos del Sitio web que no se ajuste a la cl\u00e1usula 3.1 para cualquier fin.\nSi incumples cualquiera de los t\u00e9rminos de este aviso legal, tu permiso para utilizar el Sitio Web finalizar\u00e1 autom\u00e1ticamente y deber\u00e1s destruir inmediatamente cualquier extracto descargado o impreso del Sitio Web.  <br>2.2&nbsp;Sin perjuicio de lo dispuesto en la cl\u00e1usula 3.1, ninguna parte del Sitio web podr\u00e1 reproducirse ni almacenarse en ning\u00fan otro sitio web ni incluirse en ning\u00fan sistema o servicio de recuperaci\u00f3n electr\u00f3nica p\u00fablico o privado sin el permiso previo por escrito del Grupo CAI.<br>2.3&nbsp;Podemos recopilar informaci\u00f3n sobre tu ordenador, incluyendo, cuando est\u00e9 disponible, tu sistema operativo&nbsp;y el tipo de navegador para la administraci\u00f3n del sistema y para reportar informaci\u00f3n agregada para an\u00e1lisis estad\u00edsticos que nos ayuden a mejorar nuestros servicios.&nbsp;  Se trata de datos estad\u00edsticos sobre las acciones y pautas de navegaci\u00f3n de nuestros usuarios y no identifican a ninguna persona.&nbsp;&nbsp;&nbsp;Podemos obtener informaci\u00f3n sobre tu uso general de Internet utilizando un archivo cookie que se almacena en tu navegador o en el disco duro de tu ordenador.&nbsp;  Si utilizas nuestro sitio, aceptas el uso que hacemos de las cookies.<br>2.4 En ocasiones, se te pedir\u00e1 que env\u00edes informaci\u00f3n personal sobre ti (por ejemplo, nombre, direcci\u00f3n de correo electr\u00f3nico, organizaci\u00f3n, etc.) para recibir servicios a trav\u00e9s de nuestro Sitio web, como informaci\u00f3n relacionada con oportunidades profesionales y solicitudes de informaci\u00f3n sobre el trabajo del Grupo CAI.&nbsp;  Al introducir tus datos en el campo solicitado, permites que el Grupo CAI te proporcione los servicios solicitados.\nCualquier informaci\u00f3n que proporciones no ser\u00e1 facilitada a nadie ajeno al Grupo CAI sin obtener previamente tu consentimiento, a menos que estemos obligados o la ley nos permita revelarla. &nbsp;  Dicha informaci\u00f3n se conservar\u00e1 en nuestros sistemas durante el tiempo que la finalidad lo requiera.&nbsp;  Nos aseguraremos de que toda la informaci\u00f3n personal se conserve de forma segura de acuerdo con la legislaci\u00f3n pertinente sobre protecci\u00f3n de datos.&nbsp;  Para solicitar informaci\u00f3n sobre el acceso a tus datos personales o si tienes alguna pregunta relacionada con la pol\u00edtica de protecci\u00f3n de datos y privacidad del Grupo CAI, ponte en contacto con el director de Negocios Europeos, Brian McGowan, Swords Dubl\u00edn, Irlanda.&nbsp;  Ten en cuenta que podemos cobrar una tasa administrativa de 6 euros por las solicitudes de informaci\u00f3n.<\/p>\n\n\n\n<p><strong>3. LICENCIA<br><\/strong>3.1&nbsp;Se te permite imprimir y descargar extractos del Sitio Web en las siguientes condiciones:<br>(a)&nbsp;ning\u00fan documento o gr\u00e1fico relacionado del Sitio Web se modifique en modo alguno;<br>(b)&nbsp;ning\u00fan gr\u00e1fico del Sitio Web se utilice por separado del texto correspondiente;<br>(c)&nbsp;el uso de dichos extractos sea \u00fanicamente para uso informativo y no comercial o personal y no se copie ni se publique en ning\u00fan ordenador de la red ni se difunda en ning\u00fan medio; y<br>(d)&nbsp;los avisos de copyright y marca registrada de CAI Group y este aviso de permiso aparezcan en todas las copias.<\/p>\n\n\n\n<p><strong>4. ACCESO AL SERVICIO<br><\/strong>4.1&nbsp;El acceso al Sitio Web puede suspenderse temporalmente y sin previo aviso en caso de fallo del sistema, mantenimiento o reparaci\u00f3n o por razones ajenas al control de Grupo CAI.<\/p>\n\n\n\n<p><strong>5.<\/strong>5. <strong>ENLACES A Y DESDE OTROS SITIOS WEB<br><\/strong>5.1&nbsp;Los enlaces a sitios web de terceros en el Sitio Web se proporcionan \u00fanicamente para tu comodidad.\nSi utilizas estos enlaces, abandonas el Sitio Web.\nEl Grupo CAI no ha revisado todos estos sitios web de terceros y no controla ni es responsable de estos sitios web ni de su contenido o disponibilidad.\nPor lo tanto, el Grupo CAI no respalda ni hace ninguna declaraci\u00f3n sobre ellos, ni sobre ning\u00fan material que se encuentre en ellos, ni sobre los resultados que puedan obtenerse al utilizarlos.\nSi decides acceder a cualquiera de los sitios web de terceros vinculados al Sitio Web, lo haces bajo tu propia responsabilidad.    <br>5.2&nbsp;Si deseas establecer un enlace con el Sitio Web, s\u00f3lo podr\u00e1s hacerlo si enlazas con la p\u00e1gina de inicio del Sitio Web, pero sin reproducirla, y con sujeci\u00f3n a las siguientes condiciones:<br>(a)&nbsp;t\u00fa&nbsp;  no elimines, distorsiones o alteres de cualquier otro modo el tama\u00f1o o la apariencia del logotipo del Grupo CAI;<br>(b)&nbsp;no crees un marco o cualquier otro entorno de navegador o borde alrededor del Sitio Web;<br>(c)&nbsp;no implica en modo alguno que el Grupo CAI respalde otros productos o servicios que no sean los suyos propios;<br>(d)&nbsp;no tergiverses tu relaci\u00f3n con el Grupo CAI ni presentes ninguna otra informaci\u00f3n falsa sobre el Grupo CAI;<br>(e)&nbsp;no utilices de ning\u00fan otro modo las marcas comerciales de CAI Group que aparecen en el Sitio web sin el permiso expreso por escrito de CAI Group;<br>(f)&nbsp;no establezcas un enlace desde un sitio web que no sea de tu propiedad; y<br>(g)&nbsp;tu sitio web no contenga contenidos desagradables, ofensivos o controvertidos, que infrinjan los derechos de propiedad intelectual u otros derechos de cualquier otra persona o que incumplan de alg\u00fan otro modo todas las leyes y normativas aplicables.<br>(h)&nbsp;no hagas un mal uso de nuestro Sitio Web introduciendo a sabiendas virus, troyanos, gusanos, bombas l\u00f3gicas u otros materiales.<br>5.3&nbsp;Grupo CAI se reserva expresamente el derecho a revocar el derecho concedido en la cl\u00e1usula 5.2 por incumplimiento de estas condiciones y a emprender las acciones que considere oportunas.<br>5.4&nbsp;El Grupo de empresas CAI, los directivos, administradores y empleados de cualquiera de ellos excluyen toda responsabilidad por cualquier cantidad o tipo de p\u00e9rdida o da\u00f1o que pueda ocasionarte a ti o a un tercero (incluyendo, sin limitaci\u00f3n, cualquier p\u00e9rdida o da\u00f1o directo, indirecto, punitivo o consecuente que surja o est\u00e9 relacionado de alg\u00fan modo con la interrupci\u00f3n de la actividad empresarial (ya sea por agravio, negligencia, contrato o de otro modo) en relaci\u00f3n con el Sitio web, incluyendo, sin limitaci\u00f3n, la p\u00e9rdida o da\u00f1o debido a virus que puedan infectar tu equipo inform\u00e1tico, software o datos.&nbsp;  Si tu uso del material del Sitio Web da lugar a la necesidad de mantenimiento, reparaci\u00f3n o correcci\u00f3n de equipos, software o datos, t\u00fa asumes todos los costes derivados de ello.<\/p>\n\n\n\n<p><strong>6. RENUNCIA DE RESPONSABILIDAD<br><\/strong>6.1&nbsp;Aunque Grupo CAI se esfuerza por garantizar que la informaci\u00f3n de la Web es correcta, Grupo CAI no garantiza la exactitud e integridad del material de la Web.\nEl Grupo CAI puede realizar cambios en el material de la Web en cualquier momento y sin previo aviso.\nEl material de la Web puede estar desfasado y el Grupo CAI no se compromete a actualizarlo.\nEl material del sitio web se proporciona \u00abtal cual\u00bb, sin condiciones, garant\u00edas ni otros t\u00e9rminos de ning\u00fan tipo.   <\/p>\n\n\n\n<p><strong>7. LEGISLACI\u00d3N APLICABLE Y JURISDICCI\u00d3N<br><\/strong>Los tribunales irlandeses tendr\u00e1n jurisdicci\u00f3n exclusiva sobre cualquier reclamaci\u00f3n derivada o relacionada con una visita a nuestro Sitio Web, aunque nos reservamos el derecho a iniciar procedimientos contra ti por incumplimiento de estas condiciones en tu pa\u00eds de residencia o en cualquier otro pa\u00eds pertinente.&nbsp; Estas condiciones de uso y cualquier disputa o reclamaci\u00f3n que surja de o en relaci\u00f3n con ellas o su objeto se regir\u00e1n e interpretar\u00e1n con las leyes de Irlanda.<\/p>\n\n\n\n<p>Si tienes alguna duda sobre el material que aparece en nuestro Sitio Web, ponte en contacto con&nbsp;<a href=\"mailto:CAIConnected@CAgents.com\" target=\"_blank\" rel=\"noreferrer noopener\">CAIConnected@CAgents.com.<\/a><\/p>\n\n\n\n<p>Gracias por visitar nuestro sitio web.<\/p>\n","protected":false},"excerpt":{"rendered":"<p>Condiciones de uso 1.&nbsp;Este aviso legal se aplica a todo el contenido del Sitio Web bajo el nombre de dominio&nbsp; cagents.com.&nbsp; El Grupo CAI se reserva todos los derechos no concedidos expresamente en estas condiciones. 2. PROTECCI\u00d3N DE DATOS Y DERECHOS DE AUTOR2.1&nbsp;A menos que se indique lo contrario, los derechos de autor y otros [&hellip;]<\/p>\n","protected":false},"author":1,"featured_media":0,"parent":0,"menu_order":0,"comment_status":"closed","ping_status":"closed","template":"page-alignwide.php","meta":{"_acf_changed":false,"footnotes":""},"class_list":["post-359560","page","type-page","status-publish","hentry"],"acf":[],"featured_image_src":null,"featured_image_src_square":null,"_links":{"self":[{"href":"https:\/\/caiready.com\/es\/wp-json\/wp\/v2\/pages\/359560","targetHints":{"allow":["GET"]}}],"collection":[{"href":"https:\/\/caiready.com\/es\/wp-json\/wp\/v2\/pages"}],"about":[{"href":"https:\/\/caiready.com\/es\/wp-json\/wp\/v2\/types\/page"}],"author":[{"embeddable":true,"href":"https:\/\/caiready.com\/es\/wp-json\/wp\/v2\/users\/1"}],"replies":[{"embeddable":true,"href":"https:\/\/caiready.com\/es\/wp-json\/wp\/v2\/comments?post=359560"}],"version-history":[{"count":0,"href":"https:\/\/caiready.com\/es\/wp-json\/wp\/v2\/pages\/359560\/revisions"}],"wp:attachment":[{"href":"https:\/\/caiready.com\/es\/wp-json\/wp\/v2\/media?parent=359560"}],"curies":[{"name":"wp","href":"https:\/\/api.w.org\/{rel}","templated":true}]}}