{"id":359546,"date":"2024-09-21T14:39:26","date_gmt":"2024-09-21T18:39:26","guid":{"rendered":"https:\/\/caiready.com\/nuestras-asociaciones\/"},"modified":"2024-10-11T11:37:29","modified_gmt":"2024-10-11T15:37:29","slug":"nuestras-asociaciones","status":"publish","type":"page","link":"https:\/\/caiready.com\/es\/nuestras-asociaciones\/","title":{"rendered":"Nuestras asociaciones"},"content":{"rendered":"\n<div class=\"wp-block-redtree-masthead alignfull rt-mt-default rt-mb-default rt-ml-default rt-mr-default rt-pt-default rt-pb-default rt-pl-default rt-pr-default\"><div class=\"wp-block-redtree-masthead--inner alignwide\"><div class=\"wp-block-redtree-masthead--inner--content-container\"><div class=\"wp-block-redtree-masthead--image\"><svg class=\"media-mask\" xmlns=\"http:\/\/www.w3.org\/2000\/svg\" width=\"1088\" height=\"795\" fill=\"none\" viewbox=\"0 7 1088 794\"><defs><mask id=\"hexMask\"><path fill=\"#fff\" d=\"M364 7h40.5l334.556 191.25v432.5L404.5 801h-112L-1 623V197L322.5 7H364z\"><\/path><\/mask><\/defs><image width=\"748\" height=\"802\" href=\"https:\/\/caiready.com\/wp-content\/uploads\/2024\/10\/technician-walking-in-server-room.webp\" mask=\"url(#hexMask)\" preserveaspectratio=\"xMidYMid slice\"\/><g filter=\"url(#filter0_d_834_2034)\"><path fill=\"url(#paint0_linear_834_2034)\" d=\"M738.895 199L1080 7H405l333.895 192z\" class=\"geo-2\"><\/path><\/g><g filter=\"url(#filter1_d_834_2034)\"><path fill=\"#031634\" d=\"M0 202V7h334L0 202z\" class=\"geo-1\"><\/path><\/g><g filter=\"url(#filter2_d_834_2034)\"><path fill=\"url(#paint1_linear_834_2034)\" d=\"M0 619l336 182H0V619z\" class=\"geo-3\"><\/path><\/g><defs><filter id=\"filter0_d_834_2034\" width=\"691\" height=\"208\" x=\"397\" y=\"0\" color-interpolation-filters=\"sRGB\" filterunits=\"userSpaceOnUse\"><feflood flood-opacity=\"0\" result=\"BackgroundImageFix\"\/><fecolormatrix in=\"SourceAlpha\" result=\"hardAlpha\" values=\"0 0 0 0 0 0 0 0 0 0 0 0 0 0 0 0 0 0 127 0\"\/><feoffset dy=\"1\"\/><fegaussianblur stddeviation=\"4\"\/><fecomposite in2=\"hardAlpha\" operator=\"out\"\/><fecolormatrix values=\"0 0 0 0 0.0784314 0 0 0 0 0.0784314 0 0 0 0 0.0784314 0 0 0 0.08 0\"\/><feblend in2=\"BackgroundImageFix\" result=\"effect1_dropShadow_834_2034\"\/><feblend in=\"SourceGraphic\" in2=\"effect1_dropShadow_834_2034\" result=\"shape\"\/><\/filter><filter id=\"filter1_d_834_2034\" width=\"350\" height=\"211\" x=\"-8\" y=\"0\" color-interpolation-filters=\"sRGB\" filterunits=\"userSpaceOnUse\"><feflood flood-opacity=\"0\" result=\"BackgroundImageFix\"\/><fecolormatrix in=\"SourceAlpha\" result=\"hardAlpha\" values=\"0 0 0 0 0 0 0 0 0 0 0 0 0 0 0 0 0 0 127 0\"\/><feoffset dy=\"1\"\/><fegaussianblur stddeviation=\"4\"\/><fecomposite in2=\"hardAlpha\" operator=\"out\"\/><fecolormatrix values=\"0 0 0 0 0.0784314 0 0 0 0 0.0784314 0 0 0 0 0.0784314 0 0 0 0.08 0\"\/><feblend in2=\"BackgroundImageFix\" result=\"effect1_dropShadow_834_2034\"\/><feblend in=\"SourceGraphic\" in2=\"effect1_dropShadow_834_2034\" result=\"shape\"\/><\/filter><filter id=\"filter2_d_834_2034\" width=\"352\" height=\"198\" x=\"-8\" y=\"612\" color-interpolation-filters=\"sRGB\" filterunits=\"userSpaceOnUse\"><feflood flood-opacity=\"0\" result=\"BackgroundImageFix\"\/><fecolormatrix in=\"SourceAlpha\" result=\"hardAlpha\" values=\"0 0 0 0 0 0 0 0 0 0 0 0 0 0 0 0 0 0 127 0\"\/><feoffset dy=\"1\"\/><fegaussianblur stddeviation=\"4\"\/><fecomposite in2=\"hardAlpha\" operator=\"out\"\/><fecolormatrix values=\"0 0 0 0 0.0784314 0 0 0 0 0.0784314 0 0 0 0 0.0784314 0 0 0 0.08 0\"\/><feblend in2=\"BackgroundImageFix\" result=\"effect1_dropShadow_834_2034\"\/><feblend in=\"SourceGraphic\" in2=\"effect1_dropShadow_834_2034\" result=\"shape\"\/><\/filter><lineargradient id=\"paint0_linear_834_2034\" x1=\"1080\" x2=\"991.336\" y1=\"7\" y2=\"341.878\" gradientunits=\"userSpaceOnUse\"><stop stop-color=\"#92E070\"\/><stop offset=\"1\" stop-color=\"#02AE5C\"\/><\/lineargradient><lineargradient id=\"paint1_linear_834_2034\" x1=\"274.181\" x2=\"-30.726\" y1=\"751.047\" y2=\"954.67\" gradientunits=\"userSpaceOnUse\"><stop stop-color=\"#92E070\"\/><stop offset=\"1\" stop-color=\"#02AE5C\"\/><\/lineargradient><lineargradient id=\"mc_gradient\" x1=\"1080\" x2=\"991.336\" y1=\"7\" y2=\"341.878\" gradientunits=\"userSpaceOnUse\"><stop stop-color=\"#5F8FFD\"\/><stop offset=\"1\" stop-color=\"#6C34F7\"\/><\/lineargradient><lineargradient id=\"core_gradient\" x1=\"1080\" x2=\"991.336\" y1=\"7\" y2=\"341.878\" gradientunits=\"userSpaceOnUse\"><stop stop-color=\"#188FD2\"\/><stop offset=\"1\" stop-color=\"#50E4E1\"\/><\/lineargradient><\/defs><\/svg><\/div><div class=\"wp-block-redtree-masthead--content\">\n<h1 class=\"wp-block-heading\">Nuestras asociaciones y organizaciones<\/h1>\n\n\n\n<p class=\"h3 has-gradient-1-color has-text-color has-link-color wp-elements-09748af6977f993c1854aef354e17671\">Somos l\u00edderes apasionados del sector<\/p>\n<\/div><\/div><\/div><\/div>\n\n\n\n<div class=\"wp-block-redtree-background alignfull rt-mt-default rt-mb-default rt-ml-default rt-mr-default rt-pt-default rt-pb-default rt-pl-default rt-pr-default\"><div class=\"wp-block-redtree-background--overlay\" style=\"background-color:#f6f6f6\"><\/div><div class=\"wp-block-redtree-background--image\"><\/div><div class=\"wp-block-redtree-background--content\">\n<div class=\"wp-block-redtree-media-content alignwide rt-mt-default rt-mb-default rt-ml-default rt-mr-default rt-pt-default rt-pb-default rt-pl-default rt-pr-default\"><div class=\"wp-block-redtree-media-content--inner media-position--right\" data-type=\"single-media\"><div class=\"wp-block-redtree-media-content--media\"><svg class=\"single-image-mask-lg\" xmlns=\"http:\/\/www.w3.org\/2000\/svg\" width=\"700\" height=\"450\" fill=\"none\" viewbox=\"0 24 700 450\"><defs><mask id=\"img-mask\" width=\"728\" height=\"552\" x=\"0\" y=\"0\" maskunits=\"userSpaceOnUse\"><path fill=\"#fff\" d=\"M479 526.045l225-129.913V23H0v503.045h479z\" class=\"image-mask\"><\/path><\/mask><filter id=\"filter0_d_834_2131\" width=\"752\" height=\"551.045\" x=\"-24\" y=\"0\" color-interpolation-filters=\"sRGB\" filterunits=\"userSpaceOnUse\"><feflood flood-opacity=\"0\" result=\"BackgroundImageFix\"\/><fecolormatrix in=\"SourceAlpha\" result=\"hardAlpha\" values=\"0 0 0 0 0 0 0 0 0 0 0 0 0 0 0 0 0 0 127 0\"\/><feoffset dy=\"1\"\/><fegaussianblur stddeviation=\"12\"\/><fecomposite in2=\"hardAlpha\" operator=\"out\"\/><fecolormatrix values=\"0 0 0 0 0.0784314 0 0 0 0 0.0784314 0 0 0 0 0.0784314 0 0 0 0.08 0\"\/><feblend in2=\"BackgroundImageFix\" result=\"effect1_dropShadow_834_2131\"\/><feblend in=\"SourceGraphic\" in2=\"effect1_dropShadow_834_2131\" result=\"shape\"\/><\/filter><\/defs><g filter=\"url(#filter0_d_834_2131)\"><image width=\"700\" height=\"475\" href=\"https:\/\/caiready.com\/wp-content\/uploads\/2024\/10\/female-engineer-in-hard-hat-walknig-and-using-laptop.webp\" mask=\"url(#img-mask)\" preserveaspectratio=\"xMidYMid slice\"\/><\/g><\/svg><\/div><div class=\"wp-block-redtree-media-content--content\">\n<h2 class=\"wp-block-heading\">Fijamos las normas del sector<\/h2>\n\n\n\n<p>Nuestra incesante b\u00fasqueda de la excelencia y nuestra participaci\u00f3n activa en numerosas sociedades profesionales nos han ayudado a impulsar la eficiencia y la mejora de los procesos en los sectores de las Ciencias de la Vida y las Misiones Cr\u00edticas.<\/p>\n<\/div><\/div><\/div>\n<\/div><\/div>\n\n\n\n<div class=\"wp-block-redtree-background alignfull rt-mt-default rt-mb-default rt-ml-default rt-mr-default rt-pt-md rt-pb-md rt-pl-default rt-pr-default\"><div class=\"wp-block-redtree-background--overlay\" style=\"background-color:\"><\/div><div class=\"wp-block-redtree-background--image\"><img decoding=\"async\" src=\"https:\/\/caiready.com\/wp-content\/uploads\/2024\/09\/network.webp\" alt=\"\" style=\"opacity:1;left:0%;top:0%\"><\/div><div class=\"wp-block-redtree-background--content\">\n<div class=\"wp-block-group alignwide is-vertical is-layout-flex wp-container-core-group-is-layout-8cf370e7 wp-block-group-is-layout-flex\">\n<h2 class=\"wp-block-heading\">Nuestros mayores impactos<\/h2>\n\n\n\n<p>CAI ha contribuido sustancialmente a las siguientes gu\u00edas y buenas pr\u00e1cticas del sector:<\/p>\n<\/div>\n\n\n\n<div data-xl-slides=\"2\" data-lg-slides=\"2\" data-md-slides=\"3\" data-sm-slides=\"2\" data-xs-slides=\"1\" data-show-dots=\"false\" data-show-arrows=\"true\" class=\"wp-block-redtree-slider alignwide rt-mt-default rt-mb-default rt-ml-default rt-mr-default rt-pt-default rt-pb-default rt-pl-default rt-pr-default\"><div class=\"wp-block-redtree-slider--inner embla\"><div class=\"wp-block-redtree-slider--inner--controls embla__controls\"><div class=\"wp-block-redtree-slider--inner--controls--buttons embla__controls--buttons embla__buttons\"><button class=\"wp-block-redtree-slider--inner--controls--buttons--button embla__button embla__button--prev\" type=\"button\"><svg xmlns=\"http:\/\/www.w3.org\/2000\/svg\" width=\"11\" height=\"18\" fill=\"none\" viewbox=\"0 0 11 18\"><path fill=\"#5B4C91\" d=\"M.278 8.677l7.7-7.7a.95.95 0 011.345 0l.899.898c.37.37.37.971.001 1.343L4.121 9.349l6.102 6.131c.37.372.37.973-.002 1.343l-.898.898a.951.951 0 01-1.344 0l-7.7-7.7a.95.95 0 010-1.344z\" class=\"chevron-icon\"><\/path><\/svg><\/button><button class=\"wp-block-redtree-slider--inner--controls--buttons--button embla__button embla__button--next\" type=\"button\"><svg xmlns=\"http:\/\/www.w3.org\/2000\/svg\" width=\"11\" height=\"18\" fill=\"none\" viewbox=\"0 0 11 18\"><path fill=\"#5B4C91\" d=\"M.278 8.677l7.7-7.7a.95.95 0 011.345 0l.899.898c.37.37.37.971.001 1.343L4.121 9.349l6.102 6.131c.37.372.37.973-.002 1.343l-.898.898a.951.951 0 01-1.344 0l-7.7-7.7a.95.95 0 010-1.344z\" class=\"chevron-icon\"><\/path><\/svg><\/button><\/div><\/div><div class=\"wp-block-redtree-slider--inner--viewport embla__viewport\"><div class=\"wp-block-redtree-slider--inner--viewport--container embla__container\">\n<div class=\"wp-block-redtree-slide embla__slide rt-mt-default rt-mb-default rt-ml-default rt-mr-default rt-pt-default rt-pb-default rt-pl-default rt-pr-default\">\n<div class=\"wp-block-redtree-standard-card is-style-style-1 rt-mt-default rt-mb-default rt-ml-default rt-mr-default rt-pt-default rt-pb-default rt-pl-default rt-pr-default\"><div class=\"rt-standard-card\" data-card-mask=\"true\"><div class=\"rt-standard-card--background\" style=\"background-color:;opacity:1\"><\/div><div class=\"rt-standard-card--content-container\">\n<h3 class=\"wp-block-heading\">ASHRAE<\/h3>\n\n\n\n<ul class=\"wp-block-list\">\n<li>Norma AHSRAE 202 Proceso de puesta en servicio de edificios y sistemas<\/li>\n\n\n\n<li>Directriz 0 de ASHRAE El proceso de puesta en servicio de sistemas y conjuntos existentes<\/li>\n\n\n\n<li>Comit\u00e9 T\u00e9cnico 9.11 de ASHRAE Salas Limpias<\/li>\n<\/ul>\n\n\n\n<div style=\"height:0px\" aria-hidden=\"true\" class=\"wp-block-spacer\"><\/div>\n<\/div><\/div><\/div>\n<\/div>\n\n\n\n<div class=\"wp-block-redtree-slide embla__slide rt-mt-default rt-mb-default rt-ml-default rt-mr-default rt-pt-default rt-pb-default rt-pl-default rt-pr-default\">\n<div class=\"wp-block-redtree-standard-card is-style-style-1 rt-mt-default rt-mb-default rt-ml-default rt-mr-default rt-pt-default rt-pb-default rt-pl-default rt-pr-default\"><div class=\"rt-standard-card\" data-card-mask=\"true\"><div class=\"rt-standard-card--background\" style=\"background-color:;opacity:1\"><\/div><div class=\"rt-standard-card--content-container\">\n<h3 class=\"wp-block-heading\">ASTM<\/h3>\n\n\n\n<ul class=\"wp-block-list\">\n<li>ASTM E53 &#8211; Mejores pr\u00e1cticas de gesti\u00f3n de activos<\/li>\n\n\n\n<li>ASTM E53.10 &#8211; ISO\/TC 251 ISO 55000 Gesti\u00f3n de activos<\/li>\n\n\n\n<li>Equipo de desarrollo de la norma ASTM E2500 (varios miembros del equipo)<\/li>\n\n\n\n<li>Comit\u00e9s de Normas ISPE ASTM E-55, ASTM D-19, Comit\u00e9 de Expertos en Agua USP<\/li>\n<\/ul>\n<\/div><\/div><\/div>\n<\/div>\n\n\n\n<div class=\"wp-block-redtree-slide embla__slide rt-mt-default rt-mb-default rt-ml-default rt-mr-default rt-pt-default rt-pb-default rt-pl-default rt-pr-default\">\n<div class=\"wp-block-redtree-standard-card is-style-style-1 rt-mt-default rt-mb-default rt-ml-default rt-mr-default rt-pt-default rt-pb-default rt-pl-default rt-pr-default\"><div class=\"rt-standard-card\" data-card-mask=\"true\"><div class=\"rt-standard-card--background\" style=\"background-color:;opacity:1\"><\/div><div class=\"rt-standard-card--content-container\">\n<h3 class=\"wp-block-heading\">BCA<\/h3>\n\n\n\n<ul class=\"wp-block-list\">\n<li>Gu\u00eda de buenas pr\u00e1cticas para la puesta en servicio de edificios de nueva construcci\u00f3n de BCA<\/li>\n\n\n\n<li>Junta Directiva de la Secci\u00f3n Noroeste de BCA<\/li>\n<\/ul>\n<\/div><\/div><\/div>\n<\/div>\n\n\n\n<div class=\"wp-block-redtree-slide embla__slide rt-mt-default rt-mb-default rt-ml-default rt-mr-default rt-pt-default rt-pb-default rt-pl-default rt-pr-default\">\n<div class=\"wp-block-redtree-standard-card is-style-style-1 rt-mt-default rt-mb-default rt-ml-default rt-mr-default rt-pt-default rt-pb-default rt-pl-default rt-pr-default\"><div class=\"rt-standard-card\" data-card-mask=\"true\"><div class=\"rt-standard-card--background\" style=\"background-color:;opacity:1\"><\/div><div class=\"rt-standard-card--content-container\">\n<h3 class=\"wp-block-heading\">ISPE<\/h3>\n\n\n\n<ul class=\"wp-block-list\">\n<li>ISPE Baseline Guide Volumen 5 para C&amp;Q autor principal<\/li>\n\n\n\n<li>ISPE GPG para autor de Buenas Pr\u00e1cticas de Ingenier\u00eda<\/li>\n\n\n\n<li>GPG de Gesti\u00f3n de Activos ISPE (nueva) y GPG de Mantenimiento (revisi\u00f3n)<\/li>\n\n\n\n<li>Copresidente de la Comunidad de Pr\u00e1ctica de IA de la ISPE<\/li>\n<\/ul>\n<\/div><\/div><\/div>\n<\/div>\n<\/div><\/div><\/div><\/div>\n<\/div><\/div>\n\n\n\n<div class=\"wp-block-redtree-background alignfull is-style-overlay-1 rt-mt-default rt-mb-default rt-ml-default rt-mr-default rt-pt-default rt-pb-default rt-pl-default rt-pr-default\"><div class=\"wp-block-redtree-background--overlay\" style=\"background-color:\"><\/div><div class=\"wp-block-redtree-background--image\"><\/div><div class=\"wp-block-redtree-background--content\">\n<div class=\"wp-block-redtree-grid-layout alignwide rt-mt-default rt-mb-default rt-ml-default rt-mr-default rt-pt-default rt-pb-default rt-pl-default rt-pr-default\"><div class=\"rt-12-column-grid\">\n<div data-xl-column-start=\"0\" data-xl-column-end=\"4\" data-lg-column-start=\"0\" data-lg-column-end=\"4\" data-md-column-start=\"0\" data-md-column-end=\"12\" data-sm-column-start=\"0\" data-sm-column-end=\"12\" data-xs-column-start=\"0\" data-xs-column-end=\"12\" data-xl-row-start=\"0\" data-xl-row-end=\"0\" data-lg-row-start=\"0\" data-lg-row-end=\"0\" data-md-row-start=\"0\" data-md-row-end=\"0\" data-sm-row-start=\"0\" data-sm-row-end=\"0\" data-xs-row-start=\"0\" data-xs-row-end=\"0\" data-vertical-align=\"top\" class=\"wp-block-redtree-grid-layout-column rt-mt-default rt-mb-default rt-ml-default rt-mr-default rt-pt-md rt-pb-md rt-pl-default rt-pr-default\"><div class=\"wp-block-redtree-grid-layout-column--inner\">\n<h2 class=\"wp-block-heading has-gradient-1-color has-text-color has-link-color wp-elements-bddb838b98e2f230f3c8a1f15d701484\">Nuestras sociedades profesionales<\/h2>\n\n\n\n<p>Promovemos activamente la participaci\u00f3n en sociedades profesionales para seguir aprendiendo, creciendo y conectando con colegas y expertos del sector.\nA continuaci\u00f3n enumeramos nuestras organizaciones favoritas. &nbsp;<\/p>\n\n\n\n<p><em>Nota: El hecho de aparecer en esta p\u00e1gina no significa necesariamente que respaldemos nuestra empresa o nuestros servicios.<\/em><\/p>\n<\/div><\/div>\n\n\n\n<div data-xl-column-start=\"6\" data-xl-column-end=\"6\" data-lg-column-start=\"6\" data-lg-column-end=\"6\" data-md-column-start=\"0\" data-md-column-end=\"12\" data-sm-column-start=\"0\" data-sm-column-end=\"12\" data-xs-column-start=\"0\" data-xs-column-end=\"12\" data-xl-row-start=\"0\" data-xl-row-end=\"0\" data-lg-row-start=\"0\" data-lg-row-end=\"0\" data-md-row-start=\"0\" data-md-row-end=\"0\" data-sm-row-start=\"0\" data-sm-row-end=\"0\" data-xs-row-start=\"0\" data-xs-row-end=\"0\" data-vertical-align=\"top\" class=\"wp-block-redtree-grid-layout-column rt-mt-default rt-mb-default rt-ml-default rt-mr-default rt-pt-md rt-pb-md rt-pl-default rt-pr-default\"><div class=\"wp-block-redtree-grid-layout-column--inner\">\n<figure class=\"wp-block-gallery has-nested-images columns-4 wp-block-gallery-1 is-layout-flex wp-block-gallery-is-layout-flex\">\n<figure class=\"wp-block-image size-large\"><img decoding=\"async\" data-id=\"2342\" src=\"https:\/\/caiready.com\/life-sciences\/wp-content\/uploads\/sites\/2\/2016\/03\/ISPEweb-250x101-1.jpg\" alt=\"\" class=\"wp-image-2342\"><\/figure>\n\n\n\n<figure class=\"wp-block-image size-large\"><img decoding=\"async\" data-id=\"530\" src=\"https:\/\/caiready.com\/life-sciences\/wp-content\/uploads\/sites\/2\/2016\/03\/cai-ataglance-acg-smrp.gif\" alt=\"\" class=\"wp-image-530\"><\/figure>\n\n\n\n<figure class=\"wp-block-image size-large\"><img decoding=\"async\" data-id=\"528\" src=\"https:\/\/caiready.com\/life-sciences\/wp-content\/uploads\/sites\/2\/2016\/03\/cai-ataglance-acg-pda.gif\" alt=\"\" class=\"wp-image-528\"><\/figure>\n\n\n\n<figure class=\"wp-block-image size-large\"><img decoding=\"async\" data-id=\"519\" src=\"https:\/\/caiready.com\/life-sciences\/wp-content\/uploads\/sites\/2\/2016\/03\/cai-ataglance-acg-bio.gif\" alt=\"\" class=\"wp-image-519\"><\/figure>\n\n\n\n<figure class=\"wp-block-image size-large\"><img decoding=\"async\" data-id=\"514\" src=\"https:\/\/caiready.com\/life-sciences\/wp-content\/uploads\/sites\/2\/2016\/03\/cai-ataglance-acg-ashrae.gif\" alt=\"\" class=\"wp-image-514\"><\/figure>\n\n\n\n<figure class=\"wp-block-image size-large\"><img decoding=\"async\" data-id=\"517\" src=\"https:\/\/caiready.com\/life-sciences\/wp-content\/uploads\/sites\/2\/2016\/03\/cai-ataglance-acg-astm.gif\" alt=\"\" class=\"wp-image-517\"><\/figure>\n\n\n\n<figure class=\"wp-block-image size-large\"><img decoding=\"async\" data-id=\"513\" src=\"https:\/\/caiready.com\/life-sciences\/wp-content\/uploads\/sites\/2\/2016\/03\/cai-ataglance-acg-ashe.gif\" alt=\"\" class=\"wp-image-513\"><\/figure>\n\n\n\n<figure class=\"wp-block-image size-large\"><img decoding=\"async\" data-id=\"515\" src=\"https:\/\/caiready.com\/life-sciences\/wp-content\/uploads\/sites\/2\/2016\/03\/cai-ataglance-acg-asme.gif\" alt=\"\" class=\"wp-image-515\"><\/figure>\n\n\n\n<figure class=\"wp-block-image size-large\"><img decoding=\"async\" data-id=\"512\" src=\"https:\/\/caiready.com\/life-sciences\/wp-content\/uploads\/sites\/2\/2016\/03\/cai-ataglance-acg-ansi.gif\" alt=\"\" class=\"wp-image-512\"><\/figure>\n\n\n\n<figure class=\"wp-block-image size-large\"><img decoding=\"async\" data-id=\"510\" src=\"https:\/\/caiready.com\/life-sciences\/wp-content\/uploads\/sites\/2\/2016\/03\/cai-ataglance-acg-724-exchange.gif\" alt=\"\" class=\"wp-image-510\"><\/figure>\n\n\n\n<figure class=\"wp-block-image size-large\"><img decoding=\"async\" data-id=\"524\" src=\"https:\/\/caiready.com\/life-sciences\/wp-content\/uploads\/sites\/2\/2016\/03\/cai-ataglance-acg-ihif.gif\" alt=\"\" class=\"wp-image-524\"><\/figure>\n\n\n\n<figure class=\"wp-block-image size-large\"><img decoding=\"async\" data-id=\"525\" src=\"https:\/\/caiready.com\/life-sciences\/wp-content\/uploads\/sites\/2\/2016\/03\/cai-ataglance-acg-imdmc.gif\" alt=\"\" class=\"wp-image-525\"><\/figure>\n\n\n\n<figure class=\"wp-block-image size-large\"><img decoding=\"async\" data-id=\"527\" src=\"https:\/\/caiready.com\/life-sciences\/wp-content\/uploads\/sites\/2\/2016\/03\/cai-ataglance-acg-oregon-bioscience.gif\" alt=\"\" class=\"wp-image-527\"><\/figure>\n\n\n\n<figure class=\"wp-block-image size-large\"><img decoding=\"async\" data-id=\"522\" src=\"https:\/\/caiready.com\/life-sciences\/wp-content\/uploads\/sites\/2\/2016\/03\/cai-ataglance-acg-corenet.gif\" alt=\"\" class=\"wp-image-522\"><\/figure>\n\n\n\n<figure class=\"wp-block-image size-large\"><img decoding=\"async\" data-id=\"521\" src=\"https:\/\/caiready.com\/life-sciences\/wp-content\/uploads\/sites\/2\/2016\/03\/cai-ataglance-acg-california-energy-efficiency-industry-council.gif\" alt=\"\" class=\"wp-image-521\"><\/figure>\n\n\n\n<figure class=\"wp-block-image size-large\"><img decoding=\"async\" data-id=\"516\" src=\"https:\/\/caiready.com\/life-sciences\/wp-content\/uploads\/sites\/2\/2016\/03\/cai-ataglance-acg-assetleadershipnetwork.gif\" alt=\"\" class=\"wp-image-516\"><\/figure>\n\n\n\n<figure class=\"wp-block-image size-large\"><img decoding=\"async\" data-id=\"523\" src=\"https:\/\/caiready.com\/life-sciences\/wp-content\/uploads\/sites\/2\/2016\/03\/cai-ataglance-acg-ifma.gif\" alt=\"\" class=\"wp-image-523\"><\/figure>\n\n\n\n<figure class=\"wp-block-image size-large\"><img decoding=\"async\" data-id=\"520\" src=\"https:\/\/caiready.com\/life-sciences\/wp-content\/uploads\/sites\/2\/2016\/03\/cai-ataglance-acg-boma.gif\" alt=\"\" class=\"wp-image-520\"><\/figure>\n\n\n\n<figure class=\"wp-block-image size-large\"><img decoding=\"async\" data-id=\"518\" src=\"https:\/\/caiready.com\/life-sciences\/wp-content\/uploads\/sites\/2\/2016\/03\/cai-ataglance-acg-bcxa.gif\" alt=\"\" class=\"wp-image-518\"><\/figure>\n\n\n\n<figure class=\"wp-block-image size-large\"><img decoding=\"async\" data-id=\"511\" src=\"https:\/\/caiready.com\/life-sciences\/wp-content\/uploads\/sites\/2\/2016\/03\/cai-ataglance-acg-aee.gif\" alt=\"\" class=\"wp-image-511\"><\/figure>\n\n\n\n<figure class=\"wp-block-image size-large\"><img decoding=\"async\" data-id=\"532\" src=\"https:\/\/caiready.com\/life-sciences\/wp-content\/uploads\/sites\/2\/2016\/03\/cai-ataglance-acg.gif\" alt=\"\" class=\"wp-image-532\"><\/figure>\n\n\n\n<figure class=\"wp-block-image size-large\"><img decoding=\"async\" data-id=\"531\" src=\"https:\/\/caiready.com\/life-sciences\/wp-content\/uploads\/sites\/2\/2016\/03\/cai-ataglance-acg-usgb.gif\" alt=\"\" class=\"wp-image-531\"><\/figure>\n\n\n\n<figure class=\"wp-block-image size-large\"><img decoding=\"async\" data-id=\"529\" src=\"https:\/\/caiready.com\/life-sciences\/wp-content\/uploads\/sites\/2\/2016\/03\/cai-ataglance-acg-pemac.gif\" alt=\"\" class=\"wp-image-529\"><\/figure>\n\n\n\n<figure class=\"wp-block-image size-large\"><img decoding=\"async\" data-id=\"3143\" src=\"https:\/\/caiready.com\/life-sciences\/wp-content\/uploads\/sites\/2\/2018\/04\/pcpc-logo-square.jpg\" alt=\"\" class=\"wp-image-3143\"><\/figure>\n\n\n\n<figure class=\"wp-block-image size-large\"><img decoding=\"async\" data-id=\"3720\" src=\"https:\/\/caiready.com\/life-sciences\/wp-content\/uploads\/sites\/2\/2018\/10\/bio-florida-logo-square.jpg\" alt=\"\" class=\"wp-image-3720\"><\/figure>\n\n\n\n<figure class=\"wp-block-image size-large\"><img decoding=\"async\" data-id=\"43114\" src=\"https:\/\/caiready.com\/life-sciences\/wp-content\/uploads\/sites\/2\/2020\/10\/cibse-logo.png\" alt=\"\" class=\"wp-image-43114\"><\/figure>\n\n\n\n<figure class=\"wp-block-image size-large\"><img decoding=\"async\" data-id=\"43113\" src=\"https:\/\/caiready.com\/life-sciences\/wp-content\/uploads\/sites\/2\/2020\/10\/bsria-logo.png\" alt=\"\" class=\"wp-image-43113\"><\/figure>\n\n\n\n<figure class=\"wp-block-image size-large\"><img decoding=\"async\" data-id=\"61131\" src=\"https:\/\/caiready.com\/life-sciences\/wp-content\/uploads\/sites\/2\/2021\/05\/logo-georgia-bio.png\" alt=\"\" class=\"wp-image-61131\"><\/figure>\n\n\n\n<figure class=\"wp-block-image size-large\"><img decoding=\"async\" data-id=\"61126\" src=\"https:\/\/caiready.com\/life-sciences\/wp-content\/uploads\/sites\/2\/2021\/05\/logo-scbio.png\" alt=\"\" class=\"wp-image-61126\"><\/figure>\n<\/figure>\n<\/div><\/div>\n<\/div><\/div>\n<\/div><\/div>\n","protected":false},"excerpt":{"rendered":"","protected":false},"author":1,"featured_media":0,"parent":0,"menu_order":0,"comment_status":"closed","ping_status":"closed","template":"","meta":{"_acf_changed":false,"footnotes":""},"class_list":["post-359546","page","type-page","status-publish","hentry"],"acf":[],"featured_image_src":null,"featured_image_src_square":null,"_links":{"self":[{"href":"https:\/\/caiready.com\/es\/wp-json\/wp\/v2\/pages\/359546","targetHints":{"allow":["GET"]}}],"collection":[{"href":"https:\/\/caiready.com\/es\/wp-json\/wp\/v2\/pages"}],"about":[{"href":"https:\/\/caiready.com\/es\/wp-json\/wp\/v2\/types\/page"}],"author":[{"embeddable":true,"href":"https:\/\/caiready.com\/es\/wp-json\/wp\/v2\/users\/1"}],"replies":[{"embeddable":true,"href":"https:\/\/caiready.com\/es\/wp-json\/wp\/v2\/comments?post=359546"}],"version-history":[{"count":0,"href":"https:\/\/caiready.com\/es\/wp-json\/wp\/v2\/pages\/359546\/revisions"}],"wp:attachment":[{"href":"https:\/\/caiready.com\/es\/wp-json\/wp\/v2\/media?parent=359546"}],"curies":[{"name":"wp","href":"https:\/\/api.w.org\/{rel}","templated":true}]}}