{"id":359517,"date":"2024-09-23T06:05:21","date_gmt":"2024-09-23T10:05:21","guid":{"rendered":"https:\/\/caiready.com\/acerca-de\/"},"modified":"2024-12-23T13:23:03","modified_gmt":"2024-12-23T18:23:03","slug":"acerca-de","status":"publish","type":"page","link":"https:\/\/caiready.com\/es\/acerca-de\/","title":{"rendered":"Acerca de"},"content":{"rendered":"\n<div class=\"wp-block-redtree-masthead alignfull rt-mt-default rt-mb-default rt-ml-default rt-mr-default rt-pt-default rt-pb-default rt-pl-default rt-pr-default\"><div class=\"wp-block-redtree-masthead--inner alignwide\"><div class=\"wp-block-redtree-masthead--inner--content-container\"><div class=\"wp-block-redtree-masthead--image\"><svg class=\"media-mask\" xmlns=\"http:\/\/www.w3.org\/2000\/svg\" width=\"1088\" height=\"795\" fill=\"none\" viewbox=\"0 7 1088 794\"><defs><mask id=\"hexMask\"><path fill=\"#fff\" d=\"M364 7h40.5l334.556 191.25v432.5L404.5 801h-112L-1 623V197L322.5 7H364z\"><\/path><\/mask><\/defs><image width=\"748\" height=\"802\" href=\"https:\/\/caiready.com\/wp-content\/uploads\/2024\/10\/it-specialist-standing-in-front-of-servers-futuristic-lighting.webp\" mask=\"url(#hexMask)\" preserveaspectratio=\"xMidYMid slice\"\/><g filter=\"url(#filter0_d_834_2034)\"><path fill=\"url(#paint0_linear_834_2034)\" d=\"M738.895 199L1080 7H405l333.895 192z\" class=\"geo-2\"><\/path><\/g><g filter=\"url(#filter1_d_834_2034)\"><path fill=\"#031634\" d=\"M0 202V7h334L0 202z\" class=\"geo-1\"><\/path><\/g><g filter=\"url(#filter2_d_834_2034)\"><path fill=\"url(#paint1_linear_834_2034)\" d=\"M0 619l336 182H0V619z\" class=\"geo-3\"><\/path><\/g><defs><filter id=\"filter0_d_834_2034\" width=\"691\" height=\"208\" x=\"397\" y=\"0\" color-interpolation-filters=\"sRGB\" filterunits=\"userSpaceOnUse\"><feflood flood-opacity=\"0\" result=\"BackgroundImageFix\"\/><fecolormatrix in=\"SourceAlpha\" result=\"hardAlpha\" values=\"0 0 0 0 0 0 0 0 0 0 0 0 0 0 0 0 0 0 127 0\"\/><feoffset dy=\"1\"\/><fegaussianblur stddeviation=\"4\"\/><fecomposite in2=\"hardAlpha\" operator=\"out\"\/><fecolormatrix values=\"0 0 0 0 0.0784314 0 0 0 0 0.0784314 0 0 0 0 0.0784314 0 0 0 0.08 0\"\/><feblend in2=\"BackgroundImageFix\" result=\"effect1_dropShadow_834_2034\"\/><feblend in=\"SourceGraphic\" in2=\"effect1_dropShadow_834_2034\" result=\"shape\"\/><\/filter><filter id=\"filter1_d_834_2034\" width=\"350\" height=\"211\" x=\"-8\" y=\"0\" color-interpolation-filters=\"sRGB\" filterunits=\"userSpaceOnUse\"><feflood flood-opacity=\"0\" result=\"BackgroundImageFix\"\/><fecolormatrix in=\"SourceAlpha\" result=\"hardAlpha\" values=\"0 0 0 0 0 0 0 0 0 0 0 0 0 0 0 0 0 0 127 0\"\/><feoffset dy=\"1\"\/><fegaussianblur stddeviation=\"4\"\/><fecomposite in2=\"hardAlpha\" operator=\"out\"\/><fecolormatrix values=\"0 0 0 0 0.0784314 0 0 0 0 0.0784314 0 0 0 0 0.0784314 0 0 0 0.08 0\"\/><feblend in2=\"BackgroundImageFix\" result=\"effect1_dropShadow_834_2034\"\/><feblend in=\"SourceGraphic\" in2=\"effect1_dropShadow_834_2034\" result=\"shape\"\/><\/filter><filter id=\"filter2_d_834_2034\" width=\"352\" height=\"198\" x=\"-8\" y=\"612\" color-interpolation-filters=\"sRGB\" filterunits=\"userSpaceOnUse\"><feflood flood-opacity=\"0\" result=\"BackgroundImageFix\"\/><fecolormatrix in=\"SourceAlpha\" result=\"hardAlpha\" values=\"0 0 0 0 0 0 0 0 0 0 0 0 0 0 0 0 0 0 127 0\"\/><feoffset dy=\"1\"\/><fegaussianblur stddeviation=\"4\"\/><fecomposite in2=\"hardAlpha\" operator=\"out\"\/><fecolormatrix values=\"0 0 0 0 0.0784314 0 0 0 0 0.0784314 0 0 0 0 0.0784314 0 0 0 0.08 0\"\/><feblend in2=\"BackgroundImageFix\" result=\"effect1_dropShadow_834_2034\"\/><feblend in=\"SourceGraphic\" in2=\"effect1_dropShadow_834_2034\" result=\"shape\"\/><\/filter><lineargradient id=\"paint0_linear_834_2034\" x1=\"1080\" x2=\"991.336\" y1=\"7\" y2=\"341.878\" gradientunits=\"userSpaceOnUse\"><stop stop-color=\"#92E070\"\/><stop offset=\"1\" stop-color=\"#02AE5C\"\/><\/lineargradient><lineargradient id=\"paint1_linear_834_2034\" x1=\"274.181\" x2=\"-30.726\" y1=\"751.047\" y2=\"954.67\" gradientunits=\"userSpaceOnUse\"><stop stop-color=\"#92E070\"\/><stop offset=\"1\" stop-color=\"#02AE5C\"\/><\/lineargradient><lineargradient id=\"mc_gradient\" x1=\"1080\" x2=\"991.336\" y1=\"7\" y2=\"341.878\" gradientunits=\"userSpaceOnUse\"><stop stop-color=\"#5F8FFD\"\/><stop offset=\"1\" stop-color=\"#6C34F7\"\/><\/lineargradient><lineargradient id=\"core_gradient\" x1=\"1080\" x2=\"991.336\" y1=\"7\" y2=\"341.878\" gradientunits=\"userSpaceOnUse\"><stop stop-color=\"#188FD2\"\/><stop offset=\"1\" stop-color=\"#50E4E1\"\/><\/lineargradient><\/defs><\/svg><\/div><div class=\"wp-block-redtree-masthead--content\">\n<h1 class=\"wp-block-heading\">Conoce a tus expertos en preparaci\u00f3n<\/h1>\n\n\n\n<p>Conoce CAI. Somos expertos en entregas galardonadas, especializados en guiar a los l\u00edderes del sector hacia la Preparaci\u00f3n Acelerada y la Excelencia Operativa. <\/p>\n<\/div><\/div><\/div><\/div>\n\n\n\n<div class=\"wp-block-redtree-background alignfull rt-mt-default rt-mb-default rt-ml-default rt-mr-default rt-pt-lg rt-pb-lg rt-pl-default rt-pr-default\"><div class=\"wp-block-redtree-background--overlay\" style=\"background-color:\"><\/div><div class=\"wp-block-redtree-background--image\"><img decoding=\"async\" src=\"https:\/\/caiready.com\/wp-content\/uploads\/2024\/09\/network.webp\" alt=\"\" style=\"opacity:1;left:0%;top:0%\"><\/div><div class=\"wp-block-redtree-background--content\">\n<h2 class=\"wp-block-heading alignwide has-core-color has-text-color has-link-color wp-elements-7bd8c9b2c52de12f9bdd07fe4779fed3\">Excelencia en la ejecuci\u00f3n<\/h2>\n\n\n\n<div class=\"wp-block-redtree-grid-layout alignwide rt-mt-sm rt-mb-default rt-ml-default rt-mr-default rt-pt-default rt-pb-default rt-pl-default rt-pr-default\"><div class=\"rt-12-column-grid\">\n<div data-xl-column-start=\"0\" data-xl-column-end=\"6\" data-lg-column-start=\"0\" data-lg-column-end=\"6\" data-md-column-start=\"0\" data-md-column-end=\"6\" data-sm-column-start=\"0\" data-sm-column-end=\"12\" data-xs-column-start=\"0\" data-xs-column-end=\"12\" data-xl-row-start=\"0\" data-xl-row-end=\"0\" data-lg-row-start=\"0\" data-lg-row-end=\"0\" data-md-row-start=\"0\" data-md-row-end=\"0\" data-sm-row-start=\"0\" data-sm-row-end=\"0\" data-xs-row-start=\"0\" data-xs-row-end=\"0\" data-vertical-align=\"top\" class=\"wp-block-redtree-grid-layout-column rt-mt-default rt-mb-default rt-ml-default rt-mr-default rt-pt-default rt-pb-default rt-pl-default rt-pr-default\"><div class=\"wp-block-redtree-grid-layout-column--inner\">\n<div class=\"wp-block-redtree-standard-card is-style-style-1 rt-mt-default rt-mb-default rt-ml-default rt-mr-default rt-pt-default rt-pb-default rt-pl-default rt-pr-default\"><div class=\"rt-standard-card\"><a class=\"rt-standard-card--card-link\" href=\"\/team\/\" target=\"_self\" rel=\"noopener noreferrer\"><\/a><div class=\"rt-standard-card--background\" style=\"background-color:;opacity:1\"><\/div><div class=\"rt-standard-card--content-container\">\n<h3 class=\"wp-block-heading has-gradient-1-color has-text-color has-link-color wp-elements-0a7f63e6da3b0c70499a4e4bb18eefc7\">Nuestra gente<\/h3>\n\n\n\n<p>Nos enorgullecemos de reunir a los mejores talentos del sector y de elevarlos mediante una formaci\u00f3n de primer nivel. El resultado: una experiencia de \u00e9lite, un servicio excepcional y un rendimiento reconocido en todo el mundo. <\/p>\n<\/div><div class=\"rt-standard-card--btn-container\"><div class=\"rt-standard-card--btn-container--btn\" href=\"#\"><svg xmlns=\"http:\/\/www.w3.org\/2000\/svg\" width=\"136\" height=\"81\" fill=\"none\" viewbox=\"0 0 136 81\"><path fill=\"#02AE5C\" d=\"M0 81h136V0L0 81z\"><\/path><\/svg><\/div><\/div><\/div><\/div>\n<\/div><\/div>\n\n\n\n<div data-xl-column-start=\"0\" data-xl-column-end=\"6\" data-lg-column-start=\"0\" data-lg-column-end=\"6\" data-md-column-start=\"0\" data-md-column-end=\"6\" data-sm-column-start=\"0\" data-sm-column-end=\"12\" data-xs-column-start=\"0\" data-xs-column-end=\"12\" data-xl-row-start=\"0\" data-xl-row-end=\"0\" data-lg-row-start=\"0\" data-lg-row-end=\"0\" data-md-row-start=\"0\" data-md-row-end=\"0\" data-sm-row-start=\"0\" data-sm-row-end=\"0\" data-xs-row-start=\"0\" data-xs-row-end=\"0\" data-vertical-align=\"top\" class=\"wp-block-redtree-grid-layout-column rt-mt-default rt-mb-default rt-ml-default rt-mr-default rt-pt-default rt-pb-default rt-pl-default rt-pr-default\"><div class=\"wp-block-redtree-grid-layout-column--inner\">\n<div class=\"wp-block-redtree-standard-card is-style-style-1 rt-mt-default rt-mb-default rt-ml-default rt-mr-default rt-pt-default rt-pb-default rt-pl-default rt-pr-default\"><div class=\"rt-standard-card\"><a class=\"rt-standard-card--card-link\" href=\"\/associations\/\" target=\"_self\" rel=\"noopener noreferrer\"><\/a><div class=\"rt-standard-card--background\" style=\"background-color:;opacity:1\"><\/div><div class=\"rt-standard-card--content-container\">\n<h3 class=\"wp-block-heading has-gradient-1-color has-text-color has-link-color wp-elements-51d7220f494b6a21c898aba3bfab619f\">Nuestras asociaciones<\/h3>\n\n\n\n<p>Los miembros del equipo CAI participan activamente en casi 30 sociedades profesionales, y han ayudado a establecer rigurosas directrices industriales a trav\u00e9s de organizaciones como ASHRAE, ASTM, BCA e ISPE.&nbsp;<\/p>\n<\/div><div class=\"rt-standard-card--btn-container\"><div class=\"rt-standard-card--btn-container--btn\" href=\"#\"><svg xmlns=\"http:\/\/www.w3.org\/2000\/svg\" width=\"136\" height=\"81\" fill=\"none\" viewbox=\"0 0 136 81\"><path fill=\"#02AE5C\" d=\"M0 81h136V0L0 81z\"><\/path><\/svg><\/div><\/div><\/div><\/div>\n<\/div><\/div>\n\n\n\n<div data-xl-column-start=\"0\" data-xl-column-end=\"12\" data-lg-column-start=\"0\" data-lg-column-end=\"12\" data-md-column-start=\"0\" data-md-column-end=\"12\" data-sm-column-start=\"0\" data-sm-column-end=\"12\" data-xs-column-start=\"0\" data-xs-column-end=\"12\" data-xl-row-start=\"0\" data-xl-row-end=\"0\" data-lg-row-start=\"0\" data-lg-row-end=\"0\" data-md-row-start=\"0\" data-md-row-end=\"0\" data-sm-row-start=\"0\" data-sm-row-end=\"0\" data-xs-row-start=\"0\" data-xs-row-end=\"0\" data-vertical-align=\"top\" class=\"wp-block-redtree-grid-layout-column rt-mt-default rt-mb-default rt-ml-default rt-mr-default rt-pt-default rt-pb-default rt-pl-default rt-pr-default\"><div class=\"wp-block-redtree-grid-layout-column--inner\">\n<div class=\"wp-block-redtree-standard-card alignfull is-style-style-1 rt-mt-default rt-mb-default rt-ml-default rt-mr-default rt-pt-default rt-pb-default rt-pl-default rt-pr-default\"><div class=\"rt-standard-card\"><div class=\"rt-standard-card--background\" style=\"background-color:;opacity:1\"><\/div><div class=\"rt-standard-card--image-container\" data-with-mask=\"true\"><img decoding=\"async\" src=\"https:\/\/caiready.com\/wp-content\/uploads\/2024\/10\/drug-manufacturing-process-conveyer.webp\" alt=\"\" style=\"opacity:1\"><\/div><div class=\"rt-standard-card--content-container\">\n<h3 class=\"wp-block-heading has-gradient-1-color has-text-color has-link-color wp-elements-f239c7cd52186c8c1fa81da0b6947134\">Nuestra experiencia<\/h3>\n\n\n\n<p>Destacamos en entornos t\u00e9cnicamente exigentes y altamente regulados, guiando a los principales l\u00edderes en Ciencias de la Vida y Misi\u00f3n Cr\u00edtica con d\u00e9cadas de experiencia sin parang\u00f3n.<\/p>\n\n\n\n<div class=\"wp-block-buttons is-layout-flex wp-block-buttons-is-layout-flex\">\n<div class=\"wp-block-button is-style-outline is-button-arrow rt-button-shape-default is-style-outline--1\"><a class=\"wp-block-button__link wp-element-button\" href=\"\/life-sciences\/\">Ciencias de la vida<\/a><\/div>\n\n\n\n<div class=\"wp-block-button is-style-outline is-button-arrow rt-button-shape-default is-style-outline--2\"><a class=\"wp-block-button__link wp-element-button\" href=\"\/mission-critical\/\">Misi\u00f3n cr\u00edtica<\/a><\/div>\n<\/div>\n<\/div><\/div><\/div>\n<\/div><\/div>\n<\/div><\/div>\n<\/div><\/div>\n\n\n\n<div class=\"wp-block-redtree-background alignfull is-style-overlay-1 rt-mt-default rt-mb-default rt-ml-default rt-mr-default rt-pt-lg rt-pb-lg rt-pl-default rt-pr-default\"><div class=\"wp-block-redtree-background--overlay\" style=\"background-color:\"><\/div><div class=\"wp-block-redtree-background--image\"><\/div><div class=\"wp-block-redtree-background--content\">\n<div class=\"wp-block-redtree-grid-layout alignwide rt-mt-default rt-mb-default rt-ml-default rt-mr-default rt-pt-default rt-pb-default rt-pl-default rt-pr-default\"><div class=\"rt-12-column-grid\">\n<div data-xl-column-start=\"0\" data-xl-column-end=\"6\" data-lg-column-start=\"0\" data-lg-column-end=\"6\" data-md-column-start=\"0\" data-md-column-end=\"6\" data-sm-column-start=\"0\" data-sm-column-end=\"12\" data-xs-column-start=\"0\" data-xs-column-end=\"12\" data-xl-row-start=\"0\" data-xl-row-end=\"0\" data-lg-row-start=\"0\" data-lg-row-end=\"0\" data-md-row-start=\"0\" data-md-row-end=\"0\" data-sm-row-start=\"0\" data-sm-row-end=\"0\" data-xs-row-start=\"0\" data-xs-row-end=\"0\" data-vertical-align=\"top\" class=\"wp-block-redtree-grid-layout-column rt-mt-default rt-mb-default rt-ml-default rt-mr-default rt-pt-default rt-pb-default rt-pl-default rt-pr-default\"><div class=\"wp-block-redtree-grid-layout-column--inner\">\n<h2 class=\"wp-block-heading has-gradient-1-color has-text-color has-link-color wp-elements-e7f38fca5299f5edfdf8eb6ce8b76843\">Nuestra empresa, tus socios<\/h2>\n<\/div><\/div>\n\n\n\n<div data-xl-column-start=\"0\" data-xl-column-end=\"6\" data-lg-column-start=\"0\" data-lg-column-end=\"6\" data-md-column-start=\"0\" data-md-column-end=\"6\" data-sm-column-start=\"0\" data-sm-column-end=\"12\" data-xs-column-start=\"0\" data-xs-column-end=\"12\" data-xl-row-start=\"0\" data-xl-row-end=\"0\" data-lg-row-start=\"0\" data-lg-row-end=\"0\" data-md-row-start=\"0\" data-md-row-end=\"0\" data-sm-row-start=\"0\" data-sm-row-end=\"0\" data-xs-row-start=\"0\" data-xs-row-end=\"0\" data-vertical-align=\"top\" class=\"wp-block-redtree-grid-layout-column rt-mt-default rt-mb-default rt-ml-default rt-mr-default rt-pt-default rt-pb-default rt-pl-default rt-pr-default\"><div class=\"wp-block-redtree-grid-layout-column--inner\">\n<h3 class=\"wp-block-heading has-core-color has-text-color has-link-color wp-elements-ae7ef52d8f8e83a2ee0844ff4b7b9a00\">Una historia de excelencia<\/h3>\n\n\n\n<p>Somos una empresa de servicios profesionales al servicio de los sectores de Ciencias de la Vida y Misi\u00f3n Cr\u00edtica, basada en la experiencia. Desde 1996, nos hemos mantenido a la vanguardia de los productos que cambian la vida de las empresas y fabricantes de m\u00e1s alto perfil en numerosos sectores regulados. <\/p>\n\n\n\n<p><br>A lo largo de nuestro crecimiento constante, con cientos de clientes en miles de proyectos, hemos seguido siendo 100% propiedad de los empleados para centrarnos exclusivamente en los resultados superiores de los clientes, no en el precio de las acciones.<\/p>\n\n\n\n<h3 class=\"wp-block-heading has-core-color has-text-color has-link-color wp-elements-3cd08691129d4cbc38690ab620f4966e\">DEI en CAI<\/h3>\n\n\n\n<p>Tenemos una creencia simple: Los equipos diversos son equipos de alto rendimiento.\nEn CAI, prometemos actuar de forma justa y equitativa para todos.\nNos comprometemos a vivir nuestros Principios Fundacionales:  <\/p>\n\n\n\n<p>Actuamos con integridad.<br>Nos servimos los unos a los otros.<br>Servimos a la sociedad.<br>Trabajamos por nuestro futuro.<\/p>\n\n\n\n<h3 class=\"wp-block-heading has-core-color has-text-color has-link-color wp-elements-c3842b78a0384d7d3e4b8c248ca4fd8b\">Una cultura de \u00e9xito<\/h3>\n\n\n\n<p>Existimos por una raz\u00f3n: Acelerar tu camino hacia el \u00e9xito. Para ello, nos centramos en contratar a personas de alto rendimiento y conocimientos que destaquen en el servicio al cliente, los est\u00e1ndares de calidad y la resoluci\u00f3n de problemas. Nuestra cultura se basa en la experiencia de \u00e9lite, la preparaci\u00f3n estrat\u00e9gica y la resoluci\u00f3n de problemas antes de que aparezcan.  <\/p>\n<\/div><\/div>\n<\/div><\/div>\n<\/div><\/div>\n\n\n\n<div class=\"wp-block-redtree-background alignfull rt-mt-default rt-mb-default rt-ml-default rt-mr-default rt-pt-lg rt-pb-lg rt-pl-default rt-pr-default\"><div class=\"wp-block-redtree-background--overlay\" style=\"background-color:\"><\/div><div class=\"wp-block-redtree-background--image\"><img decoding=\"async\" src=\"https:\/\/caiready.com\/wp-content\/uploads\/2024\/09\/dna-bg.webp\" alt=\"\" style=\"opacity:1;left:0%;top:0%\"><\/div><div class=\"wp-block-redtree-background--content\">\n<h2 class=\"wp-block-heading alignwide has-core-color has-text-color has-link-color wp-elements-84a57eba692d0ec31a2d95cb63f3e2c2\">Gui\u00e1ndote hacia el futuro<\/h2>\n\n\n\n<div class=\"wp-block-redtree-grid-layout alignwide rt-mt-sm rt-mb-default rt-ml-default rt-mr-default rt-pt-default rt-pb-default rt-pl-default rt-pr-default\"><div class=\"rt-12-column-grid\">\n<div data-xl-column-start=\"0\" data-xl-column-end=\"12\" data-lg-column-start=\"0\" data-lg-column-end=\"12\" data-md-column-start=\"0\" data-md-column-end=\"12\" data-sm-column-start=\"0\" data-sm-column-end=\"12\" data-xs-column-start=\"0\" data-xs-column-end=\"12\" data-xl-row-start=\"0\" data-xl-row-end=\"0\" data-lg-row-start=\"0\" data-lg-row-end=\"0\" data-md-row-start=\"0\" data-md-row-end=\"0\" data-sm-row-start=\"0\" data-sm-row-end=\"0\" data-xs-row-start=\"0\" data-xs-row-end=\"0\" data-vertical-align=\"top\" class=\"wp-block-redtree-grid-layout-column rt-mt-default rt-mb-default rt-ml-default rt-mr-default rt-pt-default rt-pb-default rt-pl-default rt-pr-default\"><div class=\"wp-block-redtree-grid-layout-column--inner\">\n<div class=\"wp-block-redtree-standard-card alignfull is-style-style-1 rt-mt-default rt-mb-default rt-ml-default rt-mr-default rt-pt-default rt-pb-default rt-pl-default rt-pr-default\"><div class=\"rt-standard-card\"><div class=\"rt-standard-card--background\" style=\"background-color:;opacity:1\"><\/div><div class=\"rt-standard-card--image-container\" data-with-mask=\"true\"><img decoding=\"async\" src=\"https:\/\/caiready.com\/wp-content\/uploads\/2024\/10\/high-tech-factory-engineers-talk-and-use-computer.webp\" alt=\"\" style=\"opacity:1\"><\/div><div class=\"rt-standard-card--content-container\">\n<h3 class=\"wp-block-heading has-gradient-1-color has-text-color has-link-color wp-elements-abef5b4fb39944ce3463d08ba2305e2a\">Transformaci\u00f3n digital<\/h3>\n\n\n\n<p>Impulsamos el \u00e9xito aprovechando las tecnolog\u00edas de vanguardia. Nuestras asociaciones estrat\u00e9gicas garantizan que nos mantengamos a la vanguardia de la innovaci\u00f3n, permitiendo la Preparaci\u00f3n Operativa y la Excelencia para nuestros clientes. <\/p>\n\n\n\n<div class=\"wp-block-buttons is-layout-flex wp-block-buttons-is-layout-flex\">\n<div class=\"wp-block-button is-style-outline is-button-arrow rt-button-shape-default is-style-outline--3\"><a class=\"wp-block-button__link wp-element-button\" href=\"\/life-sciences\/innovation\/\">Nuestras innovaciones<\/a><\/div>\n\n\n\n<div class=\"wp-block-button is-style-outline is-button-arrow rt-button-shape-default is-style-outline--4\"><a class=\"wp-block-button__link wp-element-button\" href=\"\/partnerships\/\">Nuestras asociaciones<\/a><\/div>\n<\/div>\n<\/div><\/div><\/div>\n<\/div><\/div>\n\n\n\n<div data-xl-column-start=\"0\" data-xl-column-end=\"6\" data-lg-column-start=\"0\" data-lg-column-end=\"6\" data-md-column-start=\"0\" data-md-column-end=\"6\" data-sm-column-start=\"0\" data-sm-column-end=\"12\" data-xs-column-start=\"0\" data-xs-column-end=\"12\" data-xl-row-start=\"0\" data-xl-row-end=\"0\" data-lg-row-start=\"0\" data-lg-row-end=\"0\" data-md-row-start=\"0\" data-md-row-end=\"0\" data-sm-row-start=\"0\" data-sm-row-end=\"0\" data-xs-row-start=\"0\" data-xs-row-end=\"0\" data-vertical-align=\"top\" class=\"wp-block-redtree-grid-layout-column rt-mt-default rt-mb-default rt-ml-default rt-mr-default rt-pt-default rt-pb-default rt-pl-default rt-pr-default\"><div class=\"wp-block-redtree-grid-layout-column--inner\">\n<div class=\"wp-block-redtree-standard-card is-style-style-1 rt-mt-default rt-mb-default rt-ml-default rt-mr-default rt-pt-default rt-pb-default rt-pl-default rt-pr-default\"><div class=\"rt-standard-card\" data-card-mask=\"true\"><div class=\"rt-standard-card--background\" style=\"background-color:;opacity:1\"><\/div><div class=\"rt-standard-card--content-container\">\n<h3 class=\"wp-block-heading has-gradient-1-color has-text-color has-link-color wp-elements-dde9d1742292f35398ea5b7cfed14242\">Impacto global<\/h3>\n\n\n\n<p>Con sedes repartidas en m\u00e1s de una docena de oficinas internacionales, nuestra experiencia goza de reconocimiento mundial. Cuando los l\u00edderes del sector necesitan una Preparaci\u00f3n Acelerada y Excelencia Operativa, recurren a CAI. <\/p>\n<\/div><\/div><\/div>\n<\/div><\/div>\n\n\n\n<div data-xl-column-start=\"0\" data-xl-column-end=\"6\" data-lg-column-start=\"0\" data-lg-column-end=\"6\" data-md-column-start=\"0\" data-md-column-end=\"6\" data-sm-column-start=\"0\" data-sm-column-end=\"12\" data-xs-column-start=\"0\" data-xs-column-end=\"12\" data-xl-row-start=\"0\" data-xl-row-end=\"0\" data-lg-row-start=\"0\" data-lg-row-end=\"0\" data-md-row-start=\"0\" data-md-row-end=\"0\" data-sm-row-start=\"0\" data-sm-row-end=\"0\" data-xs-row-start=\"0\" data-xs-row-end=\"0\" data-vertical-align=\"top\" class=\"wp-block-redtree-grid-layout-column rt-mt-default rt-mb-default rt-ml-default rt-mr-default rt-pt-default rt-pb-default rt-pl-default rt-pr-default\"><div class=\"wp-block-redtree-grid-layout-column--inner\">\n<div class=\"wp-block-redtree-standard-card is-style-style-1 rt-mt-default rt-mb-default rt-ml-default rt-mr-default rt-pt-default rt-pb-default rt-pl-default rt-pr-default\"><div class=\"rt-standard-card\" data-card-mask=\"true\"><div class=\"rt-standard-card--background\" style=\"background-color:;opacity:1\"><\/div><div class=\"rt-standard-card--content-container\">\n<h3 class=\"wp-block-heading has-gradient-1-color has-text-color has-link-color wp-elements-8c304fc6b0185912a3e0c54fd83ec4f9\">Sostenibilidad<\/h3>\n\n\n\n<p>La sostenibilidad est\u00e1 entretejida en todas las oficinas, operaciones y esfuerzos de los clientes de CAI. Combinando las mejores pr\u00e1cticas de LEED, el T\u00edtulo 24 de California, los Edificios Verdes, los Edificios de Energ\u00eda Neta Cero y las Soluciones de Energ\u00eda Alternativa, aumentamos la eficiencia al tiempo que mantenemos el cumplimiento. <\/p>\n<\/div><\/div><\/div>\n<\/div><\/div>\n<\/div><\/div>\n<\/div><\/div>\n\n\n\n<div class=\"wp-block-redtree-background alignfull rt-mt-default rt-mb-default rt-ml-default rt-mr-default rt-pt-default rt-pb-default rt-pl-default rt-pr-default\"><div class=\"wp-block-redtree-background--overlay\" style=\"background-color:#063176\"><\/div><div class=\"wp-block-redtree-background--image\"><\/div><div class=\"wp-block-redtree-background--content\">\n<div class=\"wp-block-redtree-media-content alignwide rt-mt-default rt-mb-default rt-ml-default rt-mr-default rt-pt-default rt-pb-default rt-pl-default rt-pr-default\"><div class=\"wp-block-redtree-media-content--inner media-position--left\" data-type=\"single-media\"><div class=\"wp-block-redtree-media-content--media\"><svg class=\"single-image-mask-lg\" xmlns=\"http:\/\/www.w3.org\/2000\/svg\" width=\"700\" height=\"450\" fill=\"none\" viewbox=\"0 24 700 450\"><defs><mask id=\"img-mask\" width=\"728\" height=\"552\" x=\"0\" y=\"0\" maskunits=\"userSpaceOnUse\"><path fill=\"#fff\" d=\"M479 526.045l225-129.913V23H0v503.045h479z\" class=\"image-mask\"><\/path><\/mask><filter id=\"filter0_d_834_2131\" width=\"752\" height=\"551.045\" x=\"-24\" y=\"0\" color-interpolation-filters=\"sRGB\" filterunits=\"userSpaceOnUse\"><feflood flood-opacity=\"0\" result=\"BackgroundImageFix\"\/><fecolormatrix in=\"SourceAlpha\" result=\"hardAlpha\" values=\"0 0 0 0 0 0 0 0 0 0 0 0 0 0 0 0 0 0 127 0\"\/><feoffset dy=\"1\"\/><fegaussianblur stddeviation=\"12\"\/><fecomposite in2=\"hardAlpha\" operator=\"out\"\/><fecolormatrix values=\"0 0 0 0 0.0784314 0 0 0 0 0.0784314 0 0 0 0 0.0784314 0 0 0 0.08 0\"\/><feblend in2=\"BackgroundImageFix\" result=\"effect1_dropShadow_834_2131\"\/><feblend in=\"SourceGraphic\" in2=\"effect1_dropShadow_834_2131\" result=\"shape\"\/><\/filter><\/defs><g filter=\"url(#filter0_d_834_2131)\"><image width=\"700\" height=\"475\" href=\"https:\/\/caiready.com\/wp-content\/uploads\/2024\/10\/woman-scientist-glasses.webp\" mask=\"url(#img-mask)\" preserveaspectratio=\"xMidYMid slice\"\/><\/g><\/svg><\/div><div class=\"wp-block-redtree-media-content--content\">\n<h2 class=\"wp-block-heading has-rt-white-color has-text-color has-link-color wp-elements-799b8c0147fd4bcfd1e51130ff05caf0\">\u00danete a nuestro equipo<\/h2>\n\n\n\n<p class=\"has-rt-white-color has-text-color has-link-color wp-elements-086ce323e53720325adb715fdc9552a8\">\u00bfEst\u00e1s preparado para ser un l\u00edder en innovaci\u00f3n global? Colabora con los mejores y m\u00e1s brillantes del sector. <\/p>\n\n\n\n<div class=\"wp-block-buttons is-layout-flex wp-block-buttons-is-layout-flex\">\n<div class=\"wp-block-button is-style-outline is-button-arrow rt-button-shape-default is-style-outline--5\"><a class=\"wp-block-button__link has-rt-white-background-color has-background wp-element-button\" href=\"\/careers\/\">\u00danete a nosotros<\/a><\/div>\n<\/div>\n<\/div><\/div><\/div>\n<\/div><\/div>\n","protected":false},"excerpt":{"rendered":"","protected":false},"author":1,"featured_media":0,"parent":0,"menu_order":0,"comment_status":"closed","ping_status":"closed","template":"","meta":{"_acf_changed":false,"footnotes":""},"class_list":["post-359517","page","type-page","status-publish","hentry"],"acf":[],"featured_image_src":null,"featured_image_src_square":null,"_links":{"self":[{"href":"https:\/\/caiready.com\/es\/wp-json\/wp\/v2\/pages\/359517","targetHints":{"allow":["GET"]}}],"collection":[{"href":"https:\/\/caiready.com\/es\/wp-json\/wp\/v2\/pages"}],"about":[{"href":"https:\/\/caiready.com\/es\/wp-json\/wp\/v2\/types\/page"}],"author":[{"embeddable":true,"href":"https:\/\/caiready.com\/es\/wp-json\/wp\/v2\/users\/1"}],"replies":[{"embeddable":true,"href":"https:\/\/caiready.com\/es\/wp-json\/wp\/v2\/comments?post=359517"}],"version-history":[{"count":0,"href":"https:\/\/caiready.com\/es\/wp-json\/wp\/v2\/pages\/359517\/revisions"}],"wp:attachment":[{"href":"https:\/\/caiready.com\/es\/wp-json\/wp\/v2\/media?parent=359517"}],"curies":[{"name":"wp","href":"https:\/\/api.w.org\/{rel}","templated":true}]}}