{"id":359577,"date":"2024-08-25T14:09:15","date_gmt":"2024-08-25T18:09:15","guid":{"rendered":"https:\/\/caiready.com\/datenschutzbestimmungen\/"},"modified":"2024-12-23T13:22:57","modified_gmt":"2024-12-23T18:22:57","slug":"datenschutzbestimmungen","status":"publish","type":"page","link":"https:\/\/caiready.com\/de\/datenschutzbestimmungen\/","title":{"rendered":"Datenschutzbestimmungen"},"content":{"rendered":"\n<h1 class=\"wp-block-heading\">Unsere Datenschutzrichtlinie<\/h1>\n\n\n\n<p>Commissioning Agents, Inc. sammelt die E-Mail-Adressen von Personen, die mit uns per E-Mail kommunizieren, zusammengefasste Informationen \u00fcber die Leistung von Webseiten und Informationen, die der Verbraucher freiwillig angibt, wie z.B. Informationen, die \u00fcber unser Kontaktformular gesammelt werden.\nDiese Daten erm\u00f6glichen es uns, unsere Inhalte anzupassen. <\/p>\n\n\n\n<p>Commissioning Agents, Inc. verpflichtet sich, die Privatsph\u00e4re und die Sicherheit dieser pers\u00f6nlichen Daten zu sch\u00fctzen. Wir werden pers\u00f6nliche Daten, die uns \u00fcber unsere Website <a href=\"https:\/\/caiready.com\/\" target=\"_blank\" rel=\"noreferrer noopener\">caiready.com<\/a> zur Verf\u00fcgung gestellt werden, nicht verkaufen, vermieten oder tauschen. Wir treffen Vorkehrungen, um die Informationen sicher zu halten, und verf\u00fcgen \u00fcber physische, elektronische und administrative Verfahren, um die von uns online erfassten Informationen zu sch\u00fctzen.  <\/p>\n\n\n\n<p>Diese Website kann Links zu anderen Websites enthalten.\nCommissioning Agents, Inc. ist nicht verantwortlich f\u00fcr die Datenschutzpraktiken oder den Inhalt der Websites anderer. <\/p>\n\n\n\n<p>Wenn Sie Fragen zu unseren Datenschutzrichtlinien haben, kontaktieren Sie uns bitte&nbsp;unter&nbsp;<a href=\"mailto:CAIConnected@CAgents.com\" target=\"_blank\" rel=\"noreferrer noopener\">CAIConnected@CAgents.com<\/a><\/p>\n","protected":false},"excerpt":{"rendered":"<p>Unsere Datenschutzrichtlinie Commissioning Agents, Inc. sammelt die E-Mail-Adressen von Personen, die mit uns per E-Mail kommunizieren, zusammengefasste Informationen \u00fcber die Leistung von Webseiten und Informationen, die der Verbraucher freiwillig angibt, wie z.B. Informationen, die \u00fcber unser Kontaktformular gesammelt werden. Diese Daten erm\u00f6glichen es uns, unsere Inhalte anzupassen. Commissioning Agents, Inc. verpflichtet sich, die Privatsph\u00e4re und [&hellip;]<\/p>\n","protected":false},"author":1,"featured_media":0,"parent":0,"menu_order":0,"comment_status":"closed","ping_status":"open","template":"page-alignwide.php","meta":{"_acf_changed":false,"footnotes":""},"class_list":["post-359577","page","type-page","status-publish","hentry"],"acf":[],"featured_image_src":null,"featured_image_src_square":null,"_links":{"self":[{"href":"https:\/\/caiready.com\/de\/wp-json\/wp\/v2\/pages\/359577","targetHints":{"allow":["GET"]}}],"collection":[{"href":"https:\/\/caiready.com\/de\/wp-json\/wp\/v2\/pages"}],"about":[{"href":"https:\/\/caiready.com\/de\/wp-json\/wp\/v2\/types\/page"}],"author":[{"embeddable":true,"href":"https:\/\/caiready.com\/de\/wp-json\/wp\/v2\/users\/1"}],"replies":[{"embeddable":true,"href":"https:\/\/caiready.com\/de\/wp-json\/wp\/v2\/comments?post=359577"}],"version-history":[{"count":0,"href":"https:\/\/caiready.com\/de\/wp-json\/wp\/v2\/pages\/359577\/revisions"}],"wp:attachment":[{"href":"https:\/\/caiready.com\/de\/wp-json\/wp\/v2\/media?parent=359577"}],"curies":[{"name":"wp","href":"https:\/\/api.w.org\/{rel}","templated":true}]}}