{"id":359562,"date":"2024-09-16T14:30:05","date_gmt":"2024-09-16T18:30:05","guid":{"rendered":"https:\/\/caiready.com\/cookie-richtlinie\/"},"modified":"2024-12-23T13:22:58","modified_gmt":"2024-12-23T18:22:58","slug":"cookie-richtlinie","status":"publish","type":"page","link":"https:\/\/caiready.com\/de\/cookie-richtlinie\/","title":{"rendered":"Cookie-Richtlinie"},"content":{"rendered":"\n<h1 class=\"wp-block-heading\">Cookie-Richtlinie<\/h1>\n\n\n\n<p><strong>Cookies, die auf dieser Website verwendet werden und wie sie Ihnen n\u00fctzen<\/strong><\/p>\n\n\n\n<p>Unsere Website verwendet, wie fast alle Websites, Cookies, um Ihnen das bestm\u00f6gliche Erlebnis zu bieten.\nCookies sind kleine Textdateien, die auf Ihrem Computer oder Mobiltelefon gespeichert werden, wenn Sie auf Websites surfen. <\/p>\n\n\n\n<p><strong>Unsere Cookies helfen uns:<\/strong><\/p>\n\n\n\n<ul class=\"wp-block-list\">\n<li>Damit unsere Website so funktioniert, wie Sie es erwarten w\u00fcrden<\/li>\n\n\n\n<li>Merken Sie sich Ihre Einstellungen w\u00e4hrend Ihres Besuchs<\/li>\n\n\n\n<li>Unsere Website kontinuierlich f\u00fcr Sie verbessern<\/li>\n<\/ul>\n\n\n\n<p>Im Folgenden erfahren Sie mehr \u00fcber alle Cookies, die wir verwenden.<\/p>\n\n\n\n<p><strong>Erlaubnis zur Verwendung von Cookies erteilen<\/strong><\/p>\n\n\n\n<p>Wenn die Einstellungen der Software, die Sie zum Betrachten dieser Website verwenden (Ihr Browser), so angepasst sind, dass sie Cookies akzeptieren, gehen wir davon aus, dass Sie damit einverstanden sind und unsere Website weiterhin nutzen.\nWenn Sie Cookies von unserer Website entfernen oder nicht verwenden m\u00f6chten, erfahren Sie hier, wie Sie das tun k\u00f6nnen &nbsp;<a href=\"http:\/\/www.allaboutcookies.org\/manage-cookies\" target=\"_blank\" rel=\"noreferrer noopener nofollow\">Link<\/a>. Dies kann jedoch dazu f\u00fchren, dass unsere Website nicht so funktioniert, wie Sie es erwarten w\u00fcrden. <\/p>\n\n\n\n<p><strong>Mehr \u00fcber unsere Cookies<\/strong><\/p>\n\n\n\n<p>Wir verwenden zwei Arten von Cookies&nbsp;&nbsp; auf der Website der CAI-Gruppe.\nEinige sind unverzichtbar, w\u00e4hrend Sie andere abw\u00e4hlen oder blockieren k\u00f6nnen.\nDas Ablehnen oder Blockieren einiger Cookies kann die Funktionalit\u00e4t der Website beeintr\u00e4chtigen.  <\/p>\n\n\n\n<p>Im Folgenden finden Sie eine Liste der Cookies, die wir verwenden, wie wir sie verwenden und wie Sie nicht ben\u00f6tigte Cookies ablehnen oder blockieren k\u00f6nnen.<\/p>\n\n\n\n<figure class=\"wp-block-table\"><table class=\"has-fixed-layout\"><tbody><tr><td><strong>Cookies<\/strong><\/td><td><strong>Beschreibung<\/strong><\/td><\/tr><tr><td><strong>Sitzungs-Cookies:<br><\/strong>ASP.NET_SessionId<\/td><td>Ein Session-Cookie ist erforderlich, um Ihren Weg durch die Website zu verfolgen.\nEr ist unerl\u00e4sslich, damit die Website sich alle von Ihnen eingeschlagenen Wege merken kann.\nOhne dieses Cookie w\u00fcrden Sie auf jeder Seite, die Sie besuchen, wie ein v\u00f6llig neuer Besucher behandelt werden.\nDieses Cookie identifiziert Sie nicht pers\u00f6nlich und ist nicht mit anderen Informationen verkn\u00fcpft, die wir \u00fcber Sie speichern.\nDas Cookie wird gel\u00f6scht, wenn Sie Ihren Webbrowser schlie\u00dfen.    <br><strong>Weitere Informationen:<br><\/strong><a href=\"https:\/\/www.betaarchive.com\/wiki\/index.php\/Microsoft_KB_Archive\/899918\" target=\"_blank\" rel=\"noreferrer noopener nofollow\">Besuchen Sie die Microsoft Website<\/a><\/td><\/tr><tr><td><strong>Google Analytics Cookies<br><\/strong>_utma, _utmb, _utmc, _utmv, _utmz, _ga<\/td><td>Diese Cookies werden verwendet, um Informationen dar\u00fcber zu sammeln, wie Besucher unsere Website nutzen.\nDie Cookies sammeln Informationen in anonymer Form, die einen Besucher nicht identifizieren.\nSie geben Auskunft \u00fcber die Anzahl der Besucher der Website, die Herkunft der Besucher und die von ihnen besuchten Seiten.\nWir verwenden diese Informationen, um Berichte zu erstellen und die Funktionsweise unserer Website zu verbessern, z.B. indem wir sicherstellen, dass die Benutzer das, was sie brauchen, leicht finden.   <br><strong>Weitere Informationen:<br><\/strong><a href=\"http:\/\/www.google.com\/analytics\/learn\/privacy.html\" target=\"_blank\" rel=\"noreferrer noopener nofollow\">Klicken Sie hier, um einen \u00dcberblick \u00fcber den Datenschutz bei Google zu erhalten<br><\/a><br> Um die Verfolgung durch Google Analytics auf allen Websites zu deaktivieren, besuchen Sie die <a href=\"https:\/\/tools.google.com\/dlpage\/gaoptout\" target=\"_blank\" rel=\"noreferrer noopener nofollow\">Google-Website<\/a><\/td><\/tr><tr><td><strong>Hubspot Cookies<br><\/strong>_hstc, _hubspotutk, _hssc, _hssrc<\/td><td><strong>_hstc<\/strong><br>Der wichtigste Cookie zur Verfolgung von Besuchern.\nEr enth\u00e4lt die Domain, utk (siehe unten), den urspr\u00fcnglichen Zeitstempel (erster Besuch), den letzten Zeitstempel (letzter Besuch), den aktuellen Zeitstempel (dieser Besuch) und die Sitzungsnummer (wird f\u00fcr jede nachfolgende Sitzung erh\u00f6ht).<br>(L\u00e4uft ab: 2 Jahre<strong>)_hubspotutk<\/strong><br>Dieser Cookie wird verwendet, um die Identit\u00e4t eines Besuchers zu verfolgen.\nDieses Cookie wird bei der \u00dcbermittlung eines Formulars an HubSpot weitergegeben und bei der Duplizierung von Kontakten verwendet.<br>(G\u00fcltig bis: 10 Jahre<strong>)_hssc<\/strong><br>Dieses Cookie dient der Verfolgung von Sitzungen.\nEr wird verwendet, um zu bestimmen, ob wir die Sitzungsnummer und die Zeitstempel im __hstc-Cookie erh\u00f6hen sollen.\nEs enth\u00e4lt die Domain, viewCount (erh\u00f6ht jede PageView in einer Sitzung) und den Zeitstempel f\u00fcr den Sitzungsbeginn.<br>(Ablauf: 30 min) <strong>_hssrc<\/strong><br>Immer wenn HubSpot das Sitzungscookie \u00e4ndert, wird auch dieses Cookie gesetzt.\nWir setzen es auf 1 und verwenden es, um festzustellen, ob der Besucher seinen Browser neu gestartet hat.\nWenn dieses Cookie nicht existiert, wenn wir Cookies verwalten, gehen wir davon aus, dass es sich um eine neue Sitzung handelt.      <br>(Ablauf: Keine. Sitzungs-Cookie)<\/td><\/tr><\/tbody><\/table><\/figure>\n\n\n\n<p><strong>Soziale Schaltfl\u00e4chen<\/strong><\/p>\n\n\n\n<p>Wir verwenden soziale Schaltfl\u00e4chen, damit unsere Nutzer Webseiten teilen oder mit Lesezeichen versehen k\u00f6nnen.\nEs handelt sich dabei um Schaltfl\u00e4chen f\u00fcr Social-Media-Websites von Drittanbietern, und diese Websites k\u00f6nnen Informationen \u00fcber Ihre Aktivit\u00e4ten im Internet, einschlie\u00dflich unserer Website, aufzeichnen.\nBitte lesen Sie die jeweiligen Nutzungsbedingungen und Datenschutzrichtlinien dieser Websites, um genau zu verstehen, wie sie Ihre Daten verwenden und um herauszufinden, wie Sie diese Daten ablehnen oder l\u00f6schen k\u00f6nnen.  <\/p>\n\n\n\n<p><strong>Externe Webdienste<\/strong><\/p>\n\n\n\n<p>Wir verwenden manchmal externe Webdienste auf unserer Website, um Inhalte auf unseren Webseiten anzuzeigen.\nZum Beispiel, um Videos oder PDF-Publikationen anzuzeigen. &nbsp;  Wie bei den sozialen Schaltfl\u00e4chen k\u00f6nnen wir nicht verhindern, dass diese Websites oder externe Dom\u00e4nen Informationen \u00fcber Ihre Nutzung dieser eingebetteten Inhalte sammeln.<\/p>\n\n\n\n<p><strong>Links zu anderen Websites<\/strong><\/p>\n\n\n\n<p>Diese Erkl\u00e4rung zur Cookies-Politik gilt nicht f\u00fcr die Links innerhalb dieser Website, die auf andere Websites verweisen.\nWir empfehlen Ihnen, die Datenschutzerkl\u00e4rungen auf den anderen Websites, die Sie besuchen, zu lesen.\nSie k\u00f6nnen unsere <a href=\"https:\/\/caiready.com\/privacy-policy\/\">Datenschutzrichtlinie hier<\/a> einsehen.  <\/p>\n\n\n\n<p><strong>Kontaktieren Sie uns:<\/strong><\/p>\n\n\n\n<p>Wenn Sie Fragen oder Bedenken bez\u00fcglich der Verwendung von Cookies auf unserer Website haben, kontaktieren Sie uns bitte unter:&nbsp;<a href=\"mailto:CAIConnected@CAgents.com\" target=\"_blank\" rel=\"noreferrer noopener\">CAIConnected@CAgents.com<\/a><\/p>\n","protected":false},"excerpt":{"rendered":"<p>Cookie-Richtlinie Cookies, die auf dieser Website verwendet werden und wie sie Ihnen n\u00fctzen Unsere Website verwendet, wie fast alle Websites, Cookies, um Ihnen das bestm\u00f6gliche Erlebnis zu bieten. Cookies sind kleine Textdateien, die auf Ihrem Computer oder Mobiltelefon gespeichert werden, wenn Sie auf Websites surfen. Unsere Cookies helfen uns: Im Folgenden erfahren Sie mehr \u00fcber [&hellip;]<\/p>\n","protected":false},"author":1,"featured_media":0,"parent":0,"menu_order":0,"comment_status":"closed","ping_status":"closed","template":"page-alignwide.php","meta":{"_acf_changed":false,"footnotes":""},"class_list":["post-359562","page","type-page","status-publish","hentry"],"acf":[],"featured_image_src":null,"featured_image_src_square":null,"_links":{"self":[{"href":"https:\/\/caiready.com\/de\/wp-json\/wp\/v2\/pages\/359562","targetHints":{"allow":["GET"]}}],"collection":[{"href":"https:\/\/caiready.com\/de\/wp-json\/wp\/v2\/pages"}],"about":[{"href":"https:\/\/caiready.com\/de\/wp-json\/wp\/v2\/types\/page"}],"author":[{"embeddable":true,"href":"https:\/\/caiready.com\/de\/wp-json\/wp\/v2\/users\/1"}],"replies":[{"embeddable":true,"href":"https:\/\/caiready.com\/de\/wp-json\/wp\/v2\/comments?post=359562"}],"version-history":[{"count":0,"href":"https:\/\/caiready.com\/de\/wp-json\/wp\/v2\/pages\/359562\/revisions"}],"wp:attachment":[{"href":"https:\/\/caiready.com\/de\/wp-json\/wp\/v2\/media?parent=359562"}],"curies":[{"name":"wp","href":"https:\/\/api.w.org\/{rel}","templated":true}]}}