{"id":359558,"date":"2024-09-16T14:31:51","date_gmt":"2024-09-16T18:31:51","guid":{"rendered":"https:\/\/caiready.com\/nutzungsbedingungen\/"},"modified":"2024-09-16T14:31:51","modified_gmt":"2024-09-16T18:31:51","slug":"nutzungsbedingungen","status":"publish","type":"page","link":"https:\/\/caiready.com\/de\/nutzungsbedingungen\/","title":{"rendered":"Nutzungsbedingungen"},"content":{"rendered":"\n<h1 class=\"wp-block-heading\">Nutzungsbedingungen<\/h1>\n\n\n\n<p><strong>1.<\/strong>&nbsp;Dieser rechtliche Hinweis gilt f\u00fcr den gesamten Inhalt der Website unter dem Domainnamen&nbsp; cagents<a href=\"http:\/\/www.cagents.com\/\" rel=\"nofollow noopener\" target=\"_blank\">.com<\/a>.&nbsp; Alle Rechte, die in diesen Bedingungen nicht ausdr\u00fccklich gew\u00e4hrt werden, sind der CAI-Gruppe vorbehalten.<\/p>\n\n\n\n<p><strong>2. DATENSCHUTZ &amp; COPYRIGHT<br><\/strong>2.1&nbsp;Sofern nicht anders angegeben, liegen das Urheberrecht und andere Rechte an geistigem Eigentum an s\u00e4mtlichem Material auf der Website (einschlie\u00dflich, aber nicht beschr\u00e4nkt auf Fotos und grafische Darstellungen) bei der CAI-Gruppe oder ihren Lizenzgebern.\nF\u00fcr die Zwecke dieses rechtlichen Hinweises ist jede Verwendung von Ausz\u00fcgen der Website, die nicht mit Klausel 3.1 \u00fcbereinstimmt, verboten.\nWenn Sie gegen eine der Bedingungen dieses rechtlichen Hinweises versto\u00dfen, erlischt Ihre Erlaubnis zur Nutzung der Website automatisch und Sie m\u00fcssen alle heruntergeladenen oder ausgedruckten Ausz\u00fcge der Website unverz\u00fcglich vernichten.  <br>2.2&nbsp;Vorbehaltlich der Klausel 3.1 darf kein Teil der Website ohne vorherige schriftliche Genehmigung der CAI-Gruppe vervielf\u00e4ltigt oder auf einer anderen Website gespeichert oder in ein \u00f6ffentliches oder privates elektronisches Abrufsystem oder einen Dienst aufgenommen werden.<br>2.3&nbsp;Wir k\u00f6nnen Informationen \u00fcber Ihren Computer sammeln, einschlie\u00dflich, sofern verf\u00fcgbar, Ihres&nbsp;Betriebssystems und Ihres Browsertyps f\u00fcr die Systemverwaltung und um aggregierte Informationen f\u00fcr statistische Analysen zu melden, die uns helfen, unsere Dienste zu verbessern.&nbsp;  Dabei handelt es sich um statistische Daten \u00fcber die Surfaktivit\u00e4ten und -muster unserer Nutzer, die keine R\u00fcckschl\u00fcsse auf einzelne Personen zulassen.&nbsp;&nbsp;&nbsp;Wir k\u00f6nnen Informationen \u00fcber Ihre allgemeine Internetnutzung erhalten, indem wir eine Cookie-Datei verwenden, die in Ihrem Browser oder auf der Festplatte Ihres Computers gespeichert wird.&nbsp;  Wenn Sie unsere Website nutzen, stimmen Sie unserer Verwendung von Cookies zu.<br>2.4 Gelegentlich werden Sie aufgefordert, pers\u00f6nliche Daten \u00fcber sich selbst anzugeben (z.B. Name, E-Mail-Adresse, Organisation usw.), um Dienstleistungen \u00fcber unsere Website zu erhalten, wie z.B. Informationen \u00fcber Karrierem\u00f6glichkeiten und Anfragen zu Informationen \u00fcber die Arbeit der CAI-Gruppe.&nbsp;  Indem Sie Ihre Daten in das gew\u00fcnschte Feld eintragen, erm\u00f6glichen Sie der CAI-Gruppe, Ihnen die gew\u00fcnschten Dienstleistungen zu erbringen.\nAlle Informationen, die Sie uns zur Verf\u00fcgung stellen, werden nicht an Dritte au\u00dferhalb der CAI-Gruppe weitergegeben, ohne dass wir zuvor Ihre Zustimmung eingeholt haben, es sei denn, wir sind gesetzlich verpflichtet oder berechtigt, sie offenzulegen. &nbsp;  Alle diese Informationen werden so lange auf unseren Systemen gespeichert, wie es der Zweck erfordert.&nbsp;  Wir stellen sicher, dass alle pers\u00f6nlichen Informationen sicher und in \u00dcbereinstimmung mit den einschl\u00e4gigen Datenschutzgesetzen aufbewahrt werden.&nbsp;  Wenn Sie sich \u00fcber den Zugang zu Ihren pers\u00f6nlichen Daten erkundigen m\u00f6chten oder Fragen zum Datenschutz der CAI-Gruppe haben, wenden Sie sich bitte an den European Business Manager, Brian McGowan, Swords Dublin, Irland.&nbsp;  Bitte beachten Sie, dass wir f\u00fcr Informationsanfragen eine Verwaltungsgeb\u00fchr von 6 \u20ac erheben k\u00f6nnen.<\/p>\n\n\n\n<p><strong>3. LIZENZ<br><\/strong>3.1&nbsp;Sie sind berechtigt, Ausz\u00fcge aus der Website unter folgenden Bedingungen zu drucken und herunterzuladen:<br>(a)&nbsp;keine Dokumente oder zugeh\u00f6rigen Grafiken auf der Website in irgendeiner Weise ver\u00e4ndert werden;<br>(b)&nbsp;keine Grafiken auf der Website getrennt vom entsprechenden Text verwendet werden;<br>(c)&nbsp;die Verwendung solcher Ausz\u00fcge nur zu Informationszwecken und f\u00fcr den nicht-kommerziellen oder pers\u00f6nlichen Gebrauch erfolgt und nicht kopiert oder auf einem Netzwerkcomputer ver\u00f6ffentlicht oder in irgendeinem Medium ausgestrahlt wird; und<br>(d)&nbsp;die Urheberrechts- und Markenvermerke der CAI-Gruppe sowie dieser Genehmigungshinweis in allen Kopien erscheinen.<\/p>\n\n\n\n<p><strong>4. SERVICE-ZUGANG<br><\/strong>4.1&nbsp;Der Zugang zur Website kann im Falle eines Systemausfalls, einer Wartung oder Reparatur oder aus Gr\u00fcnden, die au\u00dferhalb der Kontrolle der CAI-Gruppe liegen, vor\u00fcbergehend und ohne Vorank\u00fcndigung ausgesetzt werden.<\/p>\n\n\n\n<p><strong>5. LINKS ZU UND VON ANDEREN WEBSITES<br><\/strong>5.1&nbsp;Links zu Websites Dritter auf der Website werden ausschlie\u00dflich zu Ihrem Nutzen bereitgestellt.\nWenn Sie diese Links nutzen, verlassen Sie die Website.\nDie CAI-Gruppe hat nicht alle diese Websites Dritter \u00fcberpr\u00fcft und hat keine Kontrolle \u00fcber diese Websites oder deren Inhalt oder Verf\u00fcgbarkeit und ist nicht daf\u00fcr verantwortlich.\nDie CAI-Gruppe \u00fcbernimmt daher keine Verantwortung f\u00fcr diese Websites, f\u00fcr das dort enthaltene Material oder f\u00fcr die Ergebnisse, die sich aus der Nutzung dieser Websites ergeben k\u00f6nnen.\nWenn Sie sich entschlie\u00dfen, auf eine der mit der Website verlinkten Websites Dritter zuzugreifen, tun Sie dies ausschlie\u00dflich auf eigenes Risiko.    <br>5.2&nbsp;Wenn Sie auf die Website verlinken m\u00f6chten, d\u00fcrfen Sie dies nur auf der Grundlage tun, dass Sie auf die Startseite der Website verlinken, diese aber nicht replizieren, und vorbehaltlich der folgenden Bedingungen:<br>(a)&nbsp;Sie&nbsp;  das Logo der CAI-Gruppe nicht entfernen, verzerren oder anderweitig in Gr\u00f6\u00dfe oder Aussehen ver\u00e4ndern;<br>(b)&nbsp;Sie keinen Rahmen oder eine andere Browser- oder Randumgebung um die Website herum erstellen;<br>(c)&nbsp;Sie implizieren in keiner Weise, dass die CAI-Gruppe andere Produkte oder Dienstleistungen als ihre eigenen bef\u00fcrwortet;<br>(d)&nbsp;Sie stellen Ihre Beziehung zur CAI-Gruppe nicht falsch dar und geben keine anderen falschen Informationen \u00fcber die CAI-Gruppe an;<br>(e)&nbsp;Sie keine der auf der Website angezeigten Marken der CAI-Gruppe ohne ausdr\u00fcckliche schriftliche Genehmigung der CAI-Gruppe anderweitig verwenden;<br>(f)&nbsp;Sie keinen Link von einer Website aus setzen, die nicht Ihr Eigentum ist; und<br>(g)&nbsp;Ihre Website keine Inhalte enth\u00e4lt, die geschmacklos, beleidigend oder kontrovers sind, geistige Eigentumsrechte oder andere Rechte anderer Personen verletzen oder anderweitig nicht mit allen geltenden Gesetzen und Vorschriften \u00fcbereinstimmen.<br>(h)&nbsp;Sie missbrauchen unsere Website nicht, indem Sie wissentlich Viren, Trojaner, W\u00fcrmer, Logikbomben oder andere Materialien einf\u00fchren.<br>5.3&nbsp;CAI Group beh\u00e4lt sich ausdr\u00fccklich das Recht vor, das in Klausel 5.2 gew\u00e4hrte Recht bei einem Versto\u00df gegen diese Gesch\u00e4ftsbedingungen zu widerrufen und alle ihr angemessen erscheinenden Ma\u00dfnahmen zu ergreifen.<br>5.4&nbsp;Die CAI-Unternehmensgruppe, ihre leitenden Angestellten, Direktoren und Mitarbeiter schlie\u00dfen jegliche Haftung und Verantwortung f\u00fcr Verluste oder Sch\u00e4den jeglicher Art aus, die Ihnen oder Dritten entstehen k\u00f6nnten (einschlie\u00dflich, aber nicht beschr\u00e4nkt auf direkte, indirekte, strafende oder Folgesch\u00e4den, die sich aus der Unterbrechung des Gesch\u00e4ftsbetriebs ergeben oder in irgendeiner Weise damit verbunden sind (sei es durch unerlaubte Handlung, Fahrl\u00e4ssigkeit, Vertrag oder anderweitig) und die in Verbindung mit der Website stehen, einschlie\u00dflich, aber nicht beschr\u00e4nkt auf Verluste oder Sch\u00e4den aufgrund von Viren, die Ihre Computerausr\u00fcstung, Software oder Daten infizieren k\u00f6nnten.&nbsp;  Wenn Ihre Nutzung des Materials auf der Website dazu f\u00fchrt, dass eine Wartung, Reparatur oder Korrektur von Ger\u00e4ten, Software oder Daten erforderlich wird, \u00fcbernehmen Sie alle damit verbundenen Kosten.<\/p>\n\n\n\n<p><strong>6. HAFTUNGSAUSSCHLUSS<br><\/strong>6.1&nbsp;Die CAI Gruppe bem\u00fcht sich zwar um die Richtigkeit der Informationen auf der Website, \u00fcbernimmt jedoch keine Garantie f\u00fcr die Richtigkeit und Vollst\u00e4ndigkeit des Materials auf der Website.\nDie CAI-Gruppe kann das Material auf der Website jederzeit und ohne Vorank\u00fcndigung \u00e4ndern.\nDas Material auf der Website kann veraltet sein, und CAI Group \u00fcbernimmt keine Verpflichtung, dieses Material zu aktualisieren.\nDas Material auf der Website wird im Ist-Zustand und ohne jegliche Bedingungen, Garantien oder sonstige Bestimmungen zur Verf\u00fcgung gestellt.   <\/p>\n\n\n\n<p><strong>7. GELTENDES RECHT UND GERICHTSSTAND<br><\/strong>Die ausschlie\u00dfliche Zust\u00e4ndigkeit f\u00fcr alle Anspr\u00fcche, die sich aus einem Besuch unserer Website ergeben oder damit in Zusammenhang stehen, liegt bei den irischen Gerichten, obwohl wir uns das Recht vorbehalten, Sie wegen eines Versto\u00dfes gegen diese Bedingungen in Ihrem Wohnsitzland oder einem anderen relevanten Land zu verklagen.&nbsp; Diese Nutzungsbedingungen und alle Streitigkeiten oder Anspr\u00fcche, die sich aus ihnen oder in Verbindung mit ihnen oder ihrem Gegenstand ergeben, unterliegen den Gesetzen Irlands und werden nach diesen ausgelegt.<\/p>\n\n\n\n<p>Wenn Sie Bedenken bez\u00fcglich des Materials auf unserer Website haben, wenden Sie sich bitte an&nbsp;<a href=\"mailto:CAIConnected@CAgents.com\" target=\"_blank\" rel=\"noreferrer noopener\">CAIConnected@CAgents.com.<\/a><\/p>\n\n\n\n<p>Vielen Dank, dass Sie unsere Website besuchen.<\/p>\n","protected":false},"excerpt":{"rendered":"<p>Nutzungsbedingungen 1.&nbsp;Dieser rechtliche Hinweis gilt f\u00fcr den gesamten Inhalt der Website unter dem Domainnamen&nbsp; cagents.com.&nbsp; Alle Rechte, die in diesen Bedingungen nicht ausdr\u00fccklich gew\u00e4hrt werden, sind der CAI-Gruppe vorbehalten. 2. DATENSCHUTZ &amp; COPYRIGHT2.1&nbsp;Sofern nicht anders angegeben, liegen das Urheberrecht und andere Rechte an geistigem Eigentum an s\u00e4mtlichem Material auf der Website (einschlie\u00dflich, aber nicht beschr\u00e4nkt [&hellip;]<\/p>\n","protected":false},"author":1,"featured_media":0,"parent":0,"menu_order":0,"comment_status":"closed","ping_status":"closed","template":"page-alignwide.php","meta":{"_acf_changed":false,"footnotes":""},"class_list":["post-359558","page","type-page","status-publish","hentry"],"acf":[],"featured_image_src":null,"featured_image_src_square":null,"_links":{"self":[{"href":"https:\/\/caiready.com\/de\/wp-json\/wp\/v2\/pages\/359558","targetHints":{"allow":["GET"]}}],"collection":[{"href":"https:\/\/caiready.com\/de\/wp-json\/wp\/v2\/pages"}],"about":[{"href":"https:\/\/caiready.com\/de\/wp-json\/wp\/v2\/types\/page"}],"author":[{"embeddable":true,"href":"https:\/\/caiready.com\/de\/wp-json\/wp\/v2\/users\/1"}],"replies":[{"embeddable":true,"href":"https:\/\/caiready.com\/de\/wp-json\/wp\/v2\/comments?post=359558"}],"version-history":[{"count":0,"href":"https:\/\/caiready.com\/de\/wp-json\/wp\/v2\/pages\/359558\/revisions"}],"wp:attachment":[{"href":"https:\/\/caiready.com\/de\/wp-json\/wp\/v2\/media?parent=359558"}],"curies":[{"name":"wp","href":"https:\/\/api.w.org\/{rel}","templated":true}]}}