{"id":359534,"date":"2024-09-23T06:05:21","date_gmt":"2024-09-23T10:05:21","guid":{"rendered":"https:\/\/caiready.com\/uber\/"},"modified":"2024-12-23T13:23:05","modified_gmt":"2024-12-23T18:23:05","slug":"uber","status":"publish","type":"page","link":"https:\/\/caiready.com\/de\/uber\/","title":{"rendered":"\u00dcber"},"content":{"rendered":"\n<div class=\"wp-block-redtree-masthead alignfull rt-mt-default rt-mb-default rt-ml-default rt-mr-default rt-pt-default rt-pb-default rt-pl-default rt-pr-default\"><div class=\"wp-block-redtree-masthead--inner alignwide\"><div class=\"wp-block-redtree-masthead--inner--content-container\"><div class=\"wp-block-redtree-masthead--image\"><svg class=\"media-mask\" xmlns=\"http:\/\/www.w3.org\/2000\/svg\" width=\"1088\" height=\"795\" fill=\"none\" viewbox=\"0 7 1088 794\"><defs><mask id=\"hexMask\"><path fill=\"#fff\" d=\"M364 7h40.5l334.556 191.25v432.5L404.5 801h-112L-1 623V197L322.5 7H364z\"><\/path><\/mask><\/defs><image width=\"748\" height=\"802\" href=\"https:\/\/caiready.com\/wp-content\/uploads\/2024\/10\/it-specialist-standing-in-front-of-servers-futuristic-lighting.webp\" mask=\"url(#hexMask)\" preserveaspectratio=\"xMidYMid slice\"\/><g filter=\"url(#filter0_d_834_2034)\"><path fill=\"url(#paint0_linear_834_2034)\" d=\"M738.895 199L1080 7H405l333.895 192z\" class=\"geo-2\"><\/path><\/g><g filter=\"url(#filter1_d_834_2034)\"><path fill=\"#031634\" d=\"M0 202V7h334L0 202z\" class=\"geo-1\"><\/path><\/g><g filter=\"url(#filter2_d_834_2034)\"><path fill=\"url(#paint1_linear_834_2034)\" d=\"M0 619l336 182H0V619z\" class=\"geo-3\"><\/path><\/g><defs><filter id=\"filter0_d_834_2034\" width=\"691\" height=\"208\" x=\"397\" y=\"0\" color-interpolation-filters=\"sRGB\" filterunits=\"userSpaceOnUse\"><feflood flood-opacity=\"0\" result=\"BackgroundImageFix\"\/><fecolormatrix in=\"SourceAlpha\" result=\"hardAlpha\" values=\"0 0 0 0 0 0 0 0 0 0 0 0 0 0 0 0 0 0 127 0\"\/><feoffset dy=\"1\"\/><fegaussianblur stddeviation=\"4\"\/><fecomposite in2=\"hardAlpha\" operator=\"out\"\/><fecolormatrix values=\"0 0 0 0 0.0784314 0 0 0 0 0.0784314 0 0 0 0 0.0784314 0 0 0 0.08 0\"\/><feblend in2=\"BackgroundImageFix\" result=\"effect1_dropShadow_834_2034\"\/><feblend in=\"SourceGraphic\" in2=\"effect1_dropShadow_834_2034\" result=\"shape\"\/><\/filter><filter id=\"filter1_d_834_2034\" width=\"350\" height=\"211\" x=\"-8\" y=\"0\" color-interpolation-filters=\"sRGB\" filterunits=\"userSpaceOnUse\"><feflood flood-opacity=\"0\" result=\"BackgroundImageFix\"\/><fecolormatrix in=\"SourceAlpha\" result=\"hardAlpha\" values=\"0 0 0 0 0 0 0 0 0 0 0 0 0 0 0 0 0 0 127 0\"\/><feoffset dy=\"1\"\/><fegaussianblur stddeviation=\"4\"\/><fecomposite in2=\"hardAlpha\" operator=\"out\"\/><fecolormatrix values=\"0 0 0 0 0.0784314 0 0 0 0 0.0784314 0 0 0 0 0.0784314 0 0 0 0.08 0\"\/><feblend in2=\"BackgroundImageFix\" result=\"effect1_dropShadow_834_2034\"\/><feblend in=\"SourceGraphic\" in2=\"effect1_dropShadow_834_2034\" result=\"shape\"\/><\/filter><filter id=\"filter2_d_834_2034\" width=\"352\" height=\"198\" x=\"-8\" y=\"612\" color-interpolation-filters=\"sRGB\" filterunits=\"userSpaceOnUse\"><feflood flood-opacity=\"0\" result=\"BackgroundImageFix\"\/><fecolormatrix in=\"SourceAlpha\" result=\"hardAlpha\" values=\"0 0 0 0 0 0 0 0 0 0 0 0 0 0 0 0 0 0 127 0\"\/><feoffset dy=\"1\"\/><fegaussianblur stddeviation=\"4\"\/><fecomposite in2=\"hardAlpha\" operator=\"out\"\/><fecolormatrix values=\"0 0 0 0 0.0784314 0 0 0 0 0.0784314 0 0 0 0 0.0784314 0 0 0 0.08 0\"\/><feblend in2=\"BackgroundImageFix\" result=\"effect1_dropShadow_834_2034\"\/><feblend in=\"SourceGraphic\" in2=\"effect1_dropShadow_834_2034\" result=\"shape\"\/><\/filter><lineargradient id=\"paint0_linear_834_2034\" x1=\"1080\" x2=\"991.336\" y1=\"7\" y2=\"341.878\" gradientunits=\"userSpaceOnUse\"><stop stop-color=\"#92E070\"\/><stop offset=\"1\" stop-color=\"#02AE5C\"\/><\/lineargradient><lineargradient id=\"paint1_linear_834_2034\" x1=\"274.181\" x2=\"-30.726\" y1=\"751.047\" y2=\"954.67\" gradientunits=\"userSpaceOnUse\"><stop stop-color=\"#92E070\"\/><stop offset=\"1\" stop-color=\"#02AE5C\"\/><\/lineargradient><lineargradient id=\"mc_gradient\" x1=\"1080\" x2=\"991.336\" y1=\"7\" y2=\"341.878\" gradientunits=\"userSpaceOnUse\"><stop stop-color=\"#5F8FFD\"\/><stop offset=\"1\" stop-color=\"#6C34F7\"\/><\/lineargradient><lineargradient id=\"core_gradient\" x1=\"1080\" x2=\"991.336\" y1=\"7\" y2=\"341.878\" gradientunits=\"userSpaceOnUse\"><stop stop-color=\"#188FD2\"\/><stop offset=\"1\" stop-color=\"#50E4E1\"\/><\/lineargradient><\/defs><\/svg><\/div><div class=\"wp-block-redtree-masthead--content\">\n<h1 class=\"wp-block-heading\">Treffen Sie Ihre Bereitschaftsexperten<\/h1>\n\n\n\n<p>Lernen Sie CAI kennen. Wir sind preisgekr\u00f6nte Delivery-Experten, die sich darauf spezialisiert haben, Branchenf\u00fchrer zu beschleunigter Einsatzbereitschaft und operativer Exzellenz zu f\u00fchren. <\/p>\n<\/div><\/div><\/div><\/div>\n\n\n\n<div class=\"wp-block-redtree-background alignfull rt-mt-default rt-mb-default rt-ml-default rt-mr-default rt-pt-lg rt-pb-lg rt-pl-default rt-pr-default\"><div class=\"wp-block-redtree-background--overlay\" style=\"background-color:\"><\/div><div class=\"wp-block-redtree-background--image\"><img decoding=\"async\" src=\"https:\/\/caiready.com\/wp-content\/uploads\/2024\/09\/network.webp\" alt=\"\" style=\"opacity:1;left:0%;top:0%\"><\/div><div class=\"wp-block-redtree-background--content\">\n<h2 class=\"wp-block-heading alignwide has-core-color has-text-color has-link-color wp-elements-42a8840f8b7d0328c9cd328536ee4aa5\">Exzellenz in der Ausf\u00fchrung<\/h2>\n\n\n\n<div class=\"wp-block-redtree-grid-layout alignwide rt-mt-sm rt-mb-default rt-ml-default rt-mr-default rt-pt-default rt-pb-default rt-pl-default rt-pr-default\"><div class=\"rt-12-column-grid\">\n<div data-xl-column-start=\"0\" data-xl-column-end=\"6\" data-lg-column-start=\"0\" data-lg-column-end=\"6\" data-md-column-start=\"0\" data-md-column-end=\"6\" data-sm-column-start=\"0\" data-sm-column-end=\"12\" data-xs-column-start=\"0\" data-xs-column-end=\"12\" data-xl-row-start=\"0\" data-xl-row-end=\"0\" data-lg-row-start=\"0\" data-lg-row-end=\"0\" data-md-row-start=\"0\" data-md-row-end=\"0\" data-sm-row-start=\"0\" data-sm-row-end=\"0\" data-xs-row-start=\"0\" data-xs-row-end=\"0\" data-vertical-align=\"top\" class=\"wp-block-redtree-grid-layout-column rt-mt-default rt-mb-default rt-ml-default rt-mr-default rt-pt-default rt-pb-default rt-pl-default rt-pr-default\"><div class=\"wp-block-redtree-grid-layout-column--inner\">\n<div class=\"wp-block-redtree-standard-card is-style-style-1 rt-mt-default rt-mb-default rt-ml-default rt-mr-default rt-pt-default rt-pb-default rt-pl-default rt-pr-default\"><div class=\"rt-standard-card\"><a class=\"rt-standard-card--card-link\" href=\"\/team\/\" target=\"_self\" rel=\"noopener noreferrer\"><\/a><div class=\"rt-standard-card--background\" style=\"background-color:;opacity:1\"><\/div><div class=\"rt-standard-card--content-container\">\n<h3 class=\"wp-block-heading has-gradient-1-color has-text-color has-link-color wp-elements-0ed461da50de65892f2368f897704e82\">Unser Volk<\/h3>\n\n\n\n<p>Wir sind stolz darauf, branchenf\u00fchrende Talente zu verpflichten und sie durch erstklassige Schulungen zu f\u00f6rdern. Das Ergebnis: erstklassiges Fachwissen, hervorragender Service und weltweit anerkannte Leistungen. <\/p>\n<\/div><div class=\"rt-standard-card--btn-container\"><div class=\"rt-standard-card--btn-container--btn\" href=\"#\"><svg xmlns=\"http:\/\/www.w3.org\/2000\/svg\" width=\"136\" height=\"81\" fill=\"none\" viewbox=\"0 0 136 81\"><path fill=\"#02AE5C\" d=\"M0 81h136V0L0 81z\"><\/path><\/svg><\/div><\/div><\/div><\/div>\n<\/div><\/div>\n\n\n\n<div data-xl-column-start=\"0\" data-xl-column-end=\"6\" data-lg-column-start=\"0\" data-lg-column-end=\"6\" data-md-column-start=\"0\" data-md-column-end=\"6\" data-sm-column-start=\"0\" data-sm-column-end=\"12\" data-xs-column-start=\"0\" data-xs-column-end=\"12\" data-xl-row-start=\"0\" data-xl-row-end=\"0\" data-lg-row-start=\"0\" data-lg-row-end=\"0\" data-md-row-start=\"0\" data-md-row-end=\"0\" data-sm-row-start=\"0\" data-sm-row-end=\"0\" data-xs-row-start=\"0\" data-xs-row-end=\"0\" data-vertical-align=\"top\" class=\"wp-block-redtree-grid-layout-column rt-mt-default rt-mb-default rt-ml-default rt-mr-default rt-pt-default rt-pb-default rt-pl-default rt-pr-default\"><div class=\"wp-block-redtree-grid-layout-column--inner\">\n<div class=\"wp-block-redtree-standard-card is-style-style-1 rt-mt-default rt-mb-default rt-ml-default rt-mr-default rt-pt-default rt-pb-default rt-pl-default rt-pr-default\"><div class=\"rt-standard-card\"><a class=\"rt-standard-card--card-link\" href=\"\/associations\/\" target=\"_self\" rel=\"noopener noreferrer\"><\/a><div class=\"rt-standard-card--background\" style=\"background-color:;opacity:1\"><\/div><div class=\"rt-standard-card--content-container\">\n<h3 class=\"wp-block-heading has-gradient-1-color has-text-color has-link-color wp-elements-3c2aa512a19ee16e1e9db3e5bff5b0fa\">Unsere Verb\u00e4nde<\/h3>\n\n\n\n<p>Die Mitglieder des CAI-Teams sind in fast 30 Fachverb\u00e4nden aktiv und haben durch Organisationen wie ASHRAE, ASTM, BCA und ISPE dazu beigetragen, strenge Industrierichtlinien zu erstellen.&nbsp;<\/p>\n<\/div><div class=\"rt-standard-card--btn-container\"><div class=\"rt-standard-card--btn-container--btn\" href=\"#\"><svg xmlns=\"http:\/\/www.w3.org\/2000\/svg\" width=\"136\" height=\"81\" fill=\"none\" viewbox=\"0 0 136 81\"><path fill=\"#02AE5C\" d=\"M0 81h136V0L0 81z\"><\/path><\/svg><\/div><\/div><\/div><\/div>\n<\/div><\/div>\n\n\n\n<div data-xl-column-start=\"0\" data-xl-column-end=\"12\" data-lg-column-start=\"0\" data-lg-column-end=\"12\" data-md-column-start=\"0\" data-md-column-end=\"12\" data-sm-column-start=\"0\" data-sm-column-end=\"12\" data-xs-column-start=\"0\" data-xs-column-end=\"12\" data-xl-row-start=\"0\" data-xl-row-end=\"0\" data-lg-row-start=\"0\" data-lg-row-end=\"0\" data-md-row-start=\"0\" data-md-row-end=\"0\" data-sm-row-start=\"0\" data-sm-row-end=\"0\" data-xs-row-start=\"0\" data-xs-row-end=\"0\" data-vertical-align=\"top\" class=\"wp-block-redtree-grid-layout-column rt-mt-default rt-mb-default rt-ml-default rt-mr-default rt-pt-default rt-pb-default rt-pl-default rt-pr-default\"><div class=\"wp-block-redtree-grid-layout-column--inner\">\n<div class=\"wp-block-redtree-standard-card alignfull is-style-style-1 rt-mt-default rt-mb-default rt-ml-default rt-mr-default rt-pt-default rt-pb-default rt-pl-default rt-pr-default\"><div class=\"rt-standard-card\"><div class=\"rt-standard-card--background\" style=\"background-color:;opacity:1\"><\/div><div class=\"rt-standard-card--image-container\" data-with-mask=\"true\"><img decoding=\"async\" src=\"https:\/\/caiready.com\/wp-content\/uploads\/2024\/10\/drug-manufacturing-process-conveyer.webp\" alt=\"\" style=\"opacity:1\"><\/div><div class=\"rt-standard-card--content-container\">\n<h3 class=\"wp-block-heading has-gradient-1-color has-text-color has-link-color wp-elements-a433b5633d52ed428299caebb13e40e9\">Unsere Erfahrung<\/h3>\n\n\n\n<p>Wir zeichnen uns in technisch anspruchsvollen, stark regulierten Umgebungen aus und begleiten die f\u00fchrenden Unternehmen in den Bereichen Life Sciences und Mission Critical mit jahrzehntelanger, beispielloser Erfahrung.<\/p>\n\n\n\n<div class=\"wp-block-buttons is-layout-flex wp-block-buttons-is-layout-flex\">\n<div class=\"wp-block-button is-style-outline is-button-arrow rt-button-shape-default is-style-outline--1\"><a class=\"wp-block-button__link wp-element-button\" href=\"\/life-sciences\/\">Biowissenschaften<\/a><\/div>\n\n\n\n<div class=\"wp-block-button is-style-outline is-button-arrow rt-button-shape-default is-style-outline--2\"><a class=\"wp-block-button__link wp-element-button\" href=\"\/mission-critical\/\">Einsatzkritisch<\/a><\/div>\n<\/div>\n<\/div><\/div><\/div>\n<\/div><\/div>\n<\/div><\/div>\n<\/div><\/div>\n\n\n\n<div class=\"wp-block-redtree-background alignfull is-style-overlay-1 rt-mt-default rt-mb-default rt-ml-default rt-mr-default rt-pt-lg rt-pb-lg rt-pl-default rt-pr-default\"><div class=\"wp-block-redtree-background--overlay\" style=\"background-color:\"><\/div><div class=\"wp-block-redtree-background--image\"><\/div><div class=\"wp-block-redtree-background--content\">\n<div class=\"wp-block-redtree-grid-layout alignwide rt-mt-default rt-mb-default rt-ml-default rt-mr-default rt-pt-default rt-pb-default rt-pl-default rt-pr-default\"><div class=\"rt-12-column-grid\">\n<div data-xl-column-start=\"0\" data-xl-column-end=\"6\" data-lg-column-start=\"0\" data-lg-column-end=\"6\" data-md-column-start=\"0\" data-md-column-end=\"6\" data-sm-column-start=\"0\" data-sm-column-end=\"12\" data-xs-column-start=\"0\" data-xs-column-end=\"12\" data-xl-row-start=\"0\" data-xl-row-end=\"0\" data-lg-row-start=\"0\" data-lg-row-end=\"0\" data-md-row-start=\"0\" data-md-row-end=\"0\" data-sm-row-start=\"0\" data-sm-row-end=\"0\" data-xs-row-start=\"0\" data-xs-row-end=\"0\" data-vertical-align=\"top\" class=\"wp-block-redtree-grid-layout-column rt-mt-default rt-mb-default rt-ml-default rt-mr-default rt-pt-default rt-pb-default rt-pl-default rt-pr-default\"><div class=\"wp-block-redtree-grid-layout-column--inner\">\n<h2 class=\"wp-block-heading has-gradient-1-color has-text-color has-link-color wp-elements-b9728e890fad394578260d93f4d148b3\">Unser Unternehmen, Ihre Partner<\/h2>\n<\/div><\/div>\n\n\n\n<div data-xl-column-start=\"0\" data-xl-column-end=\"6\" data-lg-column-start=\"0\" data-lg-column-end=\"6\" data-md-column-start=\"0\" data-md-column-end=\"6\" data-sm-column-start=\"0\" data-sm-column-end=\"12\" data-xs-column-start=\"0\" data-xs-column-end=\"12\" data-xl-row-start=\"0\" data-xl-row-end=\"0\" data-lg-row-start=\"0\" data-lg-row-end=\"0\" data-md-row-start=\"0\" data-md-row-end=\"0\" data-sm-row-start=\"0\" data-sm-row-end=\"0\" data-xs-row-start=\"0\" data-xs-row-end=\"0\" data-vertical-align=\"top\" class=\"wp-block-redtree-grid-layout-column rt-mt-default rt-mb-default rt-ml-default rt-mr-default rt-pt-default rt-pb-default rt-pl-default rt-pr-default\"><div class=\"wp-block-redtree-grid-layout-column--inner\">\n<h3 class=\"wp-block-heading has-core-color has-text-color has-link-color wp-elements-24830d55a0b12cdf2d8fab699c3d4056\">Eine Geschichte der Exzellenz<\/h3>\n\n\n\n<p>Wir sind ein professionelles Dienstleistungsunternehmen f\u00fcr die Branchen Life Sciences und Mission Critical, das auf Fachwissen aufbaut. Seit 1996 stehen wir an vorderster Front, wenn es um lebensver\u00e4ndernde Produkte der renommiertesten Unternehmen und Hersteller in zahlreichen regulierten Branchen geht. <\/p>\n\n\n\n<p><br>Durch unser best\u00e4ndiges Wachstum mit Hunderten von Kunden und Tausenden von Projekten sind wir zu 100 % im Besitz unserer Mitarbeiter geblieben, um uns ausschlie\u00dflich auf hervorragende Kundenergebnisse zu konzentrieren &#8211; und nicht auf Aktienkurse.<\/p>\n\n\n\n<h3 class=\"wp-block-heading has-core-color has-text-color has-link-color wp-elements-325f25fc91df41a75102474f64c7cf1d\">DEI bei CAI<\/h3>\n\n\n\n<p>Wir haben eine einfache \u00dcberzeugung: Vielf\u00e4ltige Teams sind hochleistungsf\u00e4hige Teams.\nWir bei CAI versprechen, dass wir fair und gerecht f\u00fcr alle arbeiten.\nWir haben uns verpflichtet, unsere Grundprinzipien zu leben:  <\/p>\n\n\n\n<p>Wir handeln mit Integrit\u00e4t.<br>Wir dienen uns gegenseitig.<br>Wir dienen der Gesellschaft.<br>Wir arbeiten f\u00fcr unsere Zukunft.<\/p>\n\n\n\n<h3 class=\"wp-block-heading has-core-color has-text-color has-link-color wp-elements-e16a0e9e7955449c2d8ae30b033604cd\">Eine Kultur des Erfolgs<\/h3>\n\n\n\n<p>Wir existieren aus einem einzigen Grund: Um Ihren Weg zum Erfolg zu beschleunigen. Deshalb konzentrieren wir uns darauf, leistungsstarke und hochqualifizierte Mitarbeiter einzustellen, die sich in den Bereichen Kundenservice, Qualit\u00e4tsstandards und Probleml\u00f6sung auszeichnen. Unsere Unternehmenskultur basiert auf erstklassigem Fachwissen, strategischer Bereitschaft und der Bew\u00e4ltigung von Problemen, bevor sie auftreten.  <\/p>\n<\/div><\/div>\n<\/div><\/div>\n<\/div><\/div>\n\n\n\n<div class=\"wp-block-redtree-background alignfull rt-mt-default rt-mb-default rt-ml-default rt-mr-default rt-pt-lg rt-pb-lg rt-pl-default rt-pr-default\"><div class=\"wp-block-redtree-background--overlay\" style=\"background-color:\"><\/div><div class=\"wp-block-redtree-background--image\"><img decoding=\"async\" src=\"https:\/\/caiready.com\/wp-content\/uploads\/2024\/09\/dna-bg.webp\" alt=\"\" style=\"opacity:1;left:0%;top:0%\"><\/div><div class=\"wp-block-redtree-background--content\">\n<h2 class=\"wp-block-heading alignwide has-core-color has-text-color has-link-color wp-elements-4db090756209553b1d3525d85d40f155\">Wir f\u00fchren Sie in die Zukunft<\/h2>\n\n\n\n<div class=\"wp-block-redtree-grid-layout alignwide rt-mt-sm rt-mb-default rt-ml-default rt-mr-default rt-pt-default rt-pb-default rt-pl-default rt-pr-default\"><div class=\"rt-12-column-grid\">\n<div data-xl-column-start=\"0\" data-xl-column-end=\"12\" data-lg-column-start=\"0\" data-lg-column-end=\"12\" data-md-column-start=\"0\" data-md-column-end=\"12\" data-sm-column-start=\"0\" data-sm-column-end=\"12\" data-xs-column-start=\"0\" data-xs-column-end=\"12\" data-xl-row-start=\"0\" data-xl-row-end=\"0\" data-lg-row-start=\"0\" data-lg-row-end=\"0\" data-md-row-start=\"0\" data-md-row-end=\"0\" data-sm-row-start=\"0\" data-sm-row-end=\"0\" data-xs-row-start=\"0\" data-xs-row-end=\"0\" data-vertical-align=\"top\" class=\"wp-block-redtree-grid-layout-column rt-mt-default rt-mb-default rt-ml-default rt-mr-default rt-pt-default rt-pb-default rt-pl-default rt-pr-default\"><div class=\"wp-block-redtree-grid-layout-column--inner\">\n<div class=\"wp-block-redtree-standard-card alignfull is-style-style-1 rt-mt-default rt-mb-default rt-ml-default rt-mr-default rt-pt-default rt-pb-default rt-pl-default rt-pr-default\"><div class=\"rt-standard-card\"><div class=\"rt-standard-card--background\" style=\"background-color:;opacity:1\"><\/div><div class=\"rt-standard-card--image-container\" data-with-mask=\"true\"><img decoding=\"async\" src=\"https:\/\/caiready.com\/wp-content\/uploads\/2024\/10\/high-tech-factory-engineers-talk-and-use-computer.webp\" alt=\"\" style=\"opacity:1\"><\/div><div class=\"rt-standard-card--content-container\">\n<h3 class=\"wp-block-heading has-gradient-1-color has-text-color has-link-color wp-elements-2dc1963d237835ea6bd2654d6d57baa2\">Digitale Transformation<\/h3>\n\n\n\n<p>Wir f\u00f6rdern den Erfolg durch den Einsatz von Spitzentechnologien. Unsere strategischen Partnerschaften sorgen daf\u00fcr, dass wir an der Spitze der Innovation stehen und unseren Kunden operative Bereitschaft und Exzellenz erm\u00f6glichen. <\/p>\n\n\n\n<div class=\"wp-block-buttons is-layout-flex wp-block-buttons-is-layout-flex\">\n<div class=\"wp-block-button is-style-outline is-button-arrow rt-button-shape-default is-style-outline--3\"><a class=\"wp-block-button__link wp-element-button\" href=\"\/life-sciences\/innovation\/\">Unsere Innovationen<\/a><\/div>\n\n\n\n<div class=\"wp-block-button is-style-outline is-button-arrow rt-button-shape-default is-style-outline--4\"><a class=\"wp-block-button__link wp-element-button\" href=\"\/partnerships\/\">Unsere Partnerschaften<\/a><\/div>\n<\/div>\n<\/div><\/div><\/div>\n<\/div><\/div>\n\n\n\n<div data-xl-column-start=\"0\" data-xl-column-end=\"6\" data-lg-column-start=\"0\" data-lg-column-end=\"6\" data-md-column-start=\"0\" data-md-column-end=\"6\" data-sm-column-start=\"0\" data-sm-column-end=\"12\" data-xs-column-start=\"0\" data-xs-column-end=\"12\" data-xl-row-start=\"0\" data-xl-row-end=\"0\" data-lg-row-start=\"0\" data-lg-row-end=\"0\" data-md-row-start=\"0\" data-md-row-end=\"0\" data-sm-row-start=\"0\" data-sm-row-end=\"0\" data-xs-row-start=\"0\" data-xs-row-end=\"0\" data-vertical-align=\"top\" class=\"wp-block-redtree-grid-layout-column rt-mt-default rt-mb-default rt-ml-default rt-mr-default rt-pt-default rt-pb-default rt-pl-default rt-pr-default\"><div class=\"wp-block-redtree-grid-layout-column--inner\">\n<div class=\"wp-block-redtree-standard-card is-style-style-1 rt-mt-default rt-mb-default rt-ml-default rt-mr-default rt-pt-default rt-pb-default rt-pl-default rt-pr-default\"><div class=\"rt-standard-card\" data-card-mask=\"true\"><div class=\"rt-standard-card--background\" style=\"background-color:;opacity:1\"><\/div><div class=\"rt-standard-card--content-container\">\n<h3 class=\"wp-block-heading has-gradient-1-color has-text-color has-link-color wp-elements-3c3f9958bd1bce31bd9b65a7adbc0c1a\">Globale Auswirkungen<\/h3>\n\n\n\n<p>Mit Standorten in mehr als einem Dutzend internationaler Niederlassungen ist unsere Expertise weltweit anerkannt. Wenn Branchenf\u00fchrer eine beschleunigte Einsatzbereitschaft und operative Exzellenz ben\u00f6tigen, wenden sie sich an CAI. <\/p>\n<\/div><\/div><\/div>\n<\/div><\/div>\n\n\n\n<div data-xl-column-start=\"0\" data-xl-column-end=\"6\" data-lg-column-start=\"0\" data-lg-column-end=\"6\" data-md-column-start=\"0\" data-md-column-end=\"6\" data-sm-column-start=\"0\" data-sm-column-end=\"12\" data-xs-column-start=\"0\" data-xs-column-end=\"12\" data-xl-row-start=\"0\" data-xl-row-end=\"0\" data-lg-row-start=\"0\" data-lg-row-end=\"0\" data-md-row-start=\"0\" data-md-row-end=\"0\" data-sm-row-start=\"0\" data-sm-row-end=\"0\" data-xs-row-start=\"0\" data-xs-row-end=\"0\" data-vertical-align=\"top\" class=\"wp-block-redtree-grid-layout-column rt-mt-default rt-mb-default rt-ml-default rt-mr-default rt-pt-default rt-pb-default rt-pl-default rt-pr-default\"><div class=\"wp-block-redtree-grid-layout-column--inner\">\n<div class=\"wp-block-redtree-standard-card is-style-style-1 rt-mt-default rt-mb-default rt-ml-default rt-mr-default rt-pt-default rt-pb-default rt-pl-default rt-pr-default\"><div class=\"rt-standard-card\" data-card-mask=\"true\"><div class=\"rt-standard-card--background\" style=\"background-color:;opacity:1\"><\/div><div class=\"rt-standard-card--content-container\">\n<h3 class=\"wp-block-heading has-gradient-1-color has-text-color has-link-color wp-elements-15c1f9b8e32ab07dbd8ff540c21c830b\">Nachhaltigkeit<\/h3>\n\n\n\n<p>Nachhaltigkeit ist in alle CAI-B\u00fcros, Betriebsabl\u00e4ufe und Kundenbem\u00fchungen eingeflochten. Durch die Kombination der besten Praktiken von LEED, California Title 24, Green Buildings, Net Zero Energy Building und alternativen Energiel\u00f6sungen steigern wir die Effizienz und halten gleichzeitig die Vorschriften ein. <\/p>\n<\/div><\/div><\/div>\n<\/div><\/div>\n<\/div><\/div>\n<\/div><\/div>\n\n\n\n<div class=\"wp-block-redtree-background alignfull rt-mt-default rt-mb-default rt-ml-default rt-mr-default rt-pt-default rt-pb-default rt-pl-default rt-pr-default\"><div class=\"wp-block-redtree-background--overlay\" style=\"background-color:#063176\"><\/div><div class=\"wp-block-redtree-background--image\"><\/div><div class=\"wp-block-redtree-background--content\">\n<div class=\"wp-block-redtree-media-content alignwide rt-mt-default rt-mb-default rt-ml-default rt-mr-default rt-pt-default rt-pb-default rt-pl-default rt-pr-default\"><div class=\"wp-block-redtree-media-content--inner media-position--left\" data-type=\"single-media\"><div class=\"wp-block-redtree-media-content--media\"><svg class=\"single-image-mask-lg\" xmlns=\"http:\/\/www.w3.org\/2000\/svg\" width=\"700\" height=\"450\" fill=\"none\" viewbox=\"0 24 700 450\"><defs><mask id=\"img-mask\" width=\"728\" height=\"552\" x=\"0\" y=\"0\" maskunits=\"userSpaceOnUse\"><path fill=\"#fff\" d=\"M479 526.045l225-129.913V23H0v503.045h479z\" class=\"image-mask\"><\/path><\/mask><filter id=\"filter0_d_834_2131\" width=\"752\" height=\"551.045\" x=\"-24\" y=\"0\" color-interpolation-filters=\"sRGB\" filterunits=\"userSpaceOnUse\"><feflood flood-opacity=\"0\" result=\"BackgroundImageFix\"\/><fecolormatrix in=\"SourceAlpha\" result=\"hardAlpha\" values=\"0 0 0 0 0 0 0 0 0 0 0 0 0 0 0 0 0 0 127 0\"\/><feoffset dy=\"1\"\/><fegaussianblur stddeviation=\"12\"\/><fecomposite in2=\"hardAlpha\" operator=\"out\"\/><fecolormatrix values=\"0 0 0 0 0.0784314 0 0 0 0 0.0784314 0 0 0 0 0.0784314 0 0 0 0.08 0\"\/><feblend in2=\"BackgroundImageFix\" result=\"effect1_dropShadow_834_2131\"\/><feblend in=\"SourceGraphic\" in2=\"effect1_dropShadow_834_2131\" result=\"shape\"\/><\/filter><\/defs><g filter=\"url(#filter0_d_834_2131)\"><image width=\"700\" height=\"475\" href=\"https:\/\/caiready.com\/wp-content\/uploads\/2024\/10\/woman-scientist-glasses.webp\" mask=\"url(#img-mask)\" preserveaspectratio=\"xMidYMid slice\"\/><\/g><\/svg><\/div><div class=\"wp-block-redtree-media-content--content\">\n<h2 class=\"wp-block-heading has-rt-white-color has-text-color has-link-color wp-elements-0885610534c0432309770d9c7bf58445\">Werden Sie Mitglied unseres Teams<\/h2>\n\n\n\n<p class=\"has-rt-white-color has-text-color has-link-color wp-elements-4c34b081d8f9ee23e5d974d4ece300d4\">Sind Sie bereit, eine f\u00fchrende Rolle in der globalen Innovation zu \u00fcbernehmen? Arbeiten Sie mit den Besten und Kl\u00fcgsten der Branche zusammen. <\/p>\n\n\n\n<div class=\"wp-block-buttons is-layout-flex wp-block-buttons-is-layout-flex\">\n<div class=\"wp-block-button is-style-outline is-button-arrow rt-button-shape-default is-style-outline--5\"><a class=\"wp-block-button__link has-rt-white-background-color has-background wp-element-button\" href=\"\/careers\/\">Mitmachen<\/a><\/div>\n<\/div>\n<\/div><\/div><\/div>\n<\/div><\/div>\n","protected":false},"excerpt":{"rendered":"","protected":false},"author":1,"featured_media":0,"parent":0,"menu_order":0,"comment_status":"closed","ping_status":"closed","template":"","meta":{"_acf_changed":false,"footnotes":""},"class_list":["post-359534","page","type-page","status-publish","hentry"],"acf":[],"featured_image_src":null,"featured_image_src_square":null,"_links":{"self":[{"href":"https:\/\/caiready.com\/de\/wp-json\/wp\/v2\/pages\/359534","targetHints":{"allow":["GET"]}}],"collection":[{"href":"https:\/\/caiready.com\/de\/wp-json\/wp\/v2\/pages"}],"about":[{"href":"https:\/\/caiready.com\/de\/wp-json\/wp\/v2\/types\/page"}],"author":[{"embeddable":true,"href":"https:\/\/caiready.com\/de\/wp-json\/wp\/v2\/users\/1"}],"replies":[{"embeddable":true,"href":"https:\/\/caiready.com\/de\/wp-json\/wp\/v2\/comments?post=359534"}],"version-history":[{"count":0,"href":"https:\/\/caiready.com\/de\/wp-json\/wp\/v2\/pages\/359534\/revisions"}],"wp:attachment":[{"href":"https:\/\/caiready.com\/de\/wp-json\/wp\/v2\/media?parent=359534"}],"curies":[{"name":"wp","href":"https:\/\/api.w.org\/{rel}","templated":true}]}}